{"id":5186,"date":"2025-02-07T13:17:45","date_gmt":"2025-02-07T13:17:45","guid":{"rendered":"https:\/\/arriolafiol.com\/accessibilitat\/"},"modified":"2025-07-15T06:49:02","modified_gmt":"2025-07-15T06:49:02","slug":"accessibilitat","status":"publish","type":"page","link":"https:\/\/arriolafiol.com\/ca\/accessibilitat\/","title":{"rendered":"Accessibilitat"},"content":{"rendered":"\t\t<div data-elementor-type=\"wp-post\" data-elementor-id=\"5186\" class=\"elementor elementor-5186 elementor-160\" data-elementor-post-type=\"page\">\n\t\t\t\t<div class=\"elementor-element elementor-element-bc6b410 e-con-full e-flex e-con e-parent\" data-id=\"bc6b410\" data-element_type=\"container\" data-e-type=\"container\">\n\t\t<div class=\"elementor-element elementor-element-f1d6996 e-con-full e-flex e-con e-child\" data-id=\"f1d6996\" data-element_type=\"container\" data-e-type=\"container\">\n\t\t\t\t<div class=\"elementor-element elementor-element-ff234f6 elementor-widget elementor-widget-heading\" data-id=\"ff234f6\" data-element_type=\"widget\" data-e-type=\"widget\" data-widget_type=\"heading.default\">\n\t\t\t\t<div class=\"elementor-widget-container\">\n\t\t\t\t\t<h2 class=\"elementor-heading-title elementor-size-default\">Accessibilitat<\/h2>\t\t\t\t<\/div>\n\t\t\t\t<\/div>\n\t\t\t\t<div class=\"elementor-element elementor-element-7261f37 enlaces elementor-widget elementor-widget-text-editor\" data-id=\"7261f37\" data-element_type=\"widget\" data-e-type=\"widget\" data-widget_type=\"text-editor.default\">\n\t\t\t\t<div class=\"elementor-widget-container\">\n\t\t\t\t\t\t\t\t\t<p>ARRIOLA I FIOL ARQUITECTES, SCP es compromet a fer accessible la seva p\u00e0gina web d&#8217;acord amb <a class=\"ext\" href=\"https:\/\/www.boe.es\/diario_boe\/txt.php?id=BOE-A-2018-12699\" target=\"_blank\" rel=\"noopener noreferrer\" data-extlink=\"\" data-insuit-uuid=\"06b55ca3-c663-49c7-a5e8-7deb8b8fc015\">el Reial Decret 1112\/2018, de 7 de setembre, sobre accessibilitat dels llocs web i aplicacions per a dispositius m\u00f2bils del sector p\u00fablic.<\/a><\/p><p>Aquesta declaraci\u00f3 d&#8217;accessibilitat s&#8217;aplica al lloc web <a href=\"https:\/\/arriolafiol.com\/ca\/\">arriolafiol.com<\/a> .<\/p>\t\t\t\t\t\t\t\t<\/div>\n\t\t\t\t<\/div>\n\t\t\t\t<div class=\"elementor-element elementor-element-0af4f89 elementor-widget elementor-widget-heading\" data-id=\"0af4f89\" data-element_type=\"widget\" data-e-type=\"widget\" data-widget_type=\"heading.default\">\n\t\t\t\t<div class=\"elementor-widget-container\">\n\t\t\t\t\t<h2 class=\"elementor-heading-title elementor-size-default\">Estat de compliment<\/h2>\t\t\t\t<\/div>\n\t\t\t\t<\/div>\n\t\t\t\t<div class=\"elementor-element elementor-element-f19d711 enlaces elementor-widget elementor-widget-text-editor\" data-id=\"f19d711\" data-element_type=\"widget\" data-e-type=\"widget\" data-widget_type=\"text-editor.default\">\n\t\t\t\t<div class=\"elementor-widget-container\">\n\t\t\t\t\t\t\t\t\t<p>Aquest lloc web compleix parcialment amb <a class=\"ext\" href=\"https:\/\/www.boe.es\/diario_boe\/txt.php?id=BOE-A-2018-12699\" target=\"_blank\" rel=\"noopener noreferrer\" data-extlink=\"\" data-insuit-uuid=\"ca8ecb6f-6f37-4b01-8854-bb095d57c27a\">el RD 1112\/2018<\/a> a causa de les excepcions i l&#8217;incompliment dels aspectes indicats en el punt seg\u00fcent.<\/p>\t\t\t\t\t\t\t\t<\/div>\n\t\t\t\t<\/div>\n\t\t\t\t<div class=\"elementor-element elementor-element-9ebd20c elementor-widget elementor-widget-heading\" data-id=\"9ebd20c\" data-element_type=\"widget\" data-e-type=\"widget\" data-widget_type=\"heading.default\">\n\t\t\t\t<div class=\"elementor-widget-container\">\n\t\t\t\t\t<h2 class=\"elementor-heading-title elementor-size-default\">Contingut no accessible<\/h2>\t\t\t\t<\/div>\n\t\t\t\t<\/div>\n\t\t\t\t<div class=\"elementor-element elementor-element-aaee0b8 elementor-widget elementor-widget-text-editor\" data-id=\"aaee0b8\" data-element_type=\"widget\" data-e-type=\"widget\" data-widget_type=\"text-editor.default\">\n\t\t\t\t<div class=\"elementor-widget-container\">\n\t\t\t\t\t\t\t\t\t<p>El contingut seg\u00fcent no \u00e9s accessible pels motius seg\u00fcents:<\/p><p>Incompliment del RD 1112\/2018:<\/p><p>Podria haver-hi documents d&#8217;oficina en PDF i altres formats publicats despr\u00e9s del 20 de setembre de 2018 que no compleixin completament els requisits d&#8217;accessibilitat. Es poden sol\u00b7licitar documents totalment accessibles des del formulari de contacte per formalitzar queixes i consultes. <\/p><p>Pot haver-hi errors ocasionals d&#8217;edici\u00f3 del codi en algunes p\u00e0gines web. [4.1.1 Processament] <\/p><p>C\u00e0rrega desproporcionada:<\/p><p>No aplicable.<\/p><p>El contingut no entra dins l&#8217;\u00e0mbit d&#8217;aplicaci\u00f3 de la legislaci\u00f3 aplicable:<\/p><p>Pot haver-hi fitxers d&#8217;oficina en PDF o altres formats publicats abans del 20 de setembre de 2018 que no compleixin completament tots els requisits d&#8217;accessibilitat. No obstant aix\u00f2, s&#8217;han fet esfor\u00e7os per garantir que la majoria s\u00ed que ho facin. <\/p>\t\t\t\t\t\t\t\t<\/div>\n\t\t\t\t<\/div>\n\t\t\t\t<div class=\"elementor-element elementor-element-df76d9d elementor-widget elementor-widget-heading\" data-id=\"df76d9d\" data-element_type=\"widget\" data-e-type=\"widget\" data-widget_type=\"heading.default\">\n\t\t\t\t<div class=\"elementor-widget-container\">\n\t\t\t\t\t<h2 class=\"elementor-heading-title elementor-size-default\">Preparaci\u00f3 per a la propera declaraci\u00f3 d'accessibilitat<\/h2>\t\t\t\t<\/div>\n\t\t\t\t<\/div>\n\t\t\t\t<div class=\"elementor-element elementor-element-cc6cdf7 enlaces elementor-widget elementor-widget-text-editor\" data-id=\"cc6cdf7\" data-element_type=\"widget\" data-e-type=\"widget\" data-widget_type=\"text-editor.default\">\n\t\t\t\t<div class=\"elementor-widget-container\">\n\t\t\t\t\t\t\t\t\t<p>Aquesta declaraci\u00f3 es va preparar el 28 de juny de 2021.<\/p><p>El m\u00e8tode utilitzat per elaborar la declaraci\u00f3 ha estat una autoavaluaci\u00f3 duta a terme per la mateixa ag\u00e8ncia.<\/p><p>Comentaris i dades de contacte<\/p><p>Podeu fer comunicacions (a trav\u00e9s de les dades de contacte que es faciliten al lloc web) sobre els requisits d&#8217;accessibilitat (article 10.2.a del RD 1112\/2018) com ara, per exemple:<\/p><p>Informeu de qualsevol possible incompliment per part d&#8217;aquest lloc web<br> Transmetre altres dificultats per accedir al contingut<br> Formular qualsevol altra consulta o suggeriment de millora relacionat amb l&#8217;accessibilitat del lloc web.<\/p><p>Podeu enviar:<\/p><p>Reclamaci\u00f3 relativa al compliment dels requisits del RD 1112\/2018 o<br> Sol\u00b7licitud d&#8217;informaci\u00f3 accessible relacionada amb:<br> Continguts que queden exclosos de l&#8217;\u00e0mbit d&#8217;aplicaci\u00f3 del RD 1112\/2018 segons el que estableix l&#8217;article 3, apartat 4<br> Continguts que estan exempts del compliment dels requisits d&#8217;accessibilitat per imposar una c\u00e0rrega desproporcionada.<\/p><p>En la sol\u00b7licitud d&#8217;informaci\u00f3 accessible, s&#8217;han d&#8217;especificar clarament els fets, els motius i la sol\u00b7licitud per tal d&#8217;establir que es tracta d&#8217;una sol\u00b7licitud raonable i leg\u00edtima.<\/p><p>Les queixes i reclamacions relatives a la informaci\u00f3 accessible es presentaran a trav\u00e9s de la seu electr\u00f2nica (queixes i suggeriments gob.es), i seran rebudes i processades per l&#8217;\u00e0rea de Sistemes d&#8217;Informaci\u00f3 de <a href=\"https:\/\/www.red.es\/es\">Red.es.<\/a><\/p>\t\t\t\t\t\t\t\t<\/div>\n\t\t\t\t<\/div>\n\t\t\t\t<div class=\"elementor-element elementor-element-be7e0d5 elementor-widget elementor-widget-heading\" data-id=\"be7e0d5\" data-element_type=\"widget\" data-e-type=\"widget\" data-widget_type=\"heading.default\">\n\t\t\t\t<div class=\"elementor-widget-container\">\n\t\t\t\t\t<h2 class=\"elementor-heading-title elementor-size-default\">Contingut opcional<\/h2>\t\t\t\t<\/div>\n\t\t\t\t<\/div>\n\t\t\t\t<div class=\"elementor-element elementor-element-13665cc elementor-widget elementor-widget-text-editor\" data-id=\"13665cc\" data-element_type=\"widget\" data-e-type=\"widget\" data-widget_type=\"text-editor.default\">\n\t\t\t\t<div class=\"elementor-widget-container\">\n\t\t\t\t\t\t\t\t\t<p>Aquest portal est\u00e0 dissenyat per poder canviar la mida i el color del text, aix\u00ed com el fons de la p\u00e0gina mitjan\u00e7ant les opcions de configuraci\u00f3 est\u00e0ndard dels navegadors.<\/p><p>Si voleu canviar la mida de la lletra del text als principals navegadors gr\u00e0fics, feu servir els men\u00fas seg\u00fcents:<\/p><p>Internet Explorer, Mozilla i Firefox: Visualitzaci\u00f3 \u2013 Mida del text<\/p><p>\u00d2pera: Visualitzaci\u00f3 \u2013 Zoom<\/p><p>Safari: Visualitzaci\u00f3 \u2013 Augmenta la mida del text<\/p><p>Chrome: Controla la p\u00e0gina actual \u2013 Mida del text<\/p><p>Per canviar la mida de tot el que hi ha a la p\u00e0gina:<\/p><ul><li>Ctrl + + per augmentar-ho<\/li><li>Ctrl + \u2013 per disminuir-lo<\/li><li>Ctrl + 0 restaura la mida original del text<\/li><\/ul><p>Si voleu sobreescriure el full d&#8217;estil o canviar el color del text, podeu consultar la p\u00e0gina Com canviar la mida o els colors del text de la WAI, que es pot llegir en angl\u00e8s a \u00bfC\u00f3mo cambiar la mida del texto o los colores?<\/p>\t\t\t\t\t\t\t\t<\/div>\n\t\t\t\t<\/div>\n\t\t\t\t<\/div>\n\t\t\t\t<\/div>\n\t\t\t\t<\/div>\n\t\t","protected":false},"excerpt":{"rendered":"<p>Accessibilitat ARRIOLA I FIOL ARQUITECTES, SCP es compromet a fer accessible la seva p\u00e0gina web d&#8217;acord amb el Reial Decret 1112\/2018, de 7 de setembre, sobre accessibilitat dels llocs web i aplicacions per a dispositius m\u00f2bils del sector p\u00fablic. Aquesta declaraci\u00f3 d&#8217;accessibilitat s&#8217;aplica al lloc web arriolafiol.com . Estat de compliment Aquest lloc web compleix [&hellip;]<\/p>\n","protected":false},"author":1,"featured_media":0,"parent":0,"menu_order":0,"comment_status":"closed","ping_status":"closed","template":"elementor_header_footer","meta":{"_acf_changed":false,"footnotes":""},"class_list":["post-5186","page","type-page","status-publish","hentry"],"acf":[],"yoast_head":"<!-- This site is optimized with the Yoast SEO plugin v27.3 - https:\/\/yoast.com\/product\/yoast-seo-wordpress\/ -->\n<title>Accessibilitat - Arriola &amp; Fiol<\/title>\n<meta name=\"robots\" content=\"index, follow, max-snippet:-1, max-image-preview:large, max-video-preview:-1\" \/>\n<link rel=\"canonical\" href=\"https:\/\/arriolafiol.com\/ca\/accessibilitat\/\" \/>\n<meta property=\"og:locale\" content=\"ca_ES\" \/>\n<meta property=\"og:type\" content=\"article\" \/>\n<meta property=\"og:title\" content=\"Accessibilitat - Arriola &amp; Fiol\" \/>\n<meta property=\"og:description\" content=\"Accessibilitat ARRIOLA I FIOL ARQUITECTES, SCP es compromet a fer accessible la seva p\u00e0gina web d&#8217;acord amb el Reial Decret 1112\/2018, de 7 de setembre, sobre accessibilitat dels llocs web i aplicacions per a dispositius m\u00f2bils del sector p\u00fablic. Aquesta declaraci\u00f3 d&#8217;accessibilitat s&#8217;aplica al lloc web arriolafiol.com . Estat de compliment Aquest lloc web compleix [&hellip;]\" \/>\n<meta property=\"og:url\" content=\"https:\/\/arriolafiol.com\/ca\/accessibilitat\/\" \/>\n<meta property=\"og:site_name\" content=\"Arriola &amp; Fiol\" \/>\n<meta property=\"article:modified_time\" content=\"2025-07-15T06:49:02+00:00\" \/>\n<meta name=\"twitter:card\" content=\"summary_large_image\" \/>\n<meta name=\"twitter:label1\" content=\"Temps estimat de lectura\" \/>\n\t<meta name=\"twitter:data1\" content=\"3 minuts\" \/>\n<script type=\"application\/ld+json\" class=\"yoast-schema-graph\">{\"@context\":\"https:\\\/\\\/schema.org\",\"@graph\":[{\"@type\":\"WebPage\",\"@id\":\"https:\\\/\\\/arriolafiol.com\\\/ca\\\/accessibilitat\\\/\",\"url\":\"https:\\\/\\\/arriolafiol.com\\\/ca\\\/accessibilitat\\\/\",\"name\":\"Accessibilitat - Arriola &amp; Fiol\",\"isPartOf\":{\"@id\":\"https:\\\/\\\/arriolafiol.com\\\/ca\\\/#website\"},\"datePublished\":\"2025-02-07T13:17:45+00:00\",\"dateModified\":\"2025-07-15T06:49:02+00:00\",\"breadcrumb\":{\"@id\":\"https:\\\/\\\/arriolafiol.com\\\/ca\\\/accessibilitat\\\/#breadcrumb\"},\"inLanguage\":\"ca\",\"potentialAction\":[{\"@type\":\"ReadAction\",\"target\":[\"https:\\\/\\\/arriolafiol.com\\\/ca\\\/accessibilitat\\\/\"]}]},{\"@type\":\"BreadcrumbList\",\"@id\":\"https:\\\/\\\/arriolafiol.com\\\/ca\\\/accessibilitat\\\/#breadcrumb\",\"itemListElement\":[{\"@type\":\"ListItem\",\"position\":1,\"name\":\"Home\",\"item\":\"https:\\\/\\\/arriolafiol.com\\\/ca\\\/inici\\\/\"},{\"@type\":\"ListItem\",\"position\":2,\"name\":\"Accessibilitat\"}]},{\"@type\":\"WebSite\",\"@id\":\"https:\\\/\\\/arriolafiol.com\\\/ca\\\/#website\",\"url\":\"https:\\\/\\\/arriolafiol.com\\\/ca\\\/\",\"name\":\"Arriola &amp; Fiol\",\"description\":\"\",\"potentialAction\":[{\"@type\":\"SearchAction\",\"target\":{\"@type\":\"EntryPoint\",\"urlTemplate\":\"https:\\\/\\\/arriolafiol.com\\\/ca\\\/?s={search_term_string}\"},\"query-input\":{\"@type\":\"PropertyValueSpecification\",\"valueRequired\":true,\"valueName\":\"search_term_string\"}}],\"inLanguage\":\"ca\"}]}<\/script>\n<!-- \/ Yoast SEO plugin. -->","yoast_head_json":{"title":"Accessibilitat - Arriola &amp; Fiol","robots":{"index":"index","follow":"follow","max-snippet":"max-snippet:-1","max-image-preview":"max-image-preview:large","max-video-preview":"max-video-preview:-1"},"canonical":"https:\/\/arriolafiol.com\/ca\/accessibilitat\/","og_locale":"ca_ES","og_type":"article","og_title":"Accessibilitat - Arriola &amp; Fiol","og_description":"Accessibilitat ARRIOLA I FIOL ARQUITECTES, SCP es compromet a fer accessible la seva p\u00e0gina web d&#8217;acord amb el Reial Decret 1112\/2018, de 7 de setembre, sobre accessibilitat dels llocs web i aplicacions per a dispositius m\u00f2bils del sector p\u00fablic. Aquesta declaraci\u00f3 d&#8217;accessibilitat s&#8217;aplica al lloc web arriolafiol.com . Estat de compliment Aquest lloc web compleix [&hellip;]","og_url":"https:\/\/arriolafiol.com\/ca\/accessibilitat\/","og_site_name":"Arriola &amp; Fiol","article_modified_time":"2025-07-15T06:49:02+00:00","twitter_card":"summary_large_image","twitter_misc":{"Temps estimat de lectura":"3 minuts"},"schema":{"@context":"https:\/\/schema.org","@graph":[{"@type":"WebPage","@id":"https:\/\/arriolafiol.com\/ca\/accessibilitat\/","url":"https:\/\/arriolafiol.com\/ca\/accessibilitat\/","name":"Accessibilitat - Arriola &amp; Fiol","isPartOf":{"@id":"https:\/\/arriolafiol.com\/ca\/#website"},"datePublished":"2025-02-07T13:17:45+00:00","dateModified":"2025-07-15T06:49:02+00:00","breadcrumb":{"@id":"https:\/\/arriolafiol.com\/ca\/accessibilitat\/#breadcrumb"},"inLanguage":"ca","potentialAction":[{"@type":"ReadAction","target":["https:\/\/arriolafiol.com\/ca\/accessibilitat\/"]}]},{"@type":"BreadcrumbList","@id":"https:\/\/arriolafiol.com\/ca\/accessibilitat\/#breadcrumb","itemListElement":[{"@type":"ListItem","position":1,"name":"Home","item":"https:\/\/arriolafiol.com\/ca\/inici\/"},{"@type":"ListItem","position":2,"name":"Accessibilitat"}]},{"@type":"WebSite","@id":"https:\/\/arriolafiol.com\/ca\/#website","url":"https:\/\/arriolafiol.com\/ca\/","name":"Arriola &amp; Fiol","description":"","potentialAction":[{"@type":"SearchAction","target":{"@type":"EntryPoint","urlTemplate":"https:\/\/arriolafiol.com\/ca\/?s={search_term_string}"},"query-input":{"@type":"PropertyValueSpecification","valueRequired":true,"valueName":"search_term_string"}}],"inLanguage":"ca"}]}},"_links":{"self":[{"href":"https:\/\/arriolafiol.com\/ca\/wp-json\/wp\/v2\/pages\/5186","targetHints":{"allow":["GET"]}}],"collection":[{"href":"https:\/\/arriolafiol.com\/ca\/wp-json\/wp\/v2\/pages"}],"about":[{"href":"https:\/\/arriolafiol.com\/ca\/wp-json\/wp\/v2\/types\/page"}],"author":[{"embeddable":true,"href":"https:\/\/arriolafiol.com\/ca\/wp-json\/wp\/v2\/users\/1"}],"replies":[{"embeddable":true,"href":"https:\/\/arriolafiol.com\/ca\/wp-json\/wp\/v2\/comments?post=5186"}],"version-history":[{"count":1,"href":"https:\/\/arriolafiol.com\/ca\/wp-json\/wp\/v2\/pages\/5186\/revisions"}],"predecessor-version":[{"id":5187,"href":"https:\/\/arriolafiol.com\/ca\/wp-json\/wp\/v2\/pages\/5186\/revisions\/5187"}],"wp:attachment":[{"href":"https:\/\/arriolafiol.com\/ca\/wp-json\/wp\/v2\/media?parent=5186"}],"curies":[{"name":"wp","href":"https:\/\/api.w.org\/{rel}","templated":true}]}}