{"id":5188,"date":"2025-02-07T13:17:32","date_gmt":"2025-02-07T13:17:32","guid":{"rendered":"https:\/\/arriolafiol.com\/cookies\/"},"modified":"2025-07-15T06:53:53","modified_gmt":"2025-07-15T06:53:53","slug":"cookies","status":"publish","type":"page","link":"https:\/\/arriolafiol.com\/ca\/cookies\/","title":{"rendered":"Cookies"},"content":{"rendered":"\t\t<div data-elementor-type=\"wp-post\" data-elementor-id=\"5188\" class=\"elementor elementor-5188 elementor-159\" data-elementor-post-type=\"page\">\n\t\t\t\t<div class=\"elementor-element elementor-element-e05f0f4 e-con-full e-flex e-con e-parent\" data-id=\"e05f0f4\" data-element_type=\"container\" data-e-type=\"container\">\n\t\t<div class=\"elementor-element elementor-element-db542b1 e-con-full e-flex e-con e-child\" data-id=\"db542b1\" data-element_type=\"container\" data-e-type=\"container\">\n\t\t\t\t<div class=\"elementor-element elementor-element-5f5e6cc elementor-widget elementor-widget-heading\" data-id=\"5f5e6cc\" data-element_type=\"widget\" data-e-type=\"widget\" data-widget_type=\"heading.default\">\n\t\t\t\t<div class=\"elementor-widget-container\">\n\t\t\t\t\t<h2 class=\"elementor-heading-title elementor-size-default\">Pol\u00edtica de cookies<\/h2>\t\t\t\t<\/div>\n\t\t\t\t<\/div>\n\t\t\t\t<div class=\"elementor-element elementor-element-8fc3f6f elementor-widget elementor-widget-heading\" data-id=\"8fc3f6f\" data-element_type=\"widget\" data-e-type=\"widget\" data-widget_type=\"heading.default\">\n\t\t\t\t<div class=\"elementor-widget-container\">\n\t\t\t\t\t<h2 class=\"elementor-heading-title elementor-size-default\">Introducci\u00f3<\/h2>\t\t\t\t<\/div>\n\t\t\t\t<\/div>\n\t\t\t\t<div class=\"elementor-element elementor-element-8579178 elementor-widget elementor-widget-text-editor\" data-id=\"8579178\" data-element_type=\"widget\" data-e-type=\"widget\" data-widget_type=\"text-editor.default\">\n\t\t\t\t<div class=\"elementor-widget-container\">\n\t\t\t\t\t\t\t\t\t<p>Aquest lloc web utilitza cookies pr\u00f2pies i de tercers amb finalitats t\u00e8cniques, estad\u00edstiques i publicit\u00e0ries, d&#8217;acord amb la legislaci\u00f3 vigent.<\/p>\t\t\t\t\t\t\t\t<\/div>\n\t\t\t\t<\/div>\n\t\t\t\t<div class=\"elementor-element elementor-element-1eb498c elementor-widget elementor-widget-heading\" data-id=\"1eb498c\" data-element_type=\"widget\" data-e-type=\"widget\" data-widget_type=\"heading.default\">\n\t\t\t\t<div class=\"elementor-widget-container\">\n\t\t\t\t\t<h2 class=\"elementor-heading-title elementor-size-default\">Qu\u00e8 s\u00f3n les Cookies?<\/h2>\t\t\t\t<\/div>\n\t\t\t\t<\/div>\n\t\t\t\t<div class=\"elementor-element elementor-element-444b750 elementor-widget elementor-widget-text-editor\" data-id=\"444b750\" data-element_type=\"widget\" data-e-type=\"widget\" data-widget_type=\"text-editor.default\">\n\t\t\t\t<div class=\"elementor-widget-container\">\n\t\t\t\t\t\t\t\t\t<p>Les Cookies s\u00f3n petits arxius de text que s&#8217;emmagatzemen en el seu dispositiu quan visita un lloc web. S&#8217;utilitzen per recordar les seves prefer\u00e8ncies i millorar la seva experi\u00e8ncia de navegaci\u00f3. <\/p>\t\t\t\t\t\t\t\t<\/div>\n\t\t\t\t<\/div>\n\t\t\t\t<div class=\"elementor-element elementor-element-ef9c949 elementor-widget elementor-widget-heading\" data-id=\"ef9c949\" data-element_type=\"widget\" data-e-type=\"widget\" data-widget_type=\"heading.default\">\n\t\t\t\t<div class=\"elementor-widget-container\">\n\t\t\t\t\t<h2 class=\"elementor-heading-title elementor-size-default\">Tipus de cookies segons la finalitat\n<\/h2>\t\t\t\t<\/div>\n\t\t\t\t<\/div>\n\t\t\t\t<div class=\"elementor-element elementor-element-95b7237 elementor-widget elementor-widget-text-editor\" data-id=\"95b7237\" data-element_type=\"widget\" data-e-type=\"widget\" data-widget_type=\"text-editor.default\">\n\t\t\t\t<div class=\"elementor-widget-container\">\n\t\t\t\t\t\t\t\t\t<ul><li data-start=\"1961\" data-end=\"2038\"><p data-start=\"1963\" data-end=\"2038\">Cookies necess\u00e0ries: S\u00f3n aquelles que s&#8217;envien a l&#8217;equip terminal de l&#8217;usuari des d&#8217;un equip o domini gestionat pel propi editor i des del qual es presta el servei sol\u00b7licitat per l&#8217;usuari. Aquestes cookies no emmagatzemen cap dada d&#8217;identificaci\u00f3 personal. <\/p><\/li><li data-start=\"1961\" data-end=\"2038\"><p data-start=\"1963\" data-end=\"2038\">Cookies funcionals: Les cookies funcionals ajuden a realitzar determinades funcionalitats com compartir el contingut del lloc web a les plataformes de xarxes socials, recopilar comentaris i altres funcions de tercers.<\/p><\/li><li data-start=\"2039\" data-end=\"2137\">Cookies d&#8217;an\u00e0lisi: S\u00f3n aquelles que s&#8217;envien a l&#8217;equip terminal de l&#8217;usuari des d&#8217;un equip o domini gestionat pel propi editor i des del qual es presta el servei sol\u00b7licitat per l&#8217;usuari. Aquestes cookies ajuden a proporcionar informaci\u00f3 sobre m\u00e8triques com el nombre de visitants, el percentatge de rebots, la font de tr\u00e0nsit, etc. <br><br><\/li><li data-start=\"2039\" data-end=\"2137\">Cookies de rendiment: Les cookies de rendiment s&#8217;utilitzen per comprendre i analitzar els \u00edndexs de rendiment clau del lloc web que ajuden a oferir una millor experi\u00e8ncia d&#8217;usuari per als visitants.<br><br><\/li><\/ul><ul><li data-start=\"2039\" data-end=\"2137\">Cookies publicit\u00e0ries: Les cookies publicit\u00e0ries s&#8217;utilitzen per a facilitar als visitants anuncis personalitzats en funci\u00f3 de les p\u00e0gines visitades anteriorment i per a analitzar l&#8217;efic\u00e0cia de les campanyes publicit\u00e0ries.<\/li><\/ul>\t\t\t\t\t\t\t\t<\/div>\n\t\t\t\t<\/div>\n\t\t\t\t<div class=\"elementor-element elementor-element-227096a elementor-widget elementor-widget-heading\" data-id=\"227096a\" data-element_type=\"widget\" data-e-type=\"widget\" data-widget_type=\"heading.default\">\n\t\t\t\t<div class=\"elementor-widget-container\">\n\t\t\t\t\t<h2 class=\"elementor-heading-title elementor-size-default\">Tipus de cookies segons la propietat\n<\/h2>\t\t\t\t<\/div>\n\t\t\t\t<\/div>\n\t\t\t\t<div class=\"elementor-element elementor-element-90f25be elementor-widget elementor-widget-text-editor\" data-id=\"90f25be\" data-element_type=\"widget\" data-e-type=\"widget\" data-widget_type=\"text-editor.default\">\n\t\t\t\t<div class=\"elementor-widget-container\">\n\t\t\t\t\t\t\t\t\t<ul><li>Pr\u00f2pies: aquelles de les quals \u00e9s responsable el propi editor i que en general s&#8217;envien a l&#8217;equip terminal de l&#8217;usuari des d&#8217;un equip o domini gestionat pel propi editor i des del qual es presta el servei sol\u00b7licitat per l&#8217;usuari.<br><br><\/li><li>Cookies de tercers: S\u00f3n aquelles que, ben tractades per nosaltres o per tercers, ens permeten quantificar el nombre d&#8217;usuaris i aix\u00ed realitzar el mesurament i an\u00e0lisi estad\u00edstica de la utilitzaci\u00f3 que fan els usuaris del servei ofert.<\/li><\/ul>\t\t\t\t\t\t\t\t<\/div>\n\t\t\t\t<\/div>\n\t\t\t\t<div class=\"elementor-element elementor-element-305d85b elementor-widget elementor-widget-heading\" data-id=\"305d85b\" data-element_type=\"widget\" data-e-type=\"widget\" data-widget_type=\"heading.default\">\n\t\t\t\t<div class=\"elementor-widget-container\">\n\t\t\t\t\t<h2 class=\"elementor-heading-title elementor-size-default\">Cookies utilitzades al lloc web:<\/h2>\t\t\t\t<\/div>\n\t\t\t\t<\/div>\n\t\t\t\t<div class=\"elementor-element elementor-element-47513a4 elementor-widget elementor-widget-text-editor\" data-id=\"47513a4\" data-element_type=\"widget\" data-e-type=\"widget\" data-widget_type=\"text-editor.default\">\n\t\t\t\t<div class=\"elementor-widget-container\">\n\t\t\t\t\t\t\t\t\t<p>Les cookies utilitzades en aquest lloc web s&#8217;especifiquen amb descripci\u00f3, \u00fas i durada en el b\u00e0ner de cookies proporcionat per CookieYes. Per accedir-hi, feu clic a la icona Cookies visible a la cantonada inferior esquerra del lloc web. <\/p>\t\t\t\t\t\t\t\t<\/div>\n\t\t\t\t<\/div>\n\t\t\t\t<div class=\"elementor-element elementor-element-75905a2 elementor-widget elementor-widget-heading\" data-id=\"75905a2\" data-element_type=\"widget\" data-e-type=\"widget\" data-widget_type=\"heading.default\">\n\t\t\t\t<div class=\"elementor-widget-container\">\n\t\t\t\t\t<h2 class=\"elementor-heading-title elementor-size-default\">Gesti\u00f3 de cookies:<\/h2>\t\t\t\t<\/div>\n\t\t\t\t<\/div>\n\t\t\t\t<div class=\"elementor-element elementor-element-8defb7c elementor-widget elementor-widget-text-editor\" data-id=\"8defb7c\" data-element_type=\"widget\" data-e-type=\"widget\" data-widget_type=\"text-editor.default\">\n\t\t\t\t<div class=\"elementor-widget-container\">\n\t\t\t\t\t\t\t\t\t<p>Pots acceptar, rebutjar o configurar l&#8217;\u00fas de cookies mitjan\u00e7ant el b\u00e0ner de cookies que apareix quan entris a la nostra web. Tamb\u00e9 pot configurar el seu navegador per bloquejar-les o eliminar-les en qualsevol moment. <\/p>\t\t\t\t\t\t\t\t<\/div>\n\t\t\t\t<\/div>\n\t\t\t\t<div class=\"elementor-element elementor-element-008adb5 elementor-widget elementor-widget-heading\" data-id=\"008adb5\" data-element_type=\"widget\" data-e-type=\"widget\" data-widget_type=\"heading.default\">\n\t\t\t\t<div class=\"elementor-widget-container\">\n\t\t\t\t\t<h2 class=\"elementor-heading-title elementor-size-default\">Configuraci\u00f3 de cookies en els navegadors m\u00e9s comuns:<\/h2>\t\t\t\t<\/div>\n\t\t\t\t<\/div>\n\t\t\t\t<div class=\"elementor-element elementor-element-b5d10b0 elementor-widget elementor-widget-text-editor\" data-id=\"b5d10b0\" data-element_type=\"widget\" data-e-type=\"widget\" data-widget_type=\"text-editor.default\">\n\t\t\t\t<div class=\"elementor-widget-container\">\n\t\t\t\t\t\t\t\t\t<ul><li data-start=\"2552\" data-end=\"2610\"><p>Chrome: Configuraci\u00f3 \u2013 Privadesa i seguretat \u2013 Cookies<\/p><\/li><li data-start=\"2552\" data-end=\"2610\"><p>Firefox: Prefer\u00e8ncies \u2013 Privadesa i seguretat \u2013 Cookies<\/p><\/li><li data-start=\"2552\" data-end=\"2610\"><p>Safari: Prefer\u00e8ncies \u2013 Privadesa<\/p><\/li><\/ul>\t\t\t\t\t\t\t\t<\/div>\n\t\t\t\t<\/div>\n\t\t\t\t<\/div>\n\t\t\t\t<\/div>\n\t\t\t\t<\/div>\n\t\t","protected":false},"excerpt":{"rendered":"<p>Pol\u00edtica de cookies Introducci\u00f3 Aquest lloc web utilitza cookies pr\u00f2pies i de tercers amb finalitats t\u00e8cniques, estad\u00edstiques i publicit\u00e0ries, d&#8217;acord amb la legislaci\u00f3 vigent. Qu\u00e8 s\u00f3n les Cookies? Les Cookies s\u00f3n petits arxius de text que s&#8217;emmagatzemen en el seu dispositiu quan visita un lloc web. S&#8217;utilitzen per recordar les seves prefer\u00e8ncies i millorar la [&hellip;]<\/p>\n","protected":false},"author":1,"featured_media":0,"parent":0,"menu_order":0,"comment_status":"closed","ping_status":"closed","template":"elementor_header_footer","meta":{"_acf_changed":false,"footnotes":""},"class_list":["post-5188","page","type-page","status-publish","hentry"],"acf":[],"yoast_head":"<!-- This site is optimized with the Yoast SEO plugin v27.3 - https:\/\/yoast.com\/product\/yoast-seo-wordpress\/ -->\n<title>Cookies - Arriola &amp; Fiol<\/title>\n<meta name=\"robots\" content=\"index, follow, max-snippet:-1, max-image-preview:large, max-video-preview:-1\" \/>\n<link rel=\"canonical\" href=\"https:\/\/arriolafiol.com\/ca\/cookies\/\" \/>\n<meta property=\"og:locale\" content=\"ca_ES\" \/>\n<meta property=\"og:type\" content=\"article\" \/>\n<meta property=\"og:title\" content=\"Cookies - Arriola &amp; Fiol\" \/>\n<meta property=\"og:description\" content=\"Pol\u00edtica de cookies Introducci\u00f3 Aquest lloc web utilitza cookies pr\u00f2pies i de tercers amb finalitats t\u00e8cniques, estad\u00edstiques i publicit\u00e0ries, d&#8217;acord amb la legislaci\u00f3 vigent. Qu\u00e8 s\u00f3n les Cookies? Les Cookies s\u00f3n petits arxius de text que s&#8217;emmagatzemen en el seu dispositiu quan visita un lloc web. S&#8217;utilitzen per recordar les seves prefer\u00e8ncies i millorar la [&hellip;]\" \/>\n<meta property=\"og:url\" content=\"https:\/\/arriolafiol.com\/ca\/cookies\/\" \/>\n<meta property=\"og:site_name\" content=\"Arriola &amp; Fiol\" \/>\n<meta property=\"article:modified_time\" content=\"2025-07-15T06:53:53+00:00\" \/>\n<meta name=\"twitter:card\" content=\"summary_large_image\" \/>\n<meta name=\"twitter:label1\" content=\"Temps estimat de lectura\" \/>\n\t<meta name=\"twitter:data1\" content=\"2 minuts\" \/>\n<script type=\"application\/ld+json\" class=\"yoast-schema-graph\">{\"@context\":\"https:\\\/\\\/schema.org\",\"@graph\":[{\"@type\":\"WebPage\",\"@id\":\"https:\\\/\\\/arriolafiol.com\\\/ca\\\/cookies\\\/\",\"url\":\"https:\\\/\\\/arriolafiol.com\\\/ca\\\/cookies\\\/\",\"name\":\"Cookies - Arriola &amp; Fiol\",\"isPartOf\":{\"@id\":\"https:\\\/\\\/arriolafiol.com\\\/ca\\\/#website\"},\"datePublished\":\"2025-02-07T13:17:32+00:00\",\"dateModified\":\"2025-07-15T06:53:53+00:00\",\"breadcrumb\":{\"@id\":\"https:\\\/\\\/arriolafiol.com\\\/ca\\\/cookies\\\/#breadcrumb\"},\"inLanguage\":\"ca\",\"potentialAction\":[{\"@type\":\"ReadAction\",\"target\":[\"https:\\\/\\\/arriolafiol.com\\\/ca\\\/cookies\\\/\"]}]},{\"@type\":\"BreadcrumbList\",\"@id\":\"https:\\\/\\\/arriolafiol.com\\\/ca\\\/cookies\\\/#breadcrumb\",\"itemListElement\":[{\"@type\":\"ListItem\",\"position\":1,\"name\":\"Home\",\"item\":\"https:\\\/\\\/arriolafiol.com\\\/ca\\\/inici\\\/\"},{\"@type\":\"ListItem\",\"position\":2,\"name\":\"Cookies\"}]},{\"@type\":\"WebSite\",\"@id\":\"https:\\\/\\\/arriolafiol.com\\\/ca\\\/#website\",\"url\":\"https:\\\/\\\/arriolafiol.com\\\/ca\\\/\",\"name\":\"Arriola &amp; Fiol\",\"description\":\"\",\"potentialAction\":[{\"@type\":\"SearchAction\",\"target\":{\"@type\":\"EntryPoint\",\"urlTemplate\":\"https:\\\/\\\/arriolafiol.com\\\/ca\\\/?s={search_term_string}\"},\"query-input\":{\"@type\":\"PropertyValueSpecification\",\"valueRequired\":true,\"valueName\":\"search_term_string\"}}],\"inLanguage\":\"ca\"}]}<\/script>\n<!-- \/ Yoast SEO plugin. -->","yoast_head_json":{"title":"Cookies - Arriola &amp; Fiol","robots":{"index":"index","follow":"follow","max-snippet":"max-snippet:-1","max-image-preview":"max-image-preview:large","max-video-preview":"max-video-preview:-1"},"canonical":"https:\/\/arriolafiol.com\/ca\/cookies\/","og_locale":"ca_ES","og_type":"article","og_title":"Cookies - Arriola &amp; Fiol","og_description":"Pol\u00edtica de cookies Introducci\u00f3 Aquest lloc web utilitza cookies pr\u00f2pies i de tercers amb finalitats t\u00e8cniques, estad\u00edstiques i publicit\u00e0ries, d&#8217;acord amb la legislaci\u00f3 vigent. Qu\u00e8 s\u00f3n les Cookies? Les Cookies s\u00f3n petits arxius de text que s&#8217;emmagatzemen en el seu dispositiu quan visita un lloc web. S&#8217;utilitzen per recordar les seves prefer\u00e8ncies i millorar la [&hellip;]","og_url":"https:\/\/arriolafiol.com\/ca\/cookies\/","og_site_name":"Arriola &amp; Fiol","article_modified_time":"2025-07-15T06:53:53+00:00","twitter_card":"summary_large_image","twitter_misc":{"Temps estimat de lectura":"2 minuts"},"schema":{"@context":"https:\/\/schema.org","@graph":[{"@type":"WebPage","@id":"https:\/\/arriolafiol.com\/ca\/cookies\/","url":"https:\/\/arriolafiol.com\/ca\/cookies\/","name":"Cookies - Arriola &amp; Fiol","isPartOf":{"@id":"https:\/\/arriolafiol.com\/ca\/#website"},"datePublished":"2025-02-07T13:17:32+00:00","dateModified":"2025-07-15T06:53:53+00:00","breadcrumb":{"@id":"https:\/\/arriolafiol.com\/ca\/cookies\/#breadcrumb"},"inLanguage":"ca","potentialAction":[{"@type":"ReadAction","target":["https:\/\/arriolafiol.com\/ca\/cookies\/"]}]},{"@type":"BreadcrumbList","@id":"https:\/\/arriolafiol.com\/ca\/cookies\/#breadcrumb","itemListElement":[{"@type":"ListItem","position":1,"name":"Home","item":"https:\/\/arriolafiol.com\/ca\/inici\/"},{"@type":"ListItem","position":2,"name":"Cookies"}]},{"@type":"WebSite","@id":"https:\/\/arriolafiol.com\/ca\/#website","url":"https:\/\/arriolafiol.com\/ca\/","name":"Arriola &amp; Fiol","description":"","potentialAction":[{"@type":"SearchAction","target":{"@type":"EntryPoint","urlTemplate":"https:\/\/arriolafiol.com\/ca\/?s={search_term_string}"},"query-input":{"@type":"PropertyValueSpecification","valueRequired":true,"valueName":"search_term_string"}}],"inLanguage":"ca"}]}},"_links":{"self":[{"href":"https:\/\/arriolafiol.com\/ca\/wp-json\/wp\/v2\/pages\/5188","targetHints":{"allow":["GET"]}}],"collection":[{"href":"https:\/\/arriolafiol.com\/ca\/wp-json\/wp\/v2\/pages"}],"about":[{"href":"https:\/\/arriolafiol.com\/ca\/wp-json\/wp\/v2\/types\/page"}],"author":[{"embeddable":true,"href":"https:\/\/arriolafiol.com\/ca\/wp-json\/wp\/v2\/users\/1"}],"replies":[{"embeddable":true,"href":"https:\/\/arriolafiol.com\/ca\/wp-json\/wp\/v2\/comments?post=5188"}],"version-history":[{"count":1,"href":"https:\/\/arriolafiol.com\/ca\/wp-json\/wp\/v2\/pages\/5188\/revisions"}],"predecessor-version":[{"id":5189,"href":"https:\/\/arriolafiol.com\/ca\/wp-json\/wp\/v2\/pages\/5188\/revisions\/5189"}],"wp:attachment":[{"href":"https:\/\/arriolafiol.com\/ca\/wp-json\/wp\/v2\/media?parent=5188"}],"curies":[{"name":"wp","href":"https:\/\/api.w.org\/{rel}","templated":true}]}}