{"id":5198,"date":"2025-02-07T13:18:07","date_gmt":"2025-02-07T13:18:07","guid":{"rendered":"https:\/\/arriolafiol.com\/avis-legal\/"},"modified":"2025-07-15T07:03:00","modified_gmt":"2025-07-15T07:03:00","slug":"avis-legal","status":"publish","type":"page","link":"https:\/\/arriolafiol.com\/ca\/avis-legal\/","title":{"rendered":"Av\u00eds legal"},"content":{"rendered":"\t\t<div data-elementor-type=\"wp-post\" data-elementor-id=\"5198\" class=\"elementor elementor-5198 elementor-161\" data-elementor-post-type=\"page\">\n\t\t\t\t<div class=\"elementor-element elementor-element-b71f6e1 e-con-full e-flex e-con e-parent\" data-id=\"b71f6e1\" data-element_type=\"container\" data-e-type=\"container\">\n\t\t<div class=\"elementor-element elementor-element-0ebd13e e-con-full e-flex e-con e-child\" data-id=\"0ebd13e\" data-element_type=\"container\" data-e-type=\"container\">\n\t\t\t\t<div class=\"elementor-element elementor-element-f3d0089 elementor-widget elementor-widget-heading\" data-id=\"f3d0089\" data-element_type=\"widget\" data-e-type=\"widget\" data-widget_type=\"heading.default\">\n\t\t\t\t<div class=\"elementor-widget-container\">\n\t\t\t\t\t<h2 class=\"elementor-heading-title elementor-size-default\">Av\u00eds legal<\/h2>\t\t\t\t<\/div>\n\t\t\t\t<\/div>\n\t\t\t\t<div class=\"elementor-element elementor-element-9b19bac elementor-widget elementor-widget-heading\" data-id=\"9b19bac\" data-element_type=\"widget\" data-e-type=\"widget\" data-widget_type=\"heading.default\">\n\t\t\t\t<div class=\"elementor-widget-container\">\n\t\t\t\t\t<h2 class=\"elementor-heading-title elementor-size-default\">Introducci\u00f3<\/h2>\t\t\t\t<\/div>\n\t\t\t\t<\/div>\n\t\t\t\t<div class=\"elementor-element elementor-element-cfd0414 elementor-widget elementor-widget-text-editor\" data-id=\"cfd0414\" data-element_type=\"widget\" data-e-type=\"widget\" data-widget_type=\"text-editor.default\">\n\t\t\t\t<div class=\"elementor-widget-container\">\n\t\t\t\t\t\t\t\t\t<p>En compliment de la Llei 34\/2002, d&#8217;11 de juliol, de Serveis de la Societat de la Informaci\u00f3 i del Comer\u00e7 Electr\u00f2nic (LSSI-CE), l&#8217;informem del seg\u00fcent:<\/p>\t\t\t\t\t\t\t\t<\/div>\n\t\t\t\t<\/div>\n\t\t\t\t<div class=\"elementor-element elementor-element-222274e elementor-widget elementor-widget-heading\" data-id=\"222274e\" data-element_type=\"widget\" data-e-type=\"widget\" data-widget_type=\"heading.default\">\n\t\t\t\t<div class=\"elementor-widget-container\">\n\t\t\t\t\t<h2 class=\"elementor-heading-title elementor-size-default\">Propietari del lloc web<\/h2>\t\t\t\t<\/div>\n\t\t\t\t<\/div>\n\t\t\t\t<div class=\"elementor-element elementor-element-75a2bb3 enlaces elementor-widget elementor-widget-text-editor\" data-id=\"75a2bb3\" data-element_type=\"widget\" data-e-type=\"widget\" data-widget_type=\"text-editor.default\">\n\t\t\t\t<div class=\"elementor-widget-container\">\n\t\t\t\t\t\t\t\t\t<ul><li>Denominaci\u00f3 social: ARRIOLA I FIOL ARQUITECTES, SCP<\/li><li>Domicili social: c\/ Mallorca, 289, baixos, 08037, Barcelona<\/li><li>CIF: J58516873<\/li><li>Tel\u00e8fon de contacte: 934 570 357<\/li><li>Correu electr\u00f2nic de contacte: <a href=\"mailto:arriolafiol@arriolafiol.com\">arriolafiol@arriolafiol.com<\/a><\/li><\/ul>\t\t\t\t\t\t\t\t<\/div>\n\t\t\t\t<\/div>\n\t\t\t\t<div class=\"elementor-element elementor-element-4440ae2 elementor-widget elementor-widget-heading\" data-id=\"4440ae2\" data-element_type=\"widget\" data-e-type=\"widget\" data-widget_type=\"heading.default\">\n\t\t\t\t<div class=\"elementor-widget-container\">\n\t\t\t\t\t<h2 class=\"elementor-heading-title elementor-size-default\">Prop\u00f2sit del lloc web<\/h2>\t\t\t\t<\/div>\n\t\t\t\t<\/div>\n\t\t\t\t<div class=\"elementor-element elementor-element-ec7717b elementor-widget elementor-widget-text-editor\" data-id=\"ec7717b\" data-element_type=\"widget\" data-e-type=\"widget\" data-widget_type=\"text-editor.default\">\n\t\t\t\t<div class=\"elementor-widget-container\">\n\t\t\t\t\t\t\t\t\t<p>Aquest lloc web t\u00e9 un car\u00e0cter informatiu i professional, dirigit a:<\/p><ul><li>Difondre l&#8217;obra arquitect\u00f2nica i urbana d&#8217;Arriola &amp; Fiol.<\/li><li>Facilitar el contacte amb clients, col\u00b7laboradors i institucions.<\/li><li>Comparteix les publicacions, exposicions i premis de l&#8217;empresa.<\/li><\/ul>\t\t\t\t\t\t\t\t<\/div>\n\t\t\t\t<\/div>\n\t\t\t\t<div class=\"elementor-element elementor-element-b06a703 elementor-widget elementor-widget-heading\" data-id=\"b06a703\" data-element_type=\"widget\" data-e-type=\"widget\" data-widget_type=\"heading.default\">\n\t\t\t\t<div class=\"elementor-widget-container\">\n\t\t\t\t\t<h2 class=\"elementor-heading-title elementor-size-default\">Propietat intel\u00b7lectual i industrial:<\/h2>\t\t\t\t<\/div>\n\t\t\t\t<\/div>\n\t\t\t\t<div class=\"elementor-element elementor-element-4e1a2a2 elementor-widget elementor-widget-text-editor\" data-id=\"4e1a2a2\" data-element_type=\"widget\" data-e-type=\"widget\" data-widget_type=\"text-editor.default\">\n\t\t\t\t<div class=\"elementor-widget-container\">\n\t\t\t\t\t\t\t\t\t<p>Tots els continguts d&#8217;aquest lloc web (textos, imatges, logotips, disseny, estructura, etc.) estan protegits per les lleis de propietat intel\u00b7lectual. Prohibida la reproducci\u00f3 total o parcial sense autoritzaci\u00f3 expressa.<\/p>\t\t\t\t\t\t\t\t<\/div>\n\t\t\t\t<\/div>\n\t\t\t\t<div class=\"elementor-element elementor-element-277091b elementor-widget elementor-widget-heading\" data-id=\"277091b\" data-element_type=\"widget\" data-e-type=\"widget\" data-widget_type=\"heading.default\">\n\t\t\t\t<div class=\"elementor-widget-container\">\n\t\t\t\t\t<h2 class=\"elementor-heading-title elementor-size-default\">Responsabilitat:<\/h2>\t\t\t\t<\/div>\n\t\t\t\t<\/div>\n\t\t\t\t<div class=\"elementor-element elementor-element-3583c0b enlaces elementor-widget elementor-widget-text-editor\" data-id=\"3583c0b\" data-element_type=\"widget\" data-e-type=\"widget\" data-widget_type=\"text-editor.default\">\n\t\t\t\t<div class=\"elementor-widget-container\">\n\t\t\t\t\t\t\t\t\t<p>Contingut<\/p><p>El Titular del lloc web no es responsabilitza dels errors o omissions en la informaci\u00f3 o continguts proporcionats a trav\u00e9s del Portal, ni de l&#8217;aplicaci\u00f3 o \u00fas espec\u00edfic que se&#8217;n pugui fer. L&#8217;acc\u00e9s al Portal no implica l&#8217;obligaci\u00f3 del titular o del seu personal de comprovar la veracitat, exactitud, idone\u00eftat, adequaci\u00f3, exhaustivitat i actualitat de la informaci\u00f3 i el contingut.<br> Els continguts del lloc web no impliquen de cap manera la prestaci\u00f3 de cap servei legal. L&#8217;Usuari \u00e9s l&#8217;\u00fanic responsable de qualsevol reclamaci\u00f3 o acci\u00f3 legal, judicial o extrajudicial, iniciada per tercers contra el Titular que tingui el seu origen en l&#8217;\u00fas del lloc web per part de l&#8217;Usuari.<br> Si escau, l&#8217;Usuari assumir\u00e0 les despeses, els costos i les indemnitzacions que es derivin d&#8217;aquestes reclamacions o accions legals.<\/p><p>Operaci\u00f3<\/p><p>El Titular no es responsabilitza de les interfer\u00e8ncies, omissions, interrupcions, virus inform\u00e0tics o altres elements que puguin causar alteracions en els sistemes de l&#8217;Usuari o en els seus documents o fitxers causades per motius aliens a la web. De la mateixa manera, el Titular no assumeix cap responsabilitat per retards o bloquejos en el funcionament del lloc web causats per defici\u00e8ncies o sobrec\u00e0rregues de les l\u00ednies telef\u00f2niques o d&#8217;Internet, aix\u00ed com per danys causats per tercers mitjan\u00e7ant intromissions il\u00b7leg\u00edtimes. El Titular es reserva el dret de suspendre l&#8217;acc\u00e9s al Portal per operacions de manteniment, reparaci\u00f3 i\/o millora.<\/p><p>Enlla\u00e7os<\/p><p>El Titular no es responsabilitza dels continguts i serveis d&#8217;aquells llocs web que puguin estar enlla\u00e7ats al Portal m\u00e9s enll\u00e0 de la responsabilitat que li atribueix la Llei 34\/2002, de 12 de juliol, de Serveis de la Societat de la Informaci\u00f3 i del Comer\u00e7 Electr\u00f2nic, en la mesura que pugui tenir coneixement efectiu de la il\u00b7licitud dels continguts i serveis prestats al lloc web enlla\u00e7at i no desactivi l&#8217;enlla\u00e7 amb la dilig\u00e8ncia deguda. Si voleu informar-nos de l&#8217;exist\u00e8ncia d&#8217;un enlla\u00e7 a un lloc web amb contingut que considereu inadequat o il\u00b7legal, poseu-vos en contacte amb nosaltres a <a href=\"mailto:arriolafiol@arriolafiol.com\">arriolafiol@arriolafiol.com<\/a><\/p>\t\t\t\t\t\t\t\t<\/div>\n\t\t\t\t<\/div>\n\t\t\t\t<div class=\"elementor-element elementor-element-4a35c4b elementor-widget elementor-widget-heading\" data-id=\"4a35c4b\" data-element_type=\"widget\" data-e-type=\"widget\" data-widget_type=\"heading.default\">\n\t\t\t\t<div class=\"elementor-widget-container\">\n\t\t\t\t\t<h2 class=\"elementor-heading-title elementor-size-default\">Llei aplicable i jurisdicci\u00f3:<\/h2>\t\t\t\t<\/div>\n\t\t\t\t<\/div>\n\t\t\t\t<div class=\"elementor-element elementor-element-4345e07 elementor-widget elementor-widget-text-editor\" data-id=\"4345e07\" data-element_type=\"widget\" data-e-type=\"widget\" data-widget_type=\"text-editor.default\">\n\t\t\t\t<div class=\"elementor-widget-container\">\n\t\t\t\t\t\t\t\t\t<p>Aquest av\u00eds legal es regeix per la legislaci\u00f3 espanyola. Per a la resoluci\u00f3 de qualsevol controv\u00e8rsia derivada de l&#8217;acc\u00e9s al lloc web, l&#8217;usuari se sotmet als jutjats de [Localitat del titular], amb ren\u00fancia a qualsevol altre fur que li pogu\u00e9s correspondre.<\/p>\t\t\t\t\t\t\t\t<\/div>\n\t\t\t\t<\/div>\n\t\t\t\t<div class=\"elementor-element elementor-element-909e033 elementor-widget elementor-widget-heading\" data-id=\"909e033\" data-element_type=\"widget\" data-e-type=\"widget\" data-widget_type=\"heading.default\">\n\t\t\t\t<div class=\"elementor-widget-container\">\n\t\t\t\t\t<h2 class=\"elementor-heading-title elementor-size-default\">Protecci\u00f3 de dades\n<\/h2>\t\t\t\t<\/div>\n\t\t\t\t<\/div>\n\t\t\t\t<div class=\"elementor-element elementor-element-af8352f enlaces elementor-widget elementor-widget-text-editor\" data-id=\"af8352f\" data-element_type=\"widget\" data-e-type=\"widget\" data-widget_type=\"text-editor.default\">\n\t\t\t\t<div class=\"elementor-widget-container\">\n\t\t\t\t\t\t\t\t\t<p>Podeu accedir a informaci\u00f3 detallada sobre el tractament de dades personals que el Responsable del tractament duu a terme sobre els Usuaris visitant la nostra <a href=\"https:\/\/arriolafiol.com\/privacy\/\">Pol\u00edtica de Privacitat.<\/a><\/p>\t\t\t\t\t\t\t\t<\/div>\n\t\t\t\t<\/div>\n\t\t\t\t<\/div>\n\t\t\t\t<\/div>\n\t\t\t\t<\/div>\n\t\t","protected":false},"excerpt":{"rendered":"<p>Av\u00eds legal Introducci\u00f3 En compliment de la Llei 34\/2002, d&#8217;11 de juliol, de Serveis de la Societat de la Informaci\u00f3 i del Comer\u00e7 Electr\u00f2nic (LSSI-CE), l&#8217;informem del seg\u00fcent: Propietari del lloc web Denominaci\u00f3 social: ARRIOLA I FIOL ARQUITECTES, SCP Domicili social: c\/ Mallorca, 289, baixos, 08037, Barcelona CIF: J58516873 Tel\u00e8fon de contacte: 934 570 357 [&hellip;]<\/p>\n","protected":false},"author":1,"featured_media":0,"parent":0,"menu_order":0,"comment_status":"closed","ping_status":"closed","template":"elementor_header_footer","meta":{"_acf_changed":false,"footnotes":""},"class_list":["post-5198","page","type-page","status-publish","hentry"],"acf":[],"yoast_head":"<!-- This site is optimized with the Yoast SEO plugin v27.3 - https:\/\/yoast.com\/product\/yoast-seo-wordpress\/ -->\n<title>Av\u00eds legal - Arriola &amp; Fiol<\/title>\n<meta name=\"robots\" content=\"index, follow, max-snippet:-1, max-image-preview:large, max-video-preview:-1\" \/>\n<link rel=\"canonical\" href=\"https:\/\/arriolafiol.com\/ca\/avis-legal\/\" \/>\n<meta property=\"og:locale\" content=\"ca_ES\" \/>\n<meta property=\"og:type\" content=\"article\" \/>\n<meta property=\"og:title\" content=\"Av\u00eds legal - Arriola &amp; Fiol\" \/>\n<meta property=\"og:description\" content=\"Av\u00eds legal Introducci\u00f3 En compliment de la Llei 34\/2002, d&#8217;11 de juliol, de Serveis de la Societat de la Informaci\u00f3 i del Comer\u00e7 Electr\u00f2nic (LSSI-CE), l&#8217;informem del seg\u00fcent: Propietari del lloc web Denominaci\u00f3 social: ARRIOLA I FIOL ARQUITECTES, SCP Domicili social: c\/ Mallorca, 289, baixos, 08037, Barcelona CIF: J58516873 Tel\u00e8fon de contacte: 934 570 357 [&hellip;]\" \/>\n<meta property=\"og:url\" content=\"https:\/\/arriolafiol.com\/ca\/avis-legal\/\" \/>\n<meta property=\"og:site_name\" content=\"Arriola &amp; Fiol\" \/>\n<meta property=\"article:modified_time\" content=\"2025-07-15T07:03:00+00:00\" \/>\n<meta name=\"twitter:card\" content=\"summary_large_image\" \/>\n<meta name=\"twitter:label1\" content=\"Temps estimat de lectura\" \/>\n\t<meta name=\"twitter:data1\" content=\"3 minuts\" \/>\n<script type=\"application\/ld+json\" class=\"yoast-schema-graph\">{\"@context\":\"https:\\\/\\\/schema.org\",\"@graph\":[{\"@type\":\"WebPage\",\"@id\":\"https:\\\/\\\/arriolafiol.com\\\/ca\\\/avis-legal\\\/\",\"url\":\"https:\\\/\\\/arriolafiol.com\\\/ca\\\/avis-legal\\\/\",\"name\":\"Av\u00eds legal - Arriola &amp; Fiol\",\"isPartOf\":{\"@id\":\"https:\\\/\\\/arriolafiol.com\\\/ca\\\/#website\"},\"datePublished\":\"2025-02-07T13:18:07+00:00\",\"dateModified\":\"2025-07-15T07:03:00+00:00\",\"breadcrumb\":{\"@id\":\"https:\\\/\\\/arriolafiol.com\\\/ca\\\/avis-legal\\\/#breadcrumb\"},\"inLanguage\":\"ca\",\"potentialAction\":[{\"@type\":\"ReadAction\",\"target\":[\"https:\\\/\\\/arriolafiol.com\\\/ca\\\/avis-legal\\\/\"]}]},{\"@type\":\"BreadcrumbList\",\"@id\":\"https:\\\/\\\/arriolafiol.com\\\/ca\\\/avis-legal\\\/#breadcrumb\",\"itemListElement\":[{\"@type\":\"ListItem\",\"position\":1,\"name\":\"Home\",\"item\":\"https:\\\/\\\/arriolafiol.com\\\/ca\\\/inici\\\/\"},{\"@type\":\"ListItem\",\"position\":2,\"name\":\"Av\u00eds legal\"}]},{\"@type\":\"WebSite\",\"@id\":\"https:\\\/\\\/arriolafiol.com\\\/ca\\\/#website\",\"url\":\"https:\\\/\\\/arriolafiol.com\\\/ca\\\/\",\"name\":\"Arriola &amp; Fiol\",\"description\":\"\",\"potentialAction\":[{\"@type\":\"SearchAction\",\"target\":{\"@type\":\"EntryPoint\",\"urlTemplate\":\"https:\\\/\\\/arriolafiol.com\\\/ca\\\/?s={search_term_string}\"},\"query-input\":{\"@type\":\"PropertyValueSpecification\",\"valueRequired\":true,\"valueName\":\"search_term_string\"}}],\"inLanguage\":\"ca\"}]}<\/script>\n<!-- \/ Yoast SEO plugin. -->","yoast_head_json":{"title":"Av\u00eds legal - Arriola &amp; Fiol","robots":{"index":"index","follow":"follow","max-snippet":"max-snippet:-1","max-image-preview":"max-image-preview:large","max-video-preview":"max-video-preview:-1"},"canonical":"https:\/\/arriolafiol.com\/ca\/avis-legal\/","og_locale":"ca_ES","og_type":"article","og_title":"Av\u00eds legal - Arriola &amp; Fiol","og_description":"Av\u00eds legal Introducci\u00f3 En compliment de la Llei 34\/2002, d&#8217;11 de juliol, de Serveis de la Societat de la Informaci\u00f3 i del Comer\u00e7 Electr\u00f2nic (LSSI-CE), l&#8217;informem del seg\u00fcent: Propietari del lloc web Denominaci\u00f3 social: ARRIOLA I FIOL ARQUITECTES, SCP Domicili social: c\/ Mallorca, 289, baixos, 08037, Barcelona CIF: J58516873 Tel\u00e8fon de contacte: 934 570 357 [&hellip;]","og_url":"https:\/\/arriolafiol.com\/ca\/avis-legal\/","og_site_name":"Arriola &amp; Fiol","article_modified_time":"2025-07-15T07:03:00+00:00","twitter_card":"summary_large_image","twitter_misc":{"Temps estimat de lectura":"3 minuts"},"schema":{"@context":"https:\/\/schema.org","@graph":[{"@type":"WebPage","@id":"https:\/\/arriolafiol.com\/ca\/avis-legal\/","url":"https:\/\/arriolafiol.com\/ca\/avis-legal\/","name":"Av\u00eds legal - Arriola &amp; Fiol","isPartOf":{"@id":"https:\/\/arriolafiol.com\/ca\/#website"},"datePublished":"2025-02-07T13:18:07+00:00","dateModified":"2025-07-15T07:03:00+00:00","breadcrumb":{"@id":"https:\/\/arriolafiol.com\/ca\/avis-legal\/#breadcrumb"},"inLanguage":"ca","potentialAction":[{"@type":"ReadAction","target":["https:\/\/arriolafiol.com\/ca\/avis-legal\/"]}]},{"@type":"BreadcrumbList","@id":"https:\/\/arriolafiol.com\/ca\/avis-legal\/#breadcrumb","itemListElement":[{"@type":"ListItem","position":1,"name":"Home","item":"https:\/\/arriolafiol.com\/ca\/inici\/"},{"@type":"ListItem","position":2,"name":"Av\u00eds legal"}]},{"@type":"WebSite","@id":"https:\/\/arriolafiol.com\/ca\/#website","url":"https:\/\/arriolafiol.com\/ca\/","name":"Arriola &amp; Fiol","description":"","potentialAction":[{"@type":"SearchAction","target":{"@type":"EntryPoint","urlTemplate":"https:\/\/arriolafiol.com\/ca\/?s={search_term_string}"},"query-input":{"@type":"PropertyValueSpecification","valueRequired":true,"valueName":"search_term_string"}}],"inLanguage":"ca"}]}},"_links":{"self":[{"href":"https:\/\/arriolafiol.com\/ca\/wp-json\/wp\/v2\/pages\/5198","targetHints":{"allow":["GET"]}}],"collection":[{"href":"https:\/\/arriolafiol.com\/ca\/wp-json\/wp\/v2\/pages"}],"about":[{"href":"https:\/\/arriolafiol.com\/ca\/wp-json\/wp\/v2\/types\/page"}],"author":[{"embeddable":true,"href":"https:\/\/arriolafiol.com\/ca\/wp-json\/wp\/v2\/users\/1"}],"replies":[{"embeddable":true,"href":"https:\/\/arriolafiol.com\/ca\/wp-json\/wp\/v2\/comments?post=5198"}],"version-history":[{"count":1,"href":"https:\/\/arriolafiol.com\/ca\/wp-json\/wp\/v2\/pages\/5198\/revisions"}],"predecessor-version":[{"id":5199,"href":"https:\/\/arriolafiol.com\/ca\/wp-json\/wp\/v2\/pages\/5198\/revisions\/5199"}],"wp:attachment":[{"href":"https:\/\/arriolafiol.com\/ca\/wp-json\/wp\/v2\/media?parent=5198"}],"curies":[{"name":"wp","href":"https:\/\/api.w.org\/{rel}","templated":true}]}}