{"id":5200,"date":"2025-02-07T13:17:26","date_gmt":"2025-02-07T13:17:26","guid":{"rendered":"https:\/\/arriolafiol.com\/privacitat\/"},"modified":"2025-07-15T07:03:21","modified_gmt":"2025-07-15T07:03:21","slug":"privacitat","status":"publish","type":"page","link":"https:\/\/arriolafiol.com\/ca\/privacitat\/","title":{"rendered":"Privacitat"},"content":{"rendered":"\t\t<div data-elementor-type=\"wp-post\" data-elementor-id=\"5200\" class=\"elementor elementor-5200 elementor-158\" data-elementor-post-type=\"page\">\n\t\t\t\t<div class=\"elementor-element elementor-element-2cd0997 e-con-full e-flex e-con e-parent\" data-id=\"2cd0997\" data-element_type=\"container\" data-e-type=\"container\">\n\t\t<div class=\"elementor-element elementor-element-e9fd12b e-con-full e-flex e-con e-child\" data-id=\"e9fd12b\" data-element_type=\"container\" data-e-type=\"container\">\n\t\t\t\t<div class=\"elementor-element elementor-element-740ded6 elementor-widget elementor-widget-heading\" data-id=\"740ded6\" data-element_type=\"widget\" data-e-type=\"widget\" data-widget_type=\"heading.default\">\n\t\t\t\t<div class=\"elementor-widget-container\">\n\t\t\t\t\t<h2 class=\"elementor-heading-title elementor-size-default\">Pol\u00edtica de privacitat<\/h2>\t\t\t\t<\/div>\n\t\t\t\t<\/div>\n\t\t\t\t<div class=\"elementor-element elementor-element-f2b99ed elementor-widget elementor-widget-heading\" data-id=\"f2b99ed\" data-element_type=\"widget\" data-e-type=\"widget\" data-widget_type=\"heading.default\">\n\t\t\t\t<div class=\"elementor-widget-container\">\n\t\t\t\t\t<h2 class=\"elementor-heading-title elementor-size-default\">Introducci\u00f3<\/h2>\t\t\t\t<\/div>\n\t\t\t\t<\/div>\n\t\t\t\t<div class=\"elementor-element elementor-element-b9131e7 elementor-widget elementor-widget-text-editor\" data-id=\"b9131e7\" data-element_type=\"widget\" data-e-type=\"widget\" data-widget_type=\"text-editor.default\">\n\t\t\t\t<div class=\"elementor-widget-container\">\n\t\t\t\t\t\t\t\t\t<p>En compliment del Reglament (UE) 2016\/679 del Parlament Europeu i del Consell (RGPD) i la Llei Org\u00e0nica 3\/2018 de Protecci\u00f3 de Dades i Garantia dels Drets Digitals (LOPDGDD), l&#8217;informem sobre el tractament de les seves dades personals.<\/p>\t\t\t\t\t\t\t\t<\/div>\n\t\t\t\t<\/div>\n\t\t\t\t<div class=\"elementor-element elementor-element-fe3e516 elementor-widget elementor-widget-heading\" data-id=\"fe3e516\" data-element_type=\"widget\" data-e-type=\"widget\" data-widget_type=\"heading.default\">\n\t\t\t\t<div class=\"elementor-widget-container\">\n\t\t\t\t\t<h2 class=\"elementor-heading-title elementor-size-default\">Controlador de dades<\/h2>\t\t\t\t<\/div>\n\t\t\t\t<\/div>\n\t\t\t\t<div class=\"elementor-element elementor-element-58fe260 enlaces elementor-widget elementor-widget-text-editor\" data-id=\"58fe260\" data-element_type=\"widget\" data-e-type=\"widget\" data-widget_type=\"text-editor.default\">\n\t\t\t\t<div class=\"elementor-widget-container\">\n\t\t\t\t\t\t\t\t\t<ul><li>Denominaci\u00f3 social: ARRIOLA I FIOL ARQUITECTES, SCP<\/li><li>Domicili social: c\/ Mallorca, 289, baixos, 08037, Barcelona<\/li><li>CIF: J58516873<\/li><li>Tel\u00e8fon de contacte: 934 570 357<\/li><li>Correu electr\u00f2nic de contacte: <a href=\"mailto:arriolafiol@arriolafiol.com\">arriolafiol@arriolafiol.com<\/a><\/li><\/ul>\t\t\t\t\t\t\t\t<\/div>\n\t\t\t\t<\/div>\n\t\t\t\t<div class=\"elementor-element elementor-element-c601efa elementor-widget elementor-widget-heading\" data-id=\"c601efa\" data-element_type=\"widget\" data-e-type=\"widget\" data-widget_type=\"heading.default\">\n\t\t\t\t<div class=\"elementor-widget-container\">\n\t\t\t\t\t<h2 class=\"elementor-heading-title elementor-size-default\">Finalitat del processament<\/h2>\t\t\t\t<\/div>\n\t\t\t\t<\/div>\n\t\t\t\t<div class=\"elementor-element elementor-element-cc09efc elementor-widget elementor-widget-text-editor\" data-id=\"cc09efc\" data-element_type=\"widget\" data-e-type=\"widget\" data-widget_type=\"text-editor.default\">\n\t\t\t\t<div class=\"elementor-widget-container\">\n\t\t\t\t\t\t\t\t\t<p>Processem les dades que ens facilites per a les seg\u00fcents finalitats:<\/p><ul><li>Per preparar adequadament la proposta de servei sol\u00b7licitada.<\/li><li>Gestionar la contractaci\u00f3 dels serveis sol\u00b7licitats i la facturaci\u00f3 corresponent.<\/li><li>Mantenir el contacte per tal de recopilar informaci\u00f3 o proporcionar informaci\u00f3 sobre els serveis contractats i\/o les seves modificacions.<\/li><li>Per determinar el grau de satisfacci\u00f3 amb els serveis rebuts.<\/li><li>Remetre comunicacions electr\u00f2niques relatives a activitats, novetats, esdeveniments i not\u00edcies de l&#8217;empresa que puguin ser del seu inter\u00e8s, d&#8217;acord amb la naturalesa del servei contractat i sempre que no manifesti el seu desig de no rebre-les, tal com permet la Llei 34\/2002, d&#8217;11 de juliol, de serveis de la societat de la informaci\u00f3 i de comer\u00e7 electr\u00f2nic.<\/li><li>En relaci\u00f3 amb les sol\u00b7licituds de contacte, les dades seran tractades per tal de proporcionar una gesti\u00f3 i atenci\u00f3 adequada a la sol\u00b7licitud d&#8217;acord amb la seva naturalesa.<\/li><\/ul>\t\t\t\t\t\t\t\t<\/div>\n\t\t\t\t<\/div>\n\t\t\t\t<div class=\"elementor-element elementor-element-69238ec elementor-widget elementor-widget-heading\" data-id=\"69238ec\" data-element_type=\"widget\" data-e-type=\"widget\" data-widget_type=\"heading.default\">\n\t\t\t\t<div class=\"elementor-widget-container\">\n\t\t\t\t\t<h2 class=\"elementor-heading-title elementor-size-default\">Legitimitat<\/h2>\t\t\t\t<\/div>\n\t\t\t\t<\/div>\n\t\t\t\t<div class=\"elementor-element elementor-element-e23fae8 enlaces elementor-widget elementor-widget-text-editor\" data-id=\"e23fae8\" data-element_type=\"widget\" data-e-type=\"widget\" data-widget_type=\"text-editor.default\">\n\t\t\t\t<div class=\"elementor-widget-container\">\n\t\t\t\t\t\t\t\t\t<p>La base legal per al tractament de les vostres dades \u00e9s el vostre consentiment, que podeu retirar en qualsevol moment sense que aix\u00f2 afecti la legalitat del tractament previ. Si voleu m\u00e9s informaci\u00f3 sobre aquest tema, poseu-vos en contacte amb nosaltres a <a href=\"mailto:arriolafiol@arriolafiol.com\">arriolafiol@arriolafiol.com<\/a> <\/p>\t\t\t\t\t\t\t\t<\/div>\n\t\t\t\t<\/div>\n\t\t\t\t<div class=\"elementor-element elementor-element-0920790 elementor-widget elementor-widget-heading\" data-id=\"0920790\" data-element_type=\"widget\" data-e-type=\"widget\" data-widget_type=\"heading.default\">\n\t\t\t\t<div class=\"elementor-widget-container\">\n\t\t\t\t\t<h2 class=\"elementor-heading-title elementor-size-default\">Retenci\u00f3 de dades<\/h2>\t\t\t\t<\/div>\n\t\t\t\t<\/div>\n\t\t\t\t<div class=\"elementor-element elementor-element-7ba72d2 elementor-widget elementor-widget-text-editor\" data-id=\"7ba72d2\" data-element_type=\"widget\" data-e-type=\"widget\" data-widget_type=\"text-editor.default\">\n\t\t\t\t<div class=\"elementor-widget-container\">\n\t\t\t\t\t\t\t\t\t<p>Les dades es conservaran mentre es mantingui la relaci\u00f3 o fins que sol\u00b7liciti la seva supressi\u00f3.<\/p>\t\t\t\t\t\t\t\t<\/div>\n\t\t\t\t<\/div>\n\t\t\t\t<div class=\"elementor-element elementor-element-f870451 elementor-widget elementor-widget-heading\" data-id=\"f870451\" data-element_type=\"widget\" data-e-type=\"widget\" data-widget_type=\"heading.default\">\n\t\t\t\t<div class=\"elementor-widget-container\">\n\t\t\t\t\t<h2 class=\"elementor-heading-title elementor-size-default\">Destinataris<\/h2>\t\t\t\t<\/div>\n\t\t\t\t<\/div>\n\t\t\t\t<div class=\"elementor-element elementor-element-a5767e4 elementor-widget elementor-widget-text-editor\" data-id=\"a5767e4\" data-element_type=\"widget\" data-e-type=\"widget\" data-widget_type=\"text-editor.default\">\n\t\t\t\t<div class=\"elementor-widget-container\">\n\t\t\t\t\t\t\t\t\t<p>No es cediran dades a tercers, llevat que hi hagi obligaci\u00f3 legal o a prove\u00efdors amb un contracte de tractament de dades en vigor (allotjament, correu, CRM, etc.).<\/p>\t\t\t\t\t\t\t\t<\/div>\n\t\t\t\t<\/div>\n\t\t\t\t<div class=\"elementor-element elementor-element-ff2a594 elementor-widget elementor-widget-heading\" data-id=\"ff2a594\" data-element_type=\"widget\" data-e-type=\"widget\" data-widget_type=\"heading.default\">\n\t\t\t\t<div class=\"elementor-widget-container\">\n\t\t\t\t\t<h2 class=\"elementor-heading-title elementor-size-default\">Drets<\/h2>\t\t\t\t<\/div>\n\t\t\t\t<\/div>\n\t\t\t\t<div class=\"elementor-element elementor-element-55bddc1 enlaces elementor-widget elementor-widget-text-editor\" data-id=\"55bddc1\" data-element_type=\"widget\" data-e-type=\"widget\" data-widget_type=\"text-editor.default\">\n\t\t\t\t<div class=\"elementor-widget-container\">\n\t\t\t\t\t\t\t\t\t<p>Podeu exercir els vostres drets d&#8217;acc\u00e9s, rectificaci\u00f3, supressi\u00f3, oposici\u00f3, limitaci\u00f3 del tractament i portabilitat enviant un correu electr\u00f2nic a <a href=\"mailto:arriolafiol@arriolafiol.com\">arriolafiol@arriolafiol.com<\/a> amb l&#8217;assumpte &#8220;Protecci\u00f3 de dades&#8221;. Tamb\u00e9 podeu presentar una reclamaci\u00f3 davant l&#8217;Ag\u00e8ncia Espanyola de Protecci\u00f3 de Dades <a href=\"https:\/\/www.aepd.es\/\">www.aepd.es.<\/a> <\/p>\t\t\t\t\t\t\t\t<\/div>\n\t\t\t\t<\/div>\n\t\t\t\t<\/div>\n\t\t\t\t<\/div>\n\t\t\t\t<\/div>\n\t\t","protected":false},"excerpt":{"rendered":"<p>Pol\u00edtica de privacitat Introducci\u00f3 En compliment del Reglament (UE) 2016\/679 del Parlament Europeu i del Consell (RGPD) i la Llei Org\u00e0nica 3\/2018 de Protecci\u00f3 de Dades i Garantia dels Drets Digitals (LOPDGDD), l&#8217;informem sobre el tractament de les seves dades personals. Controlador de dades Denominaci\u00f3 social: ARRIOLA I FIOL ARQUITECTES, SCP Domicili social: c\/ Mallorca, [&hellip;]<\/p>\n","protected":false},"author":1,"featured_media":0,"parent":0,"menu_order":0,"comment_status":"closed","ping_status":"closed","template":"elementor_header_footer","meta":{"_acf_changed":false,"footnotes":""},"class_list":["post-5200","page","type-page","status-publish","hentry"],"acf":[],"yoast_head":"<!-- This site is optimized with the Yoast SEO plugin v27.3 - https:\/\/yoast.com\/product\/yoast-seo-wordpress\/ -->\n<title>Privacitat - Arriola &amp; Fiol<\/title>\n<meta name=\"robots\" content=\"index, follow, max-snippet:-1, max-image-preview:large, max-video-preview:-1\" \/>\n<link rel=\"canonical\" href=\"https:\/\/arriolafiol.com\/ca\/privacitat\/\" \/>\n<meta property=\"og:locale\" content=\"ca_ES\" \/>\n<meta property=\"og:type\" content=\"article\" \/>\n<meta property=\"og:title\" content=\"Privacitat - Arriola &amp; Fiol\" \/>\n<meta property=\"og:description\" content=\"Pol\u00edtica de privacitat Introducci\u00f3 En compliment del Reglament (UE) 2016\/679 del Parlament Europeu i del Consell (RGPD) i la Llei Org\u00e0nica 3\/2018 de Protecci\u00f3 de Dades i Garantia dels Drets Digitals (LOPDGDD), l&#8217;informem sobre el tractament de les seves dades personals. Controlador de dades Denominaci\u00f3 social: ARRIOLA I FIOL ARQUITECTES, SCP Domicili social: c\/ Mallorca, [&hellip;]\" \/>\n<meta property=\"og:url\" content=\"https:\/\/arriolafiol.com\/ca\/privacitat\/\" \/>\n<meta property=\"og:site_name\" content=\"Arriola &amp; Fiol\" \/>\n<meta property=\"article:modified_time\" content=\"2025-07-15T07:03:21+00:00\" \/>\n<meta name=\"twitter:card\" content=\"summary_large_image\" \/>\n<meta name=\"twitter:label1\" content=\"Temps estimat de lectura\" \/>\n\t<meta name=\"twitter:data1\" content=\"2 minuts\" \/>\n<script type=\"application\/ld+json\" class=\"yoast-schema-graph\">{\"@context\":\"https:\\\/\\\/schema.org\",\"@graph\":[{\"@type\":\"WebPage\",\"@id\":\"https:\\\/\\\/arriolafiol.com\\\/ca\\\/privacitat\\\/\",\"url\":\"https:\\\/\\\/arriolafiol.com\\\/ca\\\/privacitat\\\/\",\"name\":\"Privacitat - Arriola &amp; Fiol\",\"isPartOf\":{\"@id\":\"https:\\\/\\\/arriolafiol.com\\\/ca\\\/#website\"},\"datePublished\":\"2025-02-07T13:17:26+00:00\",\"dateModified\":\"2025-07-15T07:03:21+00:00\",\"breadcrumb\":{\"@id\":\"https:\\\/\\\/arriolafiol.com\\\/ca\\\/privacitat\\\/#breadcrumb\"},\"inLanguage\":\"ca\",\"potentialAction\":[{\"@type\":\"ReadAction\",\"target\":[\"https:\\\/\\\/arriolafiol.com\\\/ca\\\/privacitat\\\/\"]}]},{\"@type\":\"BreadcrumbList\",\"@id\":\"https:\\\/\\\/arriolafiol.com\\\/ca\\\/privacitat\\\/#breadcrumb\",\"itemListElement\":[{\"@type\":\"ListItem\",\"position\":1,\"name\":\"Home\",\"item\":\"https:\\\/\\\/arriolafiol.com\\\/ca\\\/inici\\\/\"},{\"@type\":\"ListItem\",\"position\":2,\"name\":\"Privacitat\"}]},{\"@type\":\"WebSite\",\"@id\":\"https:\\\/\\\/arriolafiol.com\\\/ca\\\/#website\",\"url\":\"https:\\\/\\\/arriolafiol.com\\\/ca\\\/\",\"name\":\"Arriola &amp; Fiol\",\"description\":\"\",\"potentialAction\":[{\"@type\":\"SearchAction\",\"target\":{\"@type\":\"EntryPoint\",\"urlTemplate\":\"https:\\\/\\\/arriolafiol.com\\\/ca\\\/?s={search_term_string}\"},\"query-input\":{\"@type\":\"PropertyValueSpecification\",\"valueRequired\":true,\"valueName\":\"search_term_string\"}}],\"inLanguage\":\"ca\"}]}<\/script>\n<!-- \/ Yoast SEO plugin. -->","yoast_head_json":{"title":"Privacitat - Arriola &amp; Fiol","robots":{"index":"index","follow":"follow","max-snippet":"max-snippet:-1","max-image-preview":"max-image-preview:large","max-video-preview":"max-video-preview:-1"},"canonical":"https:\/\/arriolafiol.com\/ca\/privacitat\/","og_locale":"ca_ES","og_type":"article","og_title":"Privacitat - Arriola &amp; Fiol","og_description":"Pol\u00edtica de privacitat Introducci\u00f3 En compliment del Reglament (UE) 2016\/679 del Parlament Europeu i del Consell (RGPD) i la Llei Org\u00e0nica 3\/2018 de Protecci\u00f3 de Dades i Garantia dels Drets Digitals (LOPDGDD), l&#8217;informem sobre el tractament de les seves dades personals. Controlador de dades Denominaci\u00f3 social: ARRIOLA I FIOL ARQUITECTES, SCP Domicili social: c\/ Mallorca, [&hellip;]","og_url":"https:\/\/arriolafiol.com\/ca\/privacitat\/","og_site_name":"Arriola &amp; Fiol","article_modified_time":"2025-07-15T07:03:21+00:00","twitter_card":"summary_large_image","twitter_misc":{"Temps estimat de lectura":"2 minuts"},"schema":{"@context":"https:\/\/schema.org","@graph":[{"@type":"WebPage","@id":"https:\/\/arriolafiol.com\/ca\/privacitat\/","url":"https:\/\/arriolafiol.com\/ca\/privacitat\/","name":"Privacitat - Arriola &amp; Fiol","isPartOf":{"@id":"https:\/\/arriolafiol.com\/ca\/#website"},"datePublished":"2025-02-07T13:17:26+00:00","dateModified":"2025-07-15T07:03:21+00:00","breadcrumb":{"@id":"https:\/\/arriolafiol.com\/ca\/privacitat\/#breadcrumb"},"inLanguage":"ca","potentialAction":[{"@type":"ReadAction","target":["https:\/\/arriolafiol.com\/ca\/privacitat\/"]}]},{"@type":"BreadcrumbList","@id":"https:\/\/arriolafiol.com\/ca\/privacitat\/#breadcrumb","itemListElement":[{"@type":"ListItem","position":1,"name":"Home","item":"https:\/\/arriolafiol.com\/ca\/inici\/"},{"@type":"ListItem","position":2,"name":"Privacitat"}]},{"@type":"WebSite","@id":"https:\/\/arriolafiol.com\/ca\/#website","url":"https:\/\/arriolafiol.com\/ca\/","name":"Arriola &amp; Fiol","description":"","potentialAction":[{"@type":"SearchAction","target":{"@type":"EntryPoint","urlTemplate":"https:\/\/arriolafiol.com\/ca\/?s={search_term_string}"},"query-input":{"@type":"PropertyValueSpecification","valueRequired":true,"valueName":"search_term_string"}}],"inLanguage":"ca"}]}},"_links":{"self":[{"href":"https:\/\/arriolafiol.com\/ca\/wp-json\/wp\/v2\/pages\/5200","targetHints":{"allow":["GET"]}}],"collection":[{"href":"https:\/\/arriolafiol.com\/ca\/wp-json\/wp\/v2\/pages"}],"about":[{"href":"https:\/\/arriolafiol.com\/ca\/wp-json\/wp\/v2\/types\/page"}],"author":[{"embeddable":true,"href":"https:\/\/arriolafiol.com\/ca\/wp-json\/wp\/v2\/users\/1"}],"replies":[{"embeddable":true,"href":"https:\/\/arriolafiol.com\/ca\/wp-json\/wp\/v2\/comments?post=5200"}],"version-history":[{"count":1,"href":"https:\/\/arriolafiol.com\/ca\/wp-json\/wp\/v2\/pages\/5200\/revisions"}],"predecessor-version":[{"id":5201,"href":"https:\/\/arriolafiol.com\/ca\/wp-json\/wp\/v2\/pages\/5200\/revisions\/5201"}],"wp:attachment":[{"href":"https:\/\/arriolafiol.com\/ca\/wp-json\/wp\/v2\/media?parent=5200"}],"curies":[{"name":"wp","href":"https:\/\/api.w.org\/{rel}","templated":true}]}}