{"id":5202,"date":"2025-05-21T14:46:43","date_gmt":"2025-05-21T14:46:43","guid":{"rendered":"https:\/\/arriolafiol.com\/premis\/"},"modified":"2025-07-15T07:20:19","modified_gmt":"2025-07-15T07:20:19","slug":"premis","status":"publish","type":"page","link":"https:\/\/arriolafiol.com\/ca\/premis\/","title":{"rendered":"Premis"},"content":{"rendered":"\t\t<div data-elementor-type=\"wp-post\" data-elementor-id=\"5202\" class=\"elementor elementor-5202 elementor-2101\" data-elementor-post-type=\"page\">\n\t\t\t\t<div class=\"elementor-element elementor-element-ff86cfa e-con-full e-flex e-con e-parent\" data-id=\"ff86cfa\" data-element_type=\"container\" data-e-type=\"container\">\n\t\t<div class=\"elementor-element elementor-element-530383d e-con-full e-flex e-con e-child\" data-id=\"530383d\" data-element_type=\"container\" data-e-type=\"container\">\n\t\t\t\t<div class=\"elementor-element elementor-element-0079f35 elementor-widget elementor-widget-heading\" data-id=\"0079f35\" data-element_type=\"widget\" data-e-type=\"widget\" data-widget_type=\"heading.default\">\n\t\t\t\t<div class=\"elementor-widget-container\">\n\t\t\t\t\t<h2 class=\"elementor-heading-title elementor-size-default\">Premis<\/h2>\t\t\t\t<\/div>\n\t\t\t\t<\/div>\n\t\t\t\t<\/div>\n\t\t<div class=\"elementor-element elementor-element-3d48c69 e-con-full e-flex e-con e-child\" data-id=\"3d48c69\" data-element_type=\"container\" data-e-type=\"container\">\n\t\t<div class=\"elementor-element elementor-element-b8a2cde e-con-full e-flex e-con e-child\" data-id=\"b8a2cde\" data-element_type=\"container\" data-e-type=\"container\">\n\t\t\t\t<div class=\"elementor-element elementor-element-c7d81a8 elementor-widget elementor-widget-text-editor\" data-id=\"c7d81a8\" data-element_type=\"widget\" data-e-type=\"widget\" data-widget_type=\"text-editor.default\">\n\t\t\t\t<div class=\"elementor-widget-container\">\n\t\t\t\t\t\t\t\t\t<p><strong>2020<\/strong><\/p><ul><li>XV Bienal Espa\u00f1ola de Arquitectura y Urbanismo, Crown Square<\/li><li>XV Bienal Espa\u00f1ola de Arquitectura y Urbanismo, Casa En Pujalt<\/li><\/ul><p> <\/p><p><strong>2019<\/strong><\/p><ul><li>Architectural Journal Awards. Crown Square, Manchester <\/li><\/ul><p> <\/p><p><strong>2018<\/strong><\/p><ul><li>Premis FAD d\u2019Arquitectura i Interiorisme. Casa Costa a Pujalt <\/li><li>Premis FAD Internacional d\u2019Arquitectura. Crown Square, Manchester <\/li><li>Diploma Consell Social UPC. Illa Eficient Barcelona <\/li><li>2n Premi \u00c9coquartier les Plaines du Loup, Lausanne, Su\u00efssa<\/li><li>3r Premi Centre Ville Saint-L\u00f4, Espanya<\/li><li>2n Premi Pla\u00e7a de la Catedral, Tortosa, Espanya<\/li><\/ul><p><strong> <\/strong><\/p><p><strong>2017<\/strong><\/p><ul><li>3r Premi All\u00e9es de Gaulle, Condom, Fran\u00e7a<\/li><li>2n Premi Ensemble immobilier Rue Erlarger. Paris Habitat. Paris XVI, Fran\u00e7a  <\/li><li>Finalistes Barri del Rec, Igualada, Espanya<\/li><li>Finalistes Disseny urb\u00e0 de quarters i habitatges a Sant Pasqual, Santa Coloma de Gramenet, Espanya<\/li><\/ul><p><strong> <\/strong><\/p><p><strong>2016<\/strong><\/p><ul><li>2n Premi Urbane Freir.ume f\u00fcr das quartier Elbbr\u00fccken, HafenCity, Hamburg, Alemanya. Premi Universitat Polit\u00e8cnica de Catalunya UPC 2016 <\/li><li>1r Premi Crown Square Development, Aliat a Londres, Manchester, Regne Unit. Premi UPC 2016 <\/li><li>1r Premi Parc Ursvik, Municipi de Sundbyberg, Estocolm, Su\u00e8cia<\/li><li>Finalistes Area Commerce Ile Feydeaux, Nantes, Fran\u00e7a<\/li><li>2n Premi del Disseny Urb\u00e0 \u2018Yuan Ye Award&#8217; per \u2018La Rose de Cherbourg&#8217;<\/li><li>2n Premi de Paisatge Exquisit \u2018Yuan Ye Award&#8217; per \u2018Wagramer Strasse&#8217;<\/li><li>3r Premi del Disseny Urb\u00e0 \u2018Yuan Ye Award&#8217; per \u2018Calgary Civic District&#8217;<\/li><li>3r Premi de Paisatge Exquisit \u2018Yuan Ye Award&#8217; per \u2018Place Sainte-Anne&#8217;<\/li><\/ul><p><strong> <\/strong><\/p><p><strong>2015<\/strong><\/p><ul><li>1r Premi Illa Eficient Barcelona. Generalitat de Catalunya. Premi UPC 2015  <\/li><li>PREMIS FAD d&#8217;Arquitectura i Interiorisme. Selecci\u00f3 Casa Costa, Pujalt, Espanya <\/li><li>3r Premi Lungomare Torregrande, Oristano, It\u00e0lia<\/li><\/ul><p> <\/p><p><strong>2014<\/strong><\/p><ul><li>1r Premi Neugestaltung Wagramer Strasse, Wien Stadt, \u00c0ustria. Premi UPC 2014 <\/li><li>4t Premi Ampliamento della Galleria d\u2019Arte Comunale, Cagliari, It\u00e0lia<\/li><li>1r Premi East Village Urban Park, Calgary, Canad\u00e0.<\/li><\/ul><p> <\/p><p><strong>2013<\/strong><\/p><ul><li>1r Premi La Rose de Cherbourg, La D\u00e9fense, Par\u00eds, Fran\u00e7a.<\/li><li>1r Premi d&#8217;Estrat\u00e8gia de Districte C\u00edvic, Calgary, Canad\u00e0<\/li><li>Finalista Villes et Champs, Gen\u00e8ve, Su\u00efssa<\/li><li>2n premi Place Sainte Anne, Rennes, Fran\u00e7a<\/li><\/ul><p> <\/p><p><strong>2012<\/strong><\/p><ul><li>Pla\u00e7a central finalista i banc de rius a Werdhol an die Lenne, Werdhol, Alemanya<\/li><li>Finalistes Espacios libres Zorrotzaurre, Bilbao, Espanya<\/li><\/ul><p><strong> <\/strong><\/p><p><strong>2011<\/strong><\/p><ul><li>Premi Piranesi de Roma. Roma, It\u00e0lia. Finalista Museu de les Termes Romanes de Sant Boi de Llobregat.  <\/li><li>Finalistes Sector Urb\u00e0 de Baakenhafen, Hafencity, Hamburg, Alemanya<\/li><li>Finalistes Les Grand Places, Fribourg, Su\u00efssa<\/li><\/ul><p> <\/p><p><strong>2010<\/strong><\/p><ul><li>1r Premi Machelem and Diegem, Bruxelles, B\u00e8lgica<\/li><li>Premio Nacional de Vivienda 2010 Patronat Municipal de l\u2019Habitatge de Barcelona. Habitatges Borrell <\/li><li>Finalistes Parc Bundes Autobahn, Hamburg, Alemanya<\/li><li>Parkland Tempelhof, Berl\u00edn<\/li><li>Finalistes \u00cele de Nantes, Nantes, Fran\u00e7a<\/li><\/ul><p> <\/p><p><strong>2009<\/strong><\/p><ul><li>PREMIS FAD d\u2019Arquitectura i Interiorisme Barcelona \u2013 Finalist Museum of Music of Catalonia. Barcelona, Espanya <\/li><li>X Biennal Espanyola d&#8217;Arquitectura i Urbanisme \u2013 Finalista Gran Via de Llevant a Barcelona<\/li><li>2n premi Corredor Verd de Barcelona, Cerdanyola del Vall\u00e8s, Espanya<\/li><li>Lungomare S. Girolamo, Bari, Italia<\/li><li>Lohsepark, Hamburg, Alemanya<\/li><li>X Biennal Espanyola d&#8217;Arquitectura i Urbanisme \u2013 Finalista Torre Urrutia de Barcelona<\/li><li>Premi D\u00e8cada Fundaci\u00f3 Oscar Tusquets Blanca \u2013 Finalist Parc Central de Nou Barris, Barcelona. Espanya <\/li><li>Finalistes Kultorvet and Hauser Plads, Copenhagen<\/li><\/ul><p> <\/p><p><strong>2007<\/strong><\/p><ul><li>IULA 2007, Premi Internacional de Paisatge Urb\u00e0. Eurohypo, Topos. Frankfurt, Alemanya. Parc Central de Nou Barris i Pla\u00e7a Virrei Amat   <\/li><li>Premi Internacional de Disseny ADI-FAD 2007. Selecci\u00f3 de banc Boomerang <\/li><li>Rimesse in Gioco, Porta Maggiore, Roma<\/li><\/ul><p> <\/p><p><strong>2006  <\/strong><\/p><ul><li>1r Premi Piazza Varlungo, Firenze, Italia<\/li><li>VIII Premio de Arquitectura del Ladrillo 2003-2005, Espanya \u2013 Torre Urrutia<\/li><li>VIII Premio de Arquitectura del Ladrillo 2003-2005, Espanya \u2013 Parc Central de Nou Barris<\/li><\/ul><p> <\/p><p><strong>2005<\/strong><\/p><ul><li>Premi d&#8217;Arquitectura Contempor\u00e0nia de la Uni\u00f3 Europea Mies van der Rohe \u2013 Finalista Parc Central de Nou Barris a Barcelona<\/li><li>EXPO 2008, 2n premi Parque del Agua, Zaragoza, Espanya<\/li><\/ul><p> <\/p><p><strong>2004<\/strong><\/p><ul><li>Premi Europeu de l&#8217;Espai P\u00fablic Urb\u00e0 CCCB \u2013 Finalista Parc Central de Nou Barris de Barcelona<\/li><li>1r premi Plaza de Torrej\u00f3n de Ardoz, Madrid<\/li><\/ul><p> <\/p><p><strong>2003<\/strong><\/p><ul><li>III Biennal Europea de Paisatge Barcelona \u2013 Finalista Parc de Nou Barris a Barcelona<\/li><\/ul><p> <\/p><p><strong>2002  <\/strong><\/p><ul><li>Freshkills Landfill, ciutat de Nova York, Nova York, EUA<\/li><\/ul><p> <\/p><p><strong>2001  <\/strong><\/p><ul><li>Huerto de los Leones, UNESCO, Alcal\u00e1 de Henares, Espanya<\/li><\/ul><p> <\/p><p><strong>2000<\/strong><\/p><ul><li>Premi D\u00e9cada, Fundaci\u00f3 Oscar Tusquets Blanca \u2013 Finalistes Pla\u00e7a de l\u2019\u00c0ngel Jurat: R. Venturi, D. Scott Brown<\/li><\/ul><p> <\/p><p><strong>1999<\/strong><\/p><ul><li>Pla\u00e7a Emir Abdelkader, Alger<\/li><\/ul><p> <\/p><p><strong>1998<\/strong><\/p><ul><li>PREMIS FAD d\u2019Arquitectura i Interiorisme. Finalist Museu de les Termes Romanes de Sant Boi de Llobregat, Espanya <\/li><\/ul><p> <\/p><p><strong>1996<\/strong><\/p><ul><li> Expo 2000 Hannover, Alemanya<\/li><\/ul><p> <\/p><p><strong>1994<\/strong><\/p><ul><li>Premio Archit\u00e9cti, Centro Cultural Bel\u00e9m, Lisboa, Portugal \u2013Finalistes Pla\u00e7a d\u2019Isl\u00e0ndia a Barcelona<\/li><\/ul><p> <\/p><p><strong>1992<\/strong><\/p><ul><li>Biennal Espanyola d&#8217;Arquitectura \u2013 Finalista Pla\u00e7a de les Gl\u00f2ries Catalanes<\/li><li>Premio Nacional de Arquitectura del Ladrillo, Hyspalit 1988-1991 \u2013 Finalistes Pla\u00e7a del Fossar de les Moreres<\/li><\/ul><p> <\/p><p><strong>1990<\/strong><\/p><ul><li>Premi Pr\u00edncep de Gal\u00b7les en Disseny Urb\u00e0: Els Espais P\u00fablics Urbans de Barcelona 1981-1987, Universitat Harvard, EUA<\/li><li>Biennal Espanyola d&#8217;Arquitectura. Finalistes Parc de l&#8217;Estaci\u00f3 del Nord <\/li><\/ul><p> <\/p><p><strong>1989<\/strong><\/p><ul><li>PREMIS FAD d\u2019Arquitectura i Interiorisme \u2013 Finalistes Pla\u00e7a Fossar de les Moreres<\/li><\/ul><p> <\/p><p><strong>1987<\/strong><\/p><ul><li>PREMIS FAD d\u2019Arquitectura i Interiorisme \u2013 Finalistes Jard\u00ed de la Torre de les A\u00efgues<\/li><li>PREMIS FAD d\u2019Arquitectura i Interiorisme \u2013 Finalistes Parc del Molinet<\/li><\/ul><p> <\/p><p><strong>1985  <\/strong><\/p><ul><li>PREMIS FAD d\u2019Arquitectura i Interiorisme \u2013 Finalistes Jard\u00ed i Carrer Joan de Mena<\/li><\/ul><p><strong> <\/strong><\/p><p><strong>1984  <\/strong><\/p><ul><li>PREMIS FAD d\u2019Arquitectura i Interiorisme \u2013 Finalistes Pla\u00e7a Tetuan, Barcelona<\/li><li>Delta de Plata ADIFAD. Premi de Disseny Industrial. Lamparaalta  <\/li><\/ul><p> <\/p><p><strong>1982<\/strong><\/p><ul><li>1r Premi exaequo Parc de La Villette, Par\u00eds, Fran\u00e7a<\/li><\/ul>\t\t\t\t\t\t\t\t<\/div>\n\t\t\t\t<\/div>\n\t\t\t\t<\/div>\n\t\t\t\t<\/div>\n\t\t\t\t<\/div>\n\t\t\t\t<\/div>\n\t\t","protected":false},"excerpt":{"rendered":"<p>Premis 2020 XV Bienal Espa\u00f1ola de Arquitectura y Urbanismo, Crown Square XV Bienal Espa\u00f1ola de Arquitectura y Urbanismo, Casa En Pujalt 2019 Architectural Journal Awards. Crown Square, Manchester 2018 Premis FAD d\u2019Arquitectura i Interiorisme. Casa Costa a Pujalt Premis FAD Internacional d\u2019Arquitectura. Crown Square, Manchester Diploma Consell Social UPC. Illa Eficient Barcelona 2n Premi \u00c9coquartier [&hellip;]<\/p>\n","protected":false},"author":1,"featured_media":0,"parent":0,"menu_order":0,"comment_status":"closed","ping_status":"closed","template":"elementor_header_footer","meta":{"_acf_changed":false,"footnotes":""},"class_list":["post-5202","page","type-page","status-publish","hentry"],"acf":[],"yoast_head":"<!-- This site is optimized with the Yoast SEO plugin v27.3 - https:\/\/yoast.com\/product\/yoast-seo-wordpress\/ -->\n<title>Premis - Arriola &amp; Fiol<\/title>\n<meta name=\"description\" content=\"Descobreix els premis i reconeixements que Arriola &amp; Fiol ha guanyat, celebrant l&#039;excel\u00b7l\u00e8ncia en arquitectura i disseny.\" \/>\n<meta name=\"robots\" content=\"index, follow, max-snippet:-1, max-image-preview:large, max-video-preview:-1\" \/>\n<link rel=\"canonical\" href=\"https:\/\/arriolafiol.com\/ca\/premis\/\" \/>\n<meta property=\"og:locale\" content=\"ca_ES\" \/>\n<meta property=\"og:type\" content=\"article\" \/>\n<meta property=\"og:title\" content=\"Premis - Arriola &amp; Fiol\" \/>\n<meta property=\"og:description\" content=\"Descobreix els premis i reconeixements que Arriola &amp; Fiol ha guanyat, celebrant l&#039;excel\u00b7l\u00e8ncia en arquitectura i disseny.\" \/>\n<meta property=\"og:url\" content=\"https:\/\/arriolafiol.com\/ca\/premis\/\" \/>\n<meta property=\"og:site_name\" content=\"Arriola &amp; Fiol\" \/>\n<meta property=\"article:modified_time\" content=\"2025-07-15T07:20:19+00:00\" \/>\n<meta name=\"twitter:card\" content=\"summary_large_image\" \/>\n<meta name=\"twitter:label1\" content=\"Temps estimat de lectura\" \/>\n\t<meta name=\"twitter:data1\" content=\"4 minuts\" \/>\n<script type=\"application\/ld+json\" class=\"yoast-schema-graph\">{\"@context\":\"https:\\\/\\\/schema.org\",\"@graph\":[{\"@type\":\"WebPage\",\"@id\":\"https:\\\/\\\/arriolafiol.com\\\/ca\\\/premis\\\/\",\"url\":\"https:\\\/\\\/arriolafiol.com\\\/ca\\\/premis\\\/\",\"name\":\"Premis - Arriola &amp; Fiol\",\"isPartOf\":{\"@id\":\"https:\\\/\\\/arriolafiol.com\\\/ca\\\/#website\"},\"datePublished\":\"2025-05-21T14:46:43+00:00\",\"dateModified\":\"2025-07-15T07:20:19+00:00\",\"description\":\"Descobreix els premis i reconeixements que Arriola & Fiol ha guanyat, celebrant l'excel\u00b7l\u00e8ncia en arquitectura i disseny.\",\"breadcrumb\":{\"@id\":\"https:\\\/\\\/arriolafiol.com\\\/ca\\\/premis\\\/#breadcrumb\"},\"inLanguage\":\"ca\",\"potentialAction\":[{\"@type\":\"ReadAction\",\"target\":[\"https:\\\/\\\/arriolafiol.com\\\/ca\\\/premis\\\/\"]}]},{\"@type\":\"BreadcrumbList\",\"@id\":\"https:\\\/\\\/arriolafiol.com\\\/ca\\\/premis\\\/#breadcrumb\",\"itemListElement\":[{\"@type\":\"ListItem\",\"position\":1,\"name\":\"Home\",\"item\":\"https:\\\/\\\/arriolafiol.com\\\/ca\\\/inici\\\/\"},{\"@type\":\"ListItem\",\"position\":2,\"name\":\"Premis\"}]},{\"@type\":\"WebSite\",\"@id\":\"https:\\\/\\\/arriolafiol.com\\\/ca\\\/#website\",\"url\":\"https:\\\/\\\/arriolafiol.com\\\/ca\\\/\",\"name\":\"Arriola &amp; Fiol\",\"description\":\"\",\"potentialAction\":[{\"@type\":\"SearchAction\",\"target\":{\"@type\":\"EntryPoint\",\"urlTemplate\":\"https:\\\/\\\/arriolafiol.com\\\/ca\\\/?s={search_term_string}\"},\"query-input\":{\"@type\":\"PropertyValueSpecification\",\"valueRequired\":true,\"valueName\":\"search_term_string\"}}],\"inLanguage\":\"ca\"}]}<\/script>\n<!-- \/ Yoast SEO plugin. -->","yoast_head_json":{"title":"Premis - Arriola &amp; Fiol","description":"Descobreix els premis i reconeixements que Arriola & Fiol ha guanyat, celebrant l'excel\u00b7l\u00e8ncia en arquitectura i disseny.","robots":{"index":"index","follow":"follow","max-snippet":"max-snippet:-1","max-image-preview":"max-image-preview:large","max-video-preview":"max-video-preview:-1"},"canonical":"https:\/\/arriolafiol.com\/ca\/premis\/","og_locale":"ca_ES","og_type":"article","og_title":"Premis - Arriola &amp; Fiol","og_description":"Descobreix els premis i reconeixements que Arriola & Fiol ha guanyat, celebrant l'excel\u00b7l\u00e8ncia en arquitectura i disseny.","og_url":"https:\/\/arriolafiol.com\/ca\/premis\/","og_site_name":"Arriola &amp; Fiol","article_modified_time":"2025-07-15T07:20:19+00:00","twitter_card":"summary_large_image","twitter_misc":{"Temps estimat de lectura":"4 minuts"},"schema":{"@context":"https:\/\/schema.org","@graph":[{"@type":"WebPage","@id":"https:\/\/arriolafiol.com\/ca\/premis\/","url":"https:\/\/arriolafiol.com\/ca\/premis\/","name":"Premis - Arriola &amp; Fiol","isPartOf":{"@id":"https:\/\/arriolafiol.com\/ca\/#website"},"datePublished":"2025-05-21T14:46:43+00:00","dateModified":"2025-07-15T07:20:19+00:00","description":"Descobreix els premis i reconeixements que Arriola & Fiol ha guanyat, celebrant l'excel\u00b7l\u00e8ncia en arquitectura i disseny.","breadcrumb":{"@id":"https:\/\/arriolafiol.com\/ca\/premis\/#breadcrumb"},"inLanguage":"ca","potentialAction":[{"@type":"ReadAction","target":["https:\/\/arriolafiol.com\/ca\/premis\/"]}]},{"@type":"BreadcrumbList","@id":"https:\/\/arriolafiol.com\/ca\/premis\/#breadcrumb","itemListElement":[{"@type":"ListItem","position":1,"name":"Home","item":"https:\/\/arriolafiol.com\/ca\/inici\/"},{"@type":"ListItem","position":2,"name":"Premis"}]},{"@type":"WebSite","@id":"https:\/\/arriolafiol.com\/ca\/#website","url":"https:\/\/arriolafiol.com\/ca\/","name":"Arriola &amp; Fiol","description":"","potentialAction":[{"@type":"SearchAction","target":{"@type":"EntryPoint","urlTemplate":"https:\/\/arriolafiol.com\/ca\/?s={search_term_string}"},"query-input":{"@type":"PropertyValueSpecification","valueRequired":true,"valueName":"search_term_string"}}],"inLanguage":"ca"}]}},"_links":{"self":[{"href":"https:\/\/arriolafiol.com\/ca\/wp-json\/wp\/v2\/pages\/5202","targetHints":{"allow":["GET"]}}],"collection":[{"href":"https:\/\/arriolafiol.com\/ca\/wp-json\/wp\/v2\/pages"}],"about":[{"href":"https:\/\/arriolafiol.com\/ca\/wp-json\/wp\/v2\/types\/page"}],"author":[{"embeddable":true,"href":"https:\/\/arriolafiol.com\/ca\/wp-json\/wp\/v2\/users\/1"}],"replies":[{"embeddable":true,"href":"https:\/\/arriolafiol.com\/ca\/wp-json\/wp\/v2\/comments?post=5202"}],"version-history":[{"count":1,"href":"https:\/\/arriolafiol.com\/ca\/wp-json\/wp\/v2\/pages\/5202\/revisions"}],"predecessor-version":[{"id":5203,"href":"https:\/\/arriolafiol.com\/ca\/wp-json\/wp\/v2\/pages\/5202\/revisions\/5203"}],"wp:attachment":[{"href":"https:\/\/arriolafiol.com\/ca\/wp-json\/wp\/v2\/media?parent=5202"}],"curies":[{"name":"wp","href":"https:\/\/api.w.org\/{rel}","templated":true}]}}