{"id":5204,"date":"2025-05-21T14:53:36","date_gmt":"2025-05-21T14:53:36","guid":{"rendered":"https:\/\/arriolafiol.com\/clients\/"},"modified":"2025-07-15T07:27:40","modified_gmt":"2025-07-15T07:27:40","slug":"clients","status":"publish","type":"page","link":"https:\/\/arriolafiol.com\/ca\/clients\/","title":{"rendered":"Clients"},"content":{"rendered":"\t\t<div data-elementor-type=\"wp-post\" data-elementor-id=\"5204\" class=\"elementor elementor-5204 elementor-2122\" data-elementor-post-type=\"page\">\n\t\t\t\t<div class=\"elementor-element elementor-element-3a5be70 e-con-full e-flex e-con e-parent\" data-id=\"3a5be70\" data-element_type=\"container\" data-e-type=\"container\">\n\t\t<div class=\"elementor-element elementor-element-e4f0e49 e-con-full e-flex e-con e-child\" data-id=\"e4f0e49\" data-element_type=\"container\" data-e-type=\"container\">\n\t\t\t\t<div class=\"elementor-element elementor-element-5c39bb0 elementor-widget elementor-widget-heading\" data-id=\"5c39bb0\" data-element_type=\"widget\" data-e-type=\"widget\" data-widget_type=\"heading.default\">\n\t\t\t\t<div class=\"elementor-widget-container\">\n\t\t\t\t\t<h2 class=\"elementor-heading-title elementor-size-default\">Clients<\/h2>\t\t\t\t<\/div>\n\t\t\t\t<\/div>\n\t\t\t\t<div class=\"elementor-element elementor-element-2c820be elementor-widget elementor-widget-text-editor\" data-id=\"2c820be\" data-element_type=\"widget\" data-e-type=\"widget\" data-widget_type=\"text-editor.default\">\n\t\t\t\t<div class=\"elementor-widget-container\">\n\t\t\t\t\t\t\t\t\t<p>A&amp;F t\u00e9 una cartera diversa de clients, que inclou diferents governs municipals com l&#8217;Ajuntament d&#8217;Alella, l&#8217;Ajuntament de Barcelona i l&#8217;Ajuntament de Girona, aix\u00ed com ciutats internacionals com Copenhaguen, Melbourne i Roma. La firma tamb\u00e9 col\u00b7labora amb organitzacions i institucions l\u00edders com la Generalitat de Catalunya, la UNESCO i la Comissi\u00f3 Australiana de Comer\u00e7. Els seus projectes abasten el desenvolupament urb\u00e0, l&#8217;habitatge i les infraestructures p\u00fabliques, reflectint una \u00e0mplia gamma d&#8217;experi\u00e8ncia i influ\u00e8ncia global en disseny arquitect\u00f2nic i urb\u00e0.  <\/p>\t\t\t\t\t\t\t\t<\/div>\n\t\t\t\t<\/div>\n\t\t\t\t<\/div>\n\t\t<div class=\"elementor-element elementor-element-2c84f50 e-con-full e-flex e-con e-child\" data-id=\"2c84f50\" data-element_type=\"container\" data-e-type=\"container\">\n\t\t<div class=\"elementor-element elementor-element-3e57ac7 e-con-full e-flex e-con e-child\" data-id=\"3e57ac7\" data-element_type=\"container\" data-e-type=\"container\">\n\t\t<div class=\"elementor-element elementor-element-ada2ad7 e-con-full e-flex e-con e-child\" data-id=\"ada2ad7\" data-element_type=\"container\" data-e-type=\"container\">\n\t\t\t\t<div class=\"elementor-element elementor-element-2da2924 elementor-widget elementor-widget-image\" data-id=\"2da2924\" data-element_type=\"widget\" data-e-type=\"widget\" data-widget_type=\"image.default\">\n\t\t\t\t<div class=\"elementor-widget-container\">\n\t\t\t\t\t\t\t\t\t\t\t\t\t\t\t<img fetchpriority=\"high\" decoding=\"async\" width=\"800\" height=\"195\" src=\"https:\/\/arriolafiol.com\/wp-content\/uploads\/2025\/05\/04_parc-de-lestacio-del-nord-2047x500-1-1024x250.jpg\" class=\"attachment-large size-large wp-image-4490\" alt=\"\" srcset=\"https:\/\/arriolafiol.com\/wp-content\/uploads\/2025\/05\/04_parc-de-lestacio-del-nord-2047x500-1-1024x250.jpg 1024w, https:\/\/arriolafiol.com\/wp-content\/uploads\/2025\/05\/04_parc-de-lestacio-del-nord-2047x500-1-300x73.jpg 300w, https:\/\/arriolafiol.com\/wp-content\/uploads\/2025\/05\/04_parc-de-lestacio-del-nord-2047x500-1-768x188.jpg 768w, https:\/\/arriolafiol.com\/wp-content\/uploads\/2025\/05\/04_parc-de-lestacio-del-nord-2047x500-1-1536x375.jpg 1536w, https:\/\/arriolafiol.com\/wp-content\/uploads\/2025\/05\/04_parc-de-lestacio-del-nord-2047x500-1.jpg 2047w\" sizes=\"(max-width: 800px) 100vw, 800px\" \/>\t\t\t\t\t\t\t\t\t\t\t\t\t\t\t<\/div>\n\t\t\t\t<\/div>\n\t\t\t\t<\/div>\n\t\t<div class=\"elementor-element elementor-element-45070e2 e-con-full e-flex e-con e-child\" data-id=\"45070e2\" data-element_type=\"container\" data-e-type=\"container\">\n\t\t<div class=\"elementor-element elementor-element-f4f576d e-con-full e-flex e-con e-child\" data-id=\"f4f576d\" data-element_type=\"container\" data-e-type=\"container\">\n\t\t\t\t<div class=\"elementor-element elementor-element-dfbb1dc elementor-widget elementor-widget-text-editor\" data-id=\"dfbb1dc\" data-element_type=\"widget\" data-e-type=\"widget\" data-widget_type=\"text-editor.default\">\n\t\t\t\t<div class=\"elementor-widget-container\">\n\t\t\t\t\t\t\t\t\t<p data-start=\"530\" data-end=\"551\">Ajuntament d\u2019Alella<\/p><p data-start=\"554\" data-end=\"579\">Ajuntament de Barcelona<\/p><p data-start=\"582\" data-end=\"605\">Ajuntament de La Cellera del Ter<\/p><p data-start=\"608\" data-end=\"631\">Ajuntament de Cubelle<\/p><p data-start=\"634\" data-end=\"656\">Ajuntament de Girona<\/p><p data-start=\"659\" data-end=\"687\">Ajuntament de l\u2019Hospitalet<\/p><p data-start=\"690\" data-end=\"713\">Ajuntament d\u2019Igualada<\/p><p data-start=\"716\" data-end=\"746\">Ajuntament de Montcada i Reixac<\/p><p data-start=\"749\" data-end=\"770\">Ajuntament de Sabadell<\/p><p data-start=\"773\" data-end=\"810\">Ajuntament de Sant Boi de Llobregat<\/p><p data-start=\"813\" data-end=\"841\">Ajuntament de Santa Coloma<\/p><p data-start=\"844\" data-end=\"868\">Ajuntament de Terrassa<\/p><p data-start=\"871\" data-end=\"909\">Ajuntament de Vilafranca del Pened\u00e8s<\/p><p data-start=\"912\" data-end=\"927\">Allied London<\/p>\t\t\t\t\t\t\t\t<\/div>\n\t\t\t\t<\/div>\n\t\t\t\t<\/div>\n\t\t<div class=\"elementor-element elementor-element-b7ec834 e-con-full e-flex e-con e-child\" data-id=\"b7ec834\" data-element_type=\"container\" data-e-type=\"container\">\n\t\t\t\t<div class=\"elementor-element elementor-element-9b0eb85 elementor-widget elementor-widget-text-editor\" data-id=\"9b0eb85\" data-element_type=\"widget\" data-e-type=\"widget\" data-widget_type=\"text-editor.default\">\n\t\t\t\t<div class=\"elementor-widget-container\">\n\t\t\t\t\t\t\t\t\t<p data-start=\"952\" data-end=\"985\">\u00c0rea Metropolitana de Barcelona<\/p><p data-start=\"988\" data-end=\"1026\">Asociaci\u00f3n de Proprietarios Terramar<\/p><p data-start=\"1029\" data-end=\"1058\">Australian Trade Commission<\/p><p data-start=\"1061\" data-end=\"1068\">BIMSA<\/p><p data-start=\"1071\" data-end=\"1091\">Borsa de Barcelona<\/p><p data-start=\"1094\" data-end=\"1111\">Canteras Valsan<\/p><p data-start=\"1114\" data-end=\"1134\">City of Copenhagen<\/p><p data-start=\"1137\" data-end=\"1156\">City of Melbourne<\/p><p data-start=\"1159\" data-end=\"1175\">Comune di Roma<\/p><p data-start=\"1178\" data-end=\"1216\">Comunitat de Propietaris Casa Thomas<\/p><p data-start=\"1219\" data-end=\"1240\">Consorci d\u2019Educaci\u00f3 de Barcelona<\/p><p data-start=\"1243\" data-end=\"1270\">Coop\u00e9rative Cit\u00e9 Derri\u00e8re<\/p><p data-start=\"1273\" data-end=\"1299\">Generalitat de Catalunya<\/p><p data-start=\"1302\" data-end=\"1321\">HafenCity Hamburg<\/p>\t\t\t\t\t\t\t\t<\/div>\n\t\t\t\t<\/div>\n\t\t\t\t<\/div>\n\t\t<div class=\"elementor-element elementor-element-078b6b3 e-con-full e-flex e-con e-child\" data-id=\"078b6b3\" data-element_type=\"container\" data-e-type=\"container\">\n\t\t\t\t<div class=\"elementor-element elementor-element-360cd5c elementor-widget elementor-widget-text-editor\" data-id=\"360cd5c\" data-element_type=\"widget\" data-e-type=\"widget\" data-widget_type=\"text-editor.default\">\n\t\t\t\t<div class=\"elementor-widget-container\">\n\t\t\t\t\t\t\t\t\t<p data-start=\"1346\" data-end=\"1351\">IDA<\/p><p data-start=\"1354\" data-end=\"1362\">Impsol<\/p><p data-start=\"1365\" data-end=\"1374\">Incas\u00f2l<\/p><p data-start=\"1377\" data-end=\"1407\">Institut d\u2019Estudis Financers<\/p><p data-start=\"1410\" data-end=\"1451\">London Dockland Development Corporation<\/p><p data-start=\"1454\" data-end=\"1480\">Magistrat der Stadt Wien<\/p><p data-start=\"1483\" data-end=\"1493\">Moventia<\/p><p data-start=\"1496\" data-end=\"1520\">Mutua de Proprietarios<\/p><p data-start=\"1523\" data-end=\"1541\">Nantes Metropole<\/p><p data-start=\"1544\" data-end=\"1562\">Paris La D\u00e9fense<\/p><p data-start=\"1565\" data-end=\"1600\">Patronat Municipal de l\u2019Habitatge<\/p><p data-start=\"1603\" data-end=\"1616\">Proeixample<\/p><p data-start=\"1619\" data-end=\"1629\">Proviure<\/p><p data-start=\"1632\" data-end=\"1665\">Regione autonoma della Sardegna<\/p>\t\t\t\t\t\t\t\t<\/div>\n\t\t\t\t<\/div>\n\t\t\t\t<\/div>\n\t\t<div class=\"elementor-element elementor-element-f786062 e-con-full e-flex e-con e-child\" data-id=\"f786062\" data-element_type=\"container\" data-e-type=\"container\">\n\t\t\t\t<div class=\"elementor-element elementor-element-e25085d elementor-widget elementor-widget-text-editor\" data-id=\"e25085d\" data-element_type=\"widget\" data-e-type=\"widget\" data-widget_type=\"text-editor.default\">\n\t\t\t\t<div class=\"elementor-widget-container\">\n\t\t\t\t\t\t\t\t\t<p data-start=\"1690\" data-end=\"1723\">Societ\u00e9 Immobili\u00e8re Lausannoise<\/p>\n<p data-start=\"1726\" data-end=\"1738\">Swiss life<\/p>\n<p data-start=\"1741\" data-end=\"1762\">The City of Calgary<\/p>\n<p data-start=\"1765\" data-end=\"1773\">Unesco<\/p>\n<p data-start=\"1776\" data-end=\"1794\">Ville de Condom<\/p>\n<p data-start=\"1797\" data-end=\"1816\">Ville de Fribourg<\/p>\n<p data-start=\"1819\" data-end=\"1836\">Ville de Gen\u00e8ve<\/p>\n<p data-start=\"1839\" data-end=\"1858\">Ville de Lausanne<\/p>\n<p data-start=\"1861\" data-end=\"1876\">Ville de Nyon<\/p>\n<p data-start=\"1879\" data-end=\"1896\">Ville de Rennes<\/p>\n<p data-start=\"1899\" data-end=\"1918\">Ville de Saint-L\u00f4<\/p>\n<p data-start=\"1921\" data-end=\"1941\">Vlaams Bouwmeester<\/p>\t\t\t\t\t\t\t\t<\/div>\n\t\t\t\t<\/div>\n\t\t\t\t<\/div>\n\t\t\t\t<\/div>\n\t\t\t\t<\/div>\n\t\t\t\t<\/div>\n\t\t\t\t<\/div>\n\t\t\t\t<\/div>\n\t\t","protected":false},"excerpt":{"rendered":"<p>Clients A&amp;F t\u00e9 una cartera diversa de clients, que inclou diferents governs municipals com l&#8217;Ajuntament d&#8217;Alella, l&#8217;Ajuntament de Barcelona i l&#8217;Ajuntament de Girona, aix\u00ed com ciutats internacionals com Copenhaguen, Melbourne i Roma. La firma tamb\u00e9 col\u00b7labora amb organitzacions i institucions l\u00edders com la Generalitat de Catalunya, la UNESCO i la Comissi\u00f3 Australiana de Comer\u00e7. Els [&hellip;]<\/p>\n","protected":false},"author":1,"featured_media":0,"parent":0,"menu_order":0,"comment_status":"closed","ping_status":"closed","template":"elementor_header_footer","meta":{"_acf_changed":false,"footnotes":""},"class_list":["post-5204","page","type-page","status-publish","hentry"],"acf":[],"yoast_head":"<!-- This site is optimized with the Yoast SEO plugin v27.3 - https:\/\/yoast.com\/product\/yoast-seo-wordpress\/ -->\n<title>Clients - Arriola &amp; Fiol<\/title>\n<meta name=\"description\" content=\"A&amp;F compta amb una cartera de clients diversa, incloent diferents governs municipals i organitzacions i institucions internacionals l\u00edders.\" \/>\n<meta name=\"robots\" content=\"index, follow, max-snippet:-1, max-image-preview:large, max-video-preview:-1\" \/>\n<link rel=\"canonical\" href=\"https:\/\/arriolafiol.com\/ca\/clients\/\" \/>\n<meta property=\"og:locale\" content=\"ca_ES\" \/>\n<meta property=\"og:type\" content=\"article\" \/>\n<meta property=\"og:title\" content=\"Clients - Arriola &amp; Fiol\" \/>\n<meta property=\"og:description\" content=\"A&amp;F compta amb una cartera de clients diversa, incloent diferents governs municipals i organitzacions i institucions internacionals l\u00edders.\" \/>\n<meta property=\"og:url\" content=\"https:\/\/arriolafiol.com\/ca\/clients\/\" \/>\n<meta property=\"og:site_name\" content=\"Arriola &amp; Fiol\" \/>\n<meta property=\"article:modified_time\" content=\"2025-07-15T07:27:40+00:00\" \/>\n<meta property=\"og:image\" content=\"https:\/\/arriolafiol.com\/wp-content\/uploads\/2025\/05\/04_parc-de-lestacio-del-nord-2047x500-1.jpg\" \/>\n\t<meta property=\"og:image:width\" content=\"2047\" \/>\n\t<meta property=\"og:image:height\" content=\"500\" \/>\n\t<meta property=\"og:image:type\" content=\"image\/jpeg\" \/>\n<meta name=\"twitter:card\" content=\"summary_large_image\" \/>\n<meta name=\"twitter:label1\" content=\"Temps estimat de lectura\" \/>\n\t<meta name=\"twitter:data1\" content=\"1 minut\" \/>\n<script type=\"application\/ld+json\" class=\"yoast-schema-graph\">{\"@context\":\"https:\\\/\\\/schema.org\",\"@graph\":[{\"@type\":\"WebPage\",\"@id\":\"https:\\\/\\\/arriolafiol.com\\\/ca\\\/clients\\\/\",\"url\":\"https:\\\/\\\/arriolafiol.com\\\/ca\\\/clients\\\/\",\"name\":\"Clients - Arriola &amp; Fiol\",\"isPartOf\":{\"@id\":\"https:\\\/\\\/arriolafiol.com\\\/ca\\\/#website\"},\"primaryImageOfPage\":{\"@id\":\"https:\\\/\\\/arriolafiol.com\\\/ca\\\/clients\\\/#primaryimage\"},\"image\":{\"@id\":\"https:\\\/\\\/arriolafiol.com\\\/ca\\\/clients\\\/#primaryimage\"},\"thumbnailUrl\":\"https:\\\/\\\/arriolafiol.com\\\/wp-content\\\/uploads\\\/2025\\\/05\\\/04_parc-de-lestacio-del-nord-2047x500-1-1024x250.jpg\",\"datePublished\":\"2025-05-21T14:53:36+00:00\",\"dateModified\":\"2025-07-15T07:27:40+00:00\",\"description\":\"A&F compta amb una cartera de clients diversa, incloent diferents governs municipals i organitzacions i institucions internacionals l\u00edders.\",\"breadcrumb\":{\"@id\":\"https:\\\/\\\/arriolafiol.com\\\/ca\\\/clients\\\/#breadcrumb\"},\"inLanguage\":\"ca\",\"potentialAction\":[{\"@type\":\"ReadAction\",\"target\":[\"https:\\\/\\\/arriolafiol.com\\\/ca\\\/clients\\\/\"]}]},{\"@type\":\"ImageObject\",\"inLanguage\":\"ca\",\"@id\":\"https:\\\/\\\/arriolafiol.com\\\/ca\\\/clients\\\/#primaryimage\",\"url\":\"https:\\\/\\\/arriolafiol.com\\\/wp-content\\\/uploads\\\/2025\\\/05\\\/04_parc-de-lestacio-del-nord-2047x500-1-1024x250.jpg\",\"contentUrl\":\"https:\\\/\\\/arriolafiol.com\\\/wp-content\\\/uploads\\\/2025\\\/05\\\/04_parc-de-lestacio-del-nord-2047x500-1-1024x250.jpg\"},{\"@type\":\"BreadcrumbList\",\"@id\":\"https:\\\/\\\/arriolafiol.com\\\/ca\\\/clients\\\/#breadcrumb\",\"itemListElement\":[{\"@type\":\"ListItem\",\"position\":1,\"name\":\"Home\",\"item\":\"https:\\\/\\\/arriolafiol.com\\\/ca\\\/inici\\\/\"},{\"@type\":\"ListItem\",\"position\":2,\"name\":\"Clients\"}]},{\"@type\":\"WebSite\",\"@id\":\"https:\\\/\\\/arriolafiol.com\\\/ca\\\/#website\",\"url\":\"https:\\\/\\\/arriolafiol.com\\\/ca\\\/\",\"name\":\"Arriola &amp; Fiol\",\"description\":\"\",\"potentialAction\":[{\"@type\":\"SearchAction\",\"target\":{\"@type\":\"EntryPoint\",\"urlTemplate\":\"https:\\\/\\\/arriolafiol.com\\\/ca\\\/?s={search_term_string}\"},\"query-input\":{\"@type\":\"PropertyValueSpecification\",\"valueRequired\":true,\"valueName\":\"search_term_string\"}}],\"inLanguage\":\"ca\"}]}<\/script>\n<!-- \/ Yoast SEO plugin. -->","yoast_head_json":{"title":"Clients - Arriola &amp; Fiol","description":"A&F compta amb una cartera de clients diversa, incloent diferents governs municipals i organitzacions i institucions internacionals l\u00edders.","robots":{"index":"index","follow":"follow","max-snippet":"max-snippet:-1","max-image-preview":"max-image-preview:large","max-video-preview":"max-video-preview:-1"},"canonical":"https:\/\/arriolafiol.com\/ca\/clients\/","og_locale":"ca_ES","og_type":"article","og_title":"Clients - Arriola &amp; Fiol","og_description":"A&F compta amb una cartera de clients diversa, incloent diferents governs municipals i organitzacions i institucions internacionals l\u00edders.","og_url":"https:\/\/arriolafiol.com\/ca\/clients\/","og_site_name":"Arriola &amp; Fiol","article_modified_time":"2025-07-15T07:27:40+00:00","og_image":[{"width":2047,"height":500,"url":"https:\/\/arriolafiol.com\/wp-content\/uploads\/2025\/05\/04_parc-de-lestacio-del-nord-2047x500-1.jpg","type":"image\/jpeg"}],"twitter_card":"summary_large_image","twitter_misc":{"Temps estimat de lectura":"1 minut"},"schema":{"@context":"https:\/\/schema.org","@graph":[{"@type":"WebPage","@id":"https:\/\/arriolafiol.com\/ca\/clients\/","url":"https:\/\/arriolafiol.com\/ca\/clients\/","name":"Clients - Arriola &amp; Fiol","isPartOf":{"@id":"https:\/\/arriolafiol.com\/ca\/#website"},"primaryImageOfPage":{"@id":"https:\/\/arriolafiol.com\/ca\/clients\/#primaryimage"},"image":{"@id":"https:\/\/arriolafiol.com\/ca\/clients\/#primaryimage"},"thumbnailUrl":"https:\/\/arriolafiol.com\/wp-content\/uploads\/2025\/05\/04_parc-de-lestacio-del-nord-2047x500-1-1024x250.jpg","datePublished":"2025-05-21T14:53:36+00:00","dateModified":"2025-07-15T07:27:40+00:00","description":"A&F compta amb una cartera de clients diversa, incloent diferents governs municipals i organitzacions i institucions internacionals l\u00edders.","breadcrumb":{"@id":"https:\/\/arriolafiol.com\/ca\/clients\/#breadcrumb"},"inLanguage":"ca","potentialAction":[{"@type":"ReadAction","target":["https:\/\/arriolafiol.com\/ca\/clients\/"]}]},{"@type":"ImageObject","inLanguage":"ca","@id":"https:\/\/arriolafiol.com\/ca\/clients\/#primaryimage","url":"https:\/\/arriolafiol.com\/wp-content\/uploads\/2025\/05\/04_parc-de-lestacio-del-nord-2047x500-1-1024x250.jpg","contentUrl":"https:\/\/arriolafiol.com\/wp-content\/uploads\/2025\/05\/04_parc-de-lestacio-del-nord-2047x500-1-1024x250.jpg"},{"@type":"BreadcrumbList","@id":"https:\/\/arriolafiol.com\/ca\/clients\/#breadcrumb","itemListElement":[{"@type":"ListItem","position":1,"name":"Home","item":"https:\/\/arriolafiol.com\/ca\/inici\/"},{"@type":"ListItem","position":2,"name":"Clients"}]},{"@type":"WebSite","@id":"https:\/\/arriolafiol.com\/ca\/#website","url":"https:\/\/arriolafiol.com\/ca\/","name":"Arriola &amp; Fiol","description":"","potentialAction":[{"@type":"SearchAction","target":{"@type":"EntryPoint","urlTemplate":"https:\/\/arriolafiol.com\/ca\/?s={search_term_string}"},"query-input":{"@type":"PropertyValueSpecification","valueRequired":true,"valueName":"search_term_string"}}],"inLanguage":"ca"}]}},"_links":{"self":[{"href":"https:\/\/arriolafiol.com\/ca\/wp-json\/wp\/v2\/pages\/5204","targetHints":{"allow":["GET"]}}],"collection":[{"href":"https:\/\/arriolafiol.com\/ca\/wp-json\/wp\/v2\/pages"}],"about":[{"href":"https:\/\/arriolafiol.com\/ca\/wp-json\/wp\/v2\/types\/page"}],"author":[{"embeddable":true,"href":"https:\/\/arriolafiol.com\/ca\/wp-json\/wp\/v2\/users\/1"}],"replies":[{"embeddable":true,"href":"https:\/\/arriolafiol.com\/ca\/wp-json\/wp\/v2\/comments?post=5204"}],"version-history":[{"count":1,"href":"https:\/\/arriolafiol.com\/ca\/wp-json\/wp\/v2\/pages\/5204\/revisions"}],"predecessor-version":[{"id":5205,"href":"https:\/\/arriolafiol.com\/ca\/wp-json\/wp\/v2\/pages\/5204\/revisions\/5205"}],"wp:attachment":[{"href":"https:\/\/arriolafiol.com\/ca\/wp-json\/wp\/v2\/media?parent=5204"}],"curies":[{"name":"wp","href":"https:\/\/api.w.org\/{rel}","templated":true}]}}