{"id":5206,"date":"2025-05-21T14:52:37","date_gmt":"2025-05-21T14:52:37","guid":{"rendered":"https:\/\/arriolafiol.com\/disseny\/"},"modified":"2025-07-15T07:54:52","modified_gmt":"2025-07-15T07:54:52","slug":"disseny","status":"publish","type":"page","link":"https:\/\/arriolafiol.com\/ca\/disseny\/","title":{"rendered":"Disseny"},"content":{"rendered":"\t\t<div data-elementor-type=\"wp-post\" data-elementor-id=\"5206\" class=\"elementor elementor-5206 elementor-2116\" data-elementor-post-type=\"page\">\n\t\t\t\t<div class=\"elementor-element elementor-element-7538d09 e-con-full e-flex e-con e-parent\" data-id=\"7538d09\" data-element_type=\"container\" data-e-type=\"container\">\n\t\t<div class=\"elementor-element elementor-element-d6c6ad7 e-con-full e-flex e-con e-child\" data-id=\"d6c6ad7\" data-element_type=\"container\" data-e-type=\"container\">\n\t\t\t\t<div class=\"elementor-element elementor-element-18294d7 elementor-widget elementor-widget-heading\" data-id=\"18294d7\" data-element_type=\"widget\" data-e-type=\"widget\" data-widget_type=\"heading.default\">\n\t\t\t\t<div class=\"elementor-widget-container\">\n\t\t\t\t\t<h2 class=\"elementor-heading-title elementor-size-default\">Idea de Disseny<\/h2>\t\t\t\t<\/div>\n\t\t\t\t<\/div>\n\t\t\t\t<div class=\"elementor-element elementor-element-7bec9be elementor-widget elementor-widget-text-editor\" data-id=\"7bec9be\" data-element_type=\"widget\" data-e-type=\"widget\" data-widget_type=\"text-editor.default\">\n\t\t\t\t<div class=\"elementor-widget-container\">\n\t\t\t\t\t\t\t\t\t<p>Per Arriola &amp; Fiol, el disseny comen\u00e7a amb la comprensi\u00f3 d&#8217;un lloc: la seva atmosfera, la seva hist\u00f2ria i les seves persones.<br>A trav\u00e9s d&#8217;una observaci\u00f3 acurada i d&#8217;una intervenci\u00f3 m\u00ednima, creen espais sensibles i atemporals que combinen tradici\u00f3 i innovaci\u00f3.<\/p>\t\t\t\t\t\t\t\t<\/div>\n\t\t\t\t<\/div>\n\t\t\t\t<\/div>\n\t\t<div class=\"elementor-element elementor-element-5cdbad6 e-con-full e-flex e-con e-child\" data-id=\"5cdbad6\" data-element_type=\"container\" data-e-type=\"container\">\n\t\t<div class=\"elementor-element elementor-element-3992403 e-con-full e-flex e-con e-child\" data-id=\"3992403\" data-element_type=\"container\" data-e-type=\"container\">\n\t\t\t\t<div class=\"elementor-element elementor-element-ddf0617 elementor-widget elementor-widget-text-editor\" data-id=\"ddf0617\" data-element_type=\"widget\" data-e-type=\"widget\" data-widget_type=\"text-editor.default\">\n\t\t\t\t<div class=\"elementor-widget-container\">\n\t\t\t\t\t\t\t\t\t<p>Per a nosaltres l&#8217;inici d&#8217;un disseny sempre consisteix en con\u00e8ixer el &#8220;lloc&#8221;<\/p><p>El projecte evoluciona des del propi lloc, que no \u00e9s nom\u00e9s el tel\u00f3 de fons, limitant i dificultant el disseny. En la nostra an\u00e0lisi d&#8217;un lloc, que significa tant l&#8217;espai com la gent, descobrim les pautes que determinen el disseny.<\/p><p>La nostra primera visita a un lloc \u00e9s molt significativa. Experimentem el seu ambient amb tots els nostres sentits. No nom\u00e9s l&#8217;arquitectura del lloc es fa evident, sin\u00f3 tamb\u00e9 els seus altres trets distintius: com s&#8217;utilitza, quins punts, l\u00ednies i nivells evolucionen des dels seus usos, el tr\u00e0nsit automobil\u00edstic, les rutes per als vianants, els esdeveniments a l&#8217;aire lliure i els llocs de trobada.<\/p>\t\t\t\t\t\t\t\t<\/div>\n\t\t\t\t<\/div>\n\t\t\t\t<div class=\"elementor-element elementor-element-3e6be96 elementor-widget elementor-widget-text-editor\" data-id=\"3e6be96\" data-element_type=\"widget\" data-e-type=\"widget\" data-widget_type=\"text-editor.default\">\n\t\t\t\t<div class=\"elementor-widget-container\">\n\t\t\t\t\t\t\t\t\t<p>Notem especialment qu\u00e8 s&#8217;adre\u00e7a als sentits: el soroll de fons, la llum solar, el vent i la vegetaci\u00f3. Tamb\u00e9 observem l&#8217;entorn del lloc: la seva topografia, el curs dels carrers, l&#8217;al\u00e7ada dels edificis, la densitat, la hist\u00f2ria i els estils de vida dels barris. Despr\u00e9s de realitzar aquestes observacions decidim quines caracter\u00edstiques ens agradaria destacar en el disseny i quines tonificar per tal de donar car\u00e0cter al lloc. Tamb\u00e9 recollim informaci\u00f3 hist\u00f2rica. Amb l&#8217;ajuda de mapes de ciutats, fotografies, an\u00e8cdotes, diaris i descripcions liter\u00e0ries, busquem com i per qu\u00e8 la ciutat d&#8217;avui es va desenvolupar com a resultat de moltes intervencions diferents al llarg del temps. N&#8217;afegim una altra i, per tant, girem encara m\u00e9s la roda de la hist\u00f2ria.<\/p><p>Dissenyem amb intu\u00efci\u00f3 i sensaci\u00f3 i amb el menor material i despesa possible. Aquest minimalisme racionalitza i simplifica el disseny, fent-lo sensible i convincent. Els nostres materials de construcci\u00f3 s\u00f3n gaireb\u00e9 sempre tradicionals: ma\u00f3, pedra, fusta i metall. No obstant aix\u00f2, els utilitzem de manera inusual i de manera totalment desclassificada.<\/p>\t\t\t\t\t\t\t\t<\/div>\n\t\t\t\t<\/div>\n\t\t\t\t<\/div>\n\t\t<div class=\"elementor-element elementor-element-c197d64 e-con-full e-flex e-con e-child\" data-id=\"c197d64\" data-element_type=\"container\" data-e-type=\"container\" data-settings=\"{&quot;background_background&quot;:&quot;classic&quot;}\">\n\t\t\t\t<div class=\"elementor-element elementor-element-06f9b63 elementor-widget elementor-widget-image\" data-id=\"06f9b63\" data-element_type=\"widget\" data-e-type=\"widget\" data-widget_type=\"image.default\">\n\t\t\t\t<div class=\"elementor-widget-container\">\n\t\t\t\t\t\t\t\t\t\t\t\t\t\t\t<img fetchpriority=\"high\" decoding=\"async\" width=\"799\" height=\"419\" src=\"https:\/\/arriolafiol.com\/wp-content\/uploads\/2025\/02\/citypark.2007.noubarris-d01-799x533-1-e1747896850688.jpg\" class=\"attachment-large size-large wp-image-4465\" alt=\"\" srcset=\"https:\/\/arriolafiol.com\/wp-content\/uploads\/2025\/02\/citypark.2007.noubarris-d01-799x533-1-e1747896850688.jpg 799w, https:\/\/arriolafiol.com\/wp-content\/uploads\/2025\/02\/citypark.2007.noubarris-d01-799x533-1-e1747896850688-300x157.jpg 300w, https:\/\/arriolafiol.com\/wp-content\/uploads\/2025\/02\/citypark.2007.noubarris-d01-799x533-1-e1747896850688-768x403.jpg 768w\" sizes=\"(max-width: 799px) 100vw, 799px\" \/>\t\t\t\t\t\t\t\t\t\t\t\t\t\t\t<\/div>\n\t\t\t\t<\/div>\n\t\t\t\t<div class=\"elementor-element elementor-element-a63e7c3 elementor-widget elementor-widget-image\" data-id=\"a63e7c3\" data-element_type=\"widget\" data-e-type=\"widget\" data-widget_type=\"image.default\">\n\t\t\t\t<div class=\"elementor-widget-container\">\n\t\t\t\t\t\t\t\t\t\t\t\t\t\t\t<img decoding=\"async\" width=\"800\" height=\"320\" src=\"https:\/\/arriolafiol.com\/wp-content\/uploads\/2025\/02\/IMG_1885-scaled-e1747897329224-1024x410.jpg\" class=\"attachment-large size-large wp-image-4466\" alt=\"\" srcset=\"https:\/\/arriolafiol.com\/wp-content\/uploads\/2025\/02\/IMG_1885-scaled-e1747897329224-1024x410.jpg 1024w, https:\/\/arriolafiol.com\/wp-content\/uploads\/2025\/02\/IMG_1885-scaled-e1747897329224-300x120.jpg 300w, https:\/\/arriolafiol.com\/wp-content\/uploads\/2025\/02\/IMG_1885-scaled-e1747897329224-768x308.jpg 768w, https:\/\/arriolafiol.com\/wp-content\/uploads\/2025\/02\/IMG_1885-scaled-e1747897329224-1536x615.jpg 1536w, https:\/\/arriolafiol.com\/wp-content\/uploads\/2025\/02\/IMG_1885-scaled-e1747897329224-2048x821.jpg 2048w\" sizes=\"(max-width: 800px) 100vw, 800px\" \/>\t\t\t\t\t\t\t\t\t\t\t\t\t\t\t<\/div>\n\t\t\t\t<\/div>\n\t\t\t\t<\/div>\n\t\t\t\t<\/div>\n\t\t\t\t<\/div>\n\t\t\t\t<\/div>\n\t\t","protected":false},"excerpt":{"rendered":"<p>Idea de Disseny Per Arriola &amp; Fiol, el disseny comen\u00e7a amb la comprensi\u00f3 d&#8217;un lloc: la seva atmosfera, la seva hist\u00f2ria i les seves persones.A trav\u00e9s d&#8217;una observaci\u00f3 acurada i d&#8217;una intervenci\u00f3 m\u00ednima, creen espais sensibles i atemporals que combinen tradici\u00f3 i innovaci\u00f3. Per a nosaltres l&#8217;inici d&#8217;un disseny sempre consisteix en con\u00e8ixer el &#8220;lloc&#8221; [&hellip;]<\/p>\n","protected":false},"author":1,"featured_media":0,"parent":0,"menu_order":0,"comment_status":"closed","ping_status":"closed","template":"elementor_header_footer","meta":{"_acf_changed":false,"footnotes":""},"class_list":["post-5206","page","type-page","status-publish","hentry"],"acf":[],"yoast_head":"<!-- This site is optimized with the Yoast SEO plugin v27.3 - https:\/\/yoast.com\/product\/yoast-seo-wordpress\/ -->\n<title>Disseny - Arriola &amp; Fiol<\/title>\n<meta name=\"description\" content=\"Per Arriola &amp; Fiol, el disseny comen\u00e7a amb la comprensi\u00f3 d&#039;un lloc: la seva atmosfera, la seva hist\u00f2ria i les seves persones. El projecte evoluciona des del propi lloc.\" \/>\n<meta name=\"robots\" content=\"index, follow, max-snippet:-1, max-image-preview:large, max-video-preview:-1\" \/>\n<link rel=\"canonical\" href=\"https:\/\/arriolafiol.com\/ca\/disseny\/\" \/>\n<meta property=\"og:locale\" content=\"ca_ES\" \/>\n<meta property=\"og:type\" content=\"article\" \/>\n<meta property=\"og:title\" content=\"Disseny - Arriola &amp; Fiol\" \/>\n<meta property=\"og:description\" content=\"Per Arriola &amp; Fiol, el disseny comen\u00e7a amb la comprensi\u00f3 d&#039;un lloc: la seva atmosfera, la seva hist\u00f2ria i les seves persones. El projecte evoluciona des del propi lloc.\" \/>\n<meta property=\"og:url\" content=\"https:\/\/arriolafiol.com\/ca\/disseny\/\" \/>\n<meta property=\"og:site_name\" content=\"Arriola &amp; Fiol\" \/>\n<meta property=\"article:modified_time\" content=\"2025-07-15T07:54:52+00:00\" \/>\n<meta property=\"og:image\" content=\"https:\/\/arriolafiol.com\/wp-content\/uploads\/2025\/02\/citypark.2007.noubarris-d01-799x533-1-e1747896850688.jpg\" \/>\n\t<meta property=\"og:image:width\" content=\"799\" \/>\n\t<meta property=\"og:image:height\" content=\"419\" \/>\n\t<meta property=\"og:image:type\" content=\"image\/jpeg\" \/>\n<meta name=\"twitter:card\" content=\"summary_large_image\" \/>\n<meta name=\"twitter:label1\" content=\"Temps estimat de lectura\" \/>\n\t<meta name=\"twitter:data1\" content=\"2 minuts\" \/>\n<script type=\"application\/ld+json\" class=\"yoast-schema-graph\">{\"@context\":\"https:\\\/\\\/schema.org\",\"@graph\":[{\"@type\":\"WebPage\",\"@id\":\"https:\\\/\\\/arriolafiol.com\\\/ca\\\/disseny\\\/\",\"url\":\"https:\\\/\\\/arriolafiol.com\\\/ca\\\/disseny\\\/\",\"name\":\"Disseny - Arriola &amp; Fiol\",\"isPartOf\":{\"@id\":\"https:\\\/\\\/arriolafiol.com\\\/ca\\\/#website\"},\"primaryImageOfPage\":{\"@id\":\"https:\\\/\\\/arriolafiol.com\\\/ca\\\/disseny\\\/#primaryimage\"},\"image\":{\"@id\":\"https:\\\/\\\/arriolafiol.com\\\/ca\\\/disseny\\\/#primaryimage\"},\"thumbnailUrl\":\"https:\\\/\\\/arriolafiol.com\\\/wp-content\\\/uploads\\\/2025\\\/02\\\/citypark.2007.noubarris-d01-799x533-1-e1747896850688.jpg\",\"datePublished\":\"2025-05-21T14:52:37+00:00\",\"dateModified\":\"2025-07-15T07:54:52+00:00\",\"description\":\"Per Arriola & Fiol, el disseny comen\u00e7a amb la comprensi\u00f3 d'un lloc: la seva atmosfera, la seva hist\u00f2ria i les seves persones. El projecte evoluciona des del propi lloc.\",\"breadcrumb\":{\"@id\":\"https:\\\/\\\/arriolafiol.com\\\/ca\\\/disseny\\\/#breadcrumb\"},\"inLanguage\":\"ca\",\"potentialAction\":[{\"@type\":\"ReadAction\",\"target\":[\"https:\\\/\\\/arriolafiol.com\\\/ca\\\/disseny\\\/\"]}]},{\"@type\":\"ImageObject\",\"inLanguage\":\"ca\",\"@id\":\"https:\\\/\\\/arriolafiol.com\\\/ca\\\/disseny\\\/#primaryimage\",\"url\":\"https:\\\/\\\/arriolafiol.com\\\/wp-content\\\/uploads\\\/2025\\\/02\\\/citypark.2007.noubarris-d01-799x533-1-e1747896850688.jpg\",\"contentUrl\":\"https:\\\/\\\/arriolafiol.com\\\/wp-content\\\/uploads\\\/2025\\\/02\\\/citypark.2007.noubarris-d01-799x533-1-e1747896850688.jpg\"},{\"@type\":\"BreadcrumbList\",\"@id\":\"https:\\\/\\\/arriolafiol.com\\\/ca\\\/disseny\\\/#breadcrumb\",\"itemListElement\":[{\"@type\":\"ListItem\",\"position\":1,\"name\":\"Home\",\"item\":\"https:\\\/\\\/arriolafiol.com\\\/ca\\\/inici\\\/\"},{\"@type\":\"ListItem\",\"position\":2,\"name\":\"Disseny\"}]},{\"@type\":\"WebSite\",\"@id\":\"https:\\\/\\\/arriolafiol.com\\\/ca\\\/#website\",\"url\":\"https:\\\/\\\/arriolafiol.com\\\/ca\\\/\",\"name\":\"Arriola &amp; Fiol\",\"description\":\"\",\"potentialAction\":[{\"@type\":\"SearchAction\",\"target\":{\"@type\":\"EntryPoint\",\"urlTemplate\":\"https:\\\/\\\/arriolafiol.com\\\/ca\\\/?s={search_term_string}\"},\"query-input\":{\"@type\":\"PropertyValueSpecification\",\"valueRequired\":true,\"valueName\":\"search_term_string\"}}],\"inLanguage\":\"ca\"}]}<\/script>\n<!-- \/ Yoast SEO plugin. -->","yoast_head_json":{"title":"Disseny - Arriola &amp; Fiol","description":"Per Arriola & Fiol, el disseny comen\u00e7a amb la comprensi\u00f3 d'un lloc: la seva atmosfera, la seva hist\u00f2ria i les seves persones. El projecte evoluciona des del propi lloc.","robots":{"index":"index","follow":"follow","max-snippet":"max-snippet:-1","max-image-preview":"max-image-preview:large","max-video-preview":"max-video-preview:-1"},"canonical":"https:\/\/arriolafiol.com\/ca\/disseny\/","og_locale":"ca_ES","og_type":"article","og_title":"Disseny - Arriola &amp; Fiol","og_description":"Per Arriola & Fiol, el disseny comen\u00e7a amb la comprensi\u00f3 d'un lloc: la seva atmosfera, la seva hist\u00f2ria i les seves persones. El projecte evoluciona des del propi lloc.","og_url":"https:\/\/arriolafiol.com\/ca\/disseny\/","og_site_name":"Arriola &amp; Fiol","article_modified_time":"2025-07-15T07:54:52+00:00","og_image":[{"width":799,"height":419,"url":"https:\/\/arriolafiol.com\/wp-content\/uploads\/2025\/02\/citypark.2007.noubarris-d01-799x533-1-e1747896850688.jpg","type":"image\/jpeg"}],"twitter_card":"summary_large_image","twitter_misc":{"Temps estimat de lectura":"2 minuts"},"schema":{"@context":"https:\/\/schema.org","@graph":[{"@type":"WebPage","@id":"https:\/\/arriolafiol.com\/ca\/disseny\/","url":"https:\/\/arriolafiol.com\/ca\/disseny\/","name":"Disseny - Arriola &amp; Fiol","isPartOf":{"@id":"https:\/\/arriolafiol.com\/ca\/#website"},"primaryImageOfPage":{"@id":"https:\/\/arriolafiol.com\/ca\/disseny\/#primaryimage"},"image":{"@id":"https:\/\/arriolafiol.com\/ca\/disseny\/#primaryimage"},"thumbnailUrl":"https:\/\/arriolafiol.com\/wp-content\/uploads\/2025\/02\/citypark.2007.noubarris-d01-799x533-1-e1747896850688.jpg","datePublished":"2025-05-21T14:52:37+00:00","dateModified":"2025-07-15T07:54:52+00:00","description":"Per Arriola & Fiol, el disseny comen\u00e7a amb la comprensi\u00f3 d'un lloc: la seva atmosfera, la seva hist\u00f2ria i les seves persones. El projecte evoluciona des del propi lloc.","breadcrumb":{"@id":"https:\/\/arriolafiol.com\/ca\/disseny\/#breadcrumb"},"inLanguage":"ca","potentialAction":[{"@type":"ReadAction","target":["https:\/\/arriolafiol.com\/ca\/disseny\/"]}]},{"@type":"ImageObject","inLanguage":"ca","@id":"https:\/\/arriolafiol.com\/ca\/disseny\/#primaryimage","url":"https:\/\/arriolafiol.com\/wp-content\/uploads\/2025\/02\/citypark.2007.noubarris-d01-799x533-1-e1747896850688.jpg","contentUrl":"https:\/\/arriolafiol.com\/wp-content\/uploads\/2025\/02\/citypark.2007.noubarris-d01-799x533-1-e1747896850688.jpg"},{"@type":"BreadcrumbList","@id":"https:\/\/arriolafiol.com\/ca\/disseny\/#breadcrumb","itemListElement":[{"@type":"ListItem","position":1,"name":"Home","item":"https:\/\/arriolafiol.com\/ca\/inici\/"},{"@type":"ListItem","position":2,"name":"Disseny"}]},{"@type":"WebSite","@id":"https:\/\/arriolafiol.com\/ca\/#website","url":"https:\/\/arriolafiol.com\/ca\/","name":"Arriola &amp; Fiol","description":"","potentialAction":[{"@type":"SearchAction","target":{"@type":"EntryPoint","urlTemplate":"https:\/\/arriolafiol.com\/ca\/?s={search_term_string}"},"query-input":{"@type":"PropertyValueSpecification","valueRequired":true,"valueName":"search_term_string"}}],"inLanguage":"ca"}]}},"_links":{"self":[{"href":"https:\/\/arriolafiol.com\/ca\/wp-json\/wp\/v2\/pages\/5206","targetHints":{"allow":["GET"]}}],"collection":[{"href":"https:\/\/arriolafiol.com\/ca\/wp-json\/wp\/v2\/pages"}],"about":[{"href":"https:\/\/arriolafiol.com\/ca\/wp-json\/wp\/v2\/types\/page"}],"author":[{"embeddable":true,"href":"https:\/\/arriolafiol.com\/ca\/wp-json\/wp\/v2\/users\/1"}],"replies":[{"embeddable":true,"href":"https:\/\/arriolafiol.com\/ca\/wp-json\/wp\/v2\/comments?post=5206"}],"version-history":[{"count":1,"href":"https:\/\/arriolafiol.com\/ca\/wp-json\/wp\/v2\/pages\/5206\/revisions"}],"predecessor-version":[{"id":5207,"href":"https:\/\/arriolafiol.com\/ca\/wp-json\/wp\/v2\/pages\/5206\/revisions\/5207"}],"wp:attachment":[{"href":"https:\/\/arriolafiol.com\/ca\/wp-json\/wp\/v2\/media?parent=5206"}],"curies":[{"name":"wp","href":"https:\/\/api.w.org\/{rel}","templated":true}]}}