{"id":5210,"date":"2025-02-07T11:45:29","date_gmt":"2025-02-07T11:45:29","guid":{"rendered":"https:\/\/arriolafiol.com\/exposicions\/"},"modified":"2025-07-15T08:19:39","modified_gmt":"2025-07-15T08:19:39","slug":"exposicions","status":"publish","type":"page","link":"https:\/\/arriolafiol.com\/ca\/exposicions\/","title":{"rendered":"Exposicions"},"content":{"rendered":"\t\t<div data-elementor-type=\"wp-post\" data-elementor-id=\"5210\" class=\"elementor elementor-5210 elementor-56\" data-elementor-post-type=\"page\">\n\t\t\t\t<div class=\"elementor-element elementor-element-cd8c08a e-con-full e-flex e-con e-parent\" data-id=\"cd8c08a\" data-element_type=\"container\" data-e-type=\"container\">\n\t\t<div class=\"elementor-element elementor-element-b1a4522 e-con-full e-flex e-con e-child\" data-id=\"b1a4522\" data-element_type=\"container\" data-e-type=\"container\">\n\t\t\t\t<div class=\"elementor-element elementor-element-3592649 elementor-widget elementor-widget-heading\" data-id=\"3592649\" data-element_type=\"widget\" data-e-type=\"widget\" data-widget_type=\"heading.default\">\n\t\t\t\t<div class=\"elementor-widget-container\">\n\t\t\t\t\t<h2 class=\"elementor-heading-title elementor-size-default\">Exposicions<\/h2>\t\t\t\t<\/div>\n\t\t\t\t<\/div>\n\t\t\t\t<\/div>\n\t\t<div class=\"elementor-element elementor-element-3d591a3 e-con-full e-flex e-con e-child\" data-id=\"3d591a3\" data-element_type=\"container\" data-e-type=\"container\">\n\t\t<div class=\"elementor-element elementor-element-b9a67b2 e-con-full e-flex e-con e-child\" data-id=\"b9a67b2\" data-element_type=\"container\" data-e-type=\"container\">\n\t\t\t\t<div class=\"elementor-element elementor-element-b7f6e26 elementor-widget elementor-widget-text-editor\" data-id=\"b7f6e26\" data-element_type=\"widget\" data-e-type=\"widget\" data-widget_type=\"text-editor.default\">\n\t\t\t\t<div class=\"elementor-widget-container\">\n\t\t\t\t\t\t\t\t\t<p><strong>2022<\/strong><\/p><ul><li>Mostra d\u2019Arquitectura de Barcelona 2016 \u2013 2018 3a Edici\u00f3, COAC, arquitectes.cat<\/li><\/ul><p> <\/p><p><strong>2021<\/strong><\/p><ul><li>Ride a Bike! Recapture the City. Leuven, Belgium. La Granvia de Les Corts de Barcelona   <\/li><\/ul><p> <\/p><p><strong>2018<\/strong><\/p><ul><li>Arriola &amp; Fiol Projectes C\u00edvics Urbans. Instituto Cervantes. Hamburg, Alemanya  <\/li><li>Ride a Bike! Recapture the City. Museu d&#8217;Arquitectura Alemany. Frankfurt, Main, Alemanya. La Granvia de Les Corts de Barcelona.    <\/li><li>Arquitecturas Espa\u00f1olas: Cr\u00f3nicas desde Europa. Fundaci\u00f3 Mies van der Rohe. Mies Award. La Arquer\u00eda Nuevos Ministerios, Madrid. Parc Central de Nou Barris.    <\/li><\/ul><p> <\/p><p><strong>2016<\/strong><\/p><ul><li>La Rose de Cherbourg. MIPIM Cannes, Fran\u00e7a <\/li><\/ul><p> <\/p><p><strong>2015<\/strong><\/p><ul><li>Metr\u00f2polis Barcelona, passat, present i futur. AMB. Disseny Hub. Barcelona   <\/li><li>Illa Eficient, Barcelona Meeting Point<\/li><\/ul><p> <\/p><p><strong>2014<\/strong><\/p><ul><li>Nous projectes per al CBD de Liverpool. Droga AIA Arquitecte Resident. Sydney, Austr\u00e0lia.  <\/li><li>Futuro prossimo. Riscriviamo insieme la citt\u00e0 e i territori, Cagliari, Italia <\/li><li>ANUALA ARH2014, Bucarest, Romania<\/li><\/ul><p> <\/p><p><strong>2013<\/strong><\/p><ul><li>Caminant per Barcelona amb Gaud\u00ed. Festival Internacional de Cultura Arquitect\u00f2nica de Busan, Design Center Busan, Corea <\/li><li>48 H BARCELONA OPEN HOUSE Festival d&#8217;arquitectura. Barcelona, Espanya <\/li><li>BDW, Barcelona Setmana del Disseny. Spain <\/li><\/ul><p> <\/p><p><strong>2012<\/strong><\/p><ul><li>48 H BARCELONA OPEN HOUSE Festival d&#8217;arquitectura. Barcelona, Espanya <\/li><li>Portes de Collserola. Pabell\u00f3n de Espa\u00f1a. Bienal de Ven\u00e8cia. Italia   <\/li><li>Pavell\u00f3 Catal\u00e0 Biennal de Ven\u00e8cia, Eventi Colaterale. Vogadors, Exposici\u00f3 itinerant. Torre Urrutia, Barcelona.  <\/li><\/ul><p> <\/p><p><strong>2011<\/strong><\/p><ul><li>Intermodale<em>. <\/em>Qualit\u00e0 Italia. Ministero dei Beni e delle Attivit\u00e0 Culturali. Provincia di Oristano, Italia  <\/li><li>48 H BARCELONA OPEN HOUSE Festival d&#8217;arquitectura. Barcelona, Espanya <\/li><li>61 Propostes per a la Nova Biblioteca de l\u2019Estat a Barcelona. COAC, Espanya <\/li><li>Geometrie Urbane: Arriola Fiol. Studio Design. Facolt\u00e0 di Architettura Argiletum. ROMA TRE, Italia   <\/li><li>Mostra Piranesi Prix de Rome 2011. Museo dell\u2019Ara Pacis, Roma. Museu de Les Termes Romanes de Sant Boi de Llobregat  <\/li><\/ul><p> <\/p><p><strong>2010<\/strong><\/p><ul><li>L\u00f6hsepark \u2013 Das Gr\u00fcne Zentrum der Hafencity. Hamburg, Alemanya <\/li><\/ul><ul><li>6a Biennal Europea de Paisatge. Premi de Paisatge Rosa Barba. COAC, Barcelona  <\/li><li>El carrer \u00e9s nostre\u2026de tots! COAC, Barcelona <\/li><\/ul><ul><li>30 Projectes Internacionals d&#8217;Arquitectura del Paisatge. Associaci\u00f3 d&#8217;Arquitectura del Paisatge, Crac\u00f2via, Pol\u00f2nia. Parc Central de Nou Barris  <\/li><li>La Ville Mobile. Biennal de Disseny. Saint Etienne, Fran\u00e7a. La Gran Via de les Corts Catalanes.   <\/li><li>48H OPEN HOUSE BCN. Torre Jussana. Parc Central de Nou Barris.  <\/li><\/ul><p> <\/p><p><strong>2009<\/strong><\/p><ul><li>Habitatges Pla de Ponent de Gav\u00e0, IMPSOL, COAC, Barcelona<\/li><li>Premi D\u00e8cada 1999-2009, COAC, Barcelona. Parc Central de Nou Barris. <\/li><\/ul><p> <\/p><p><strong>2008<\/strong><\/p><ul><li>Premi Europeu de l\u2019Espai P\u00fablic Urb\u00e0. CCCB, Barcelona. Exposici\u00f3 itinerant.  <\/li><\/ul><ul><li>La luce oscura delle miniere di Sardegna. Facolt\u00e0 di Architettura di Cagliari_ Arquinset \u201908, Barcelona, Espanya <\/li><li>Paisatge, Aigua i Sostenibilitat EXPO Saragossa. Espanya. Parc de l&#8217;Aigua, Places Tem\u00e0tiques  <\/li><li>Paisatges de la imaginaci\u00f3. Disseny de la tradici\u00f3 europea de l&#8217;arquitectura del jard\u00ed i del paisatge 1600 -2000. PALEIS HET LOO NATIONAAL MUSEUM, Pa\u00efsos Baixos. Parc Central de Nou Barris, Parc de l\u2019Estaci\u00f3 del Nord   <\/li><\/ul><ul><li>Tornen els 80, Espai Picasso COAC, Barcelona<\/li><\/ul><p> <\/p><p><strong>2007<\/strong><\/p><ul><li>El carrer \u00e9s de tots! \u201c50 projets pour imaginer les rues du futur\u201d Exposici\u00f3 itinerant internacional, Institut de la Ville en Mouvement, Par\u00eds, Fran\u00e7a  <\/li><\/ul><p> <\/p><p><strong>2005<\/strong><\/p><ul><li>Paisatges contemporanis, Ordine degli Architetti, Bari, It\u00e0lia<\/li><\/ul><p> <\/p><p><strong>2004<\/strong><\/p><ul><li>Barcelona en marxa. F\u00f2rum de les Cultures 2004. Barcelona. Granvia de les Corts Catalanes, Parc Central de Nou Barris, Torre Urrutia   <\/li><\/ul><p> <\/p><p><strong>2003<\/strong><\/p><ul><li>Nom\u00e9s amb la natura. III Biennal Europea de Paisatge de Barcelona. COAC. Parc Central de Nou Barris   <\/li><\/ul><ul><li>Mobilitat: una habitaci\u00f3 amb vistes. Biennal Internacional d&#8217;Arquitectura, Rotterdam <\/li><\/ul><p> <\/p><p><strong>2002<\/strong><\/p><ul><li>Building from the inside. The Order of Engineers and Architects, Beirut. Fossar de les Moreres  <\/li><li>Parc Central: un parc de futur. Col\u00b7legi d\u2019Aparelladors, Barcelona, Espanya. <\/li><\/ul><ul><li>Villes et mobilit\u00e9s \u2013 Bouge l\u2019architecture. Institut pour la Ville en Mouvement, Par\u00eds, Fran\u00e7a. Pla\u00e7a de les Gl\u00f2ries, Remodelaci\u00f3 de la Gran Via  <\/li><li>Sal\u00f3 de Propostes Urbanes. SEPU Barcelona, Espanya. Gran Via de Les Corts  <\/li><\/ul><p> <\/p><p><strong>2001<\/strong><\/p><ul><li>Presents i Futurs: Barcelona Contempor\u00e0nia 1856 -1999. CCCB. UIA 96, Barcelona  <\/li><\/ul><ul><li>Territories: Contemporary European Landscape Design. Harvard University Cambridge, Ma, USA. Carrer Bofarull, Pla\u00e7a d\u2019Isl\u00e0ndia.  <\/li><li>Paisatges de Catalunya \u2013 II Bienal Europea de Paisatge. ETSAV\/COAC. Barcelona, Espanya.  <\/li><\/ul><p> <\/p><p><strong>2000<\/strong><\/p><ul><li>Construir desde el interior, 35 proyectos. Arquer\u00ed\u00ada de los Nuevos Ministerios, Ministerio de Fomento, Madrid, Espanya. <\/li><li>Architetture Catalane Contemporane: Andreu Arriola e Carmen Fiol, Mostra delle Opere. Universit\u00e0 degli Studi \u2018La Sapienza\u2019, Rome, It\u00e0lia. <\/li><\/ul><p> <\/p><p><strong>1999<\/strong><\/p><ul><li>Paisatges Refets, Obra Professional 1994-1999. COAC Barcelona, Espanya <\/li><li>La Reconquesta d\u2019Europa. Espai p\u00fablic urb\u00e0 1980-1999. CCCB. Barcelona, Espanya.   <\/li><li>Barcelona 1979-2004, del desenvolupament a la ciutat de qualitat. COAC Barcelona, Espanya. <\/li><\/ul><p> <\/p><p><strong>1998<\/strong><\/p><ul><li>Parc de l\u2019Estaci\u00f3 del Nord. Forte Belvedere, Firenze, It\u00e0lia <\/li><\/ul><p> <\/p><p><strong>1997<\/strong><\/p><ul><li>UterRom. Andreu Arriola \u2013 Carmen Fiol. Galleri ROM. Oslo, Noruega   <\/li><li>UIA 96 \u2013 Presents i Futurs: Barcelona Contempor\u00e0nia 1856 -1999. CCCB. Barcelona, Espanya  <\/li><\/ul><ul><li>Disseny, motor de canvi. Palau de la Virreina, Barcelona, Espanya. <\/li><\/ul><p> <\/p><p><strong>1994<\/strong><\/p><ul><li>Diez A\u00f1os de Arquitectura Espa\u00f1ola 1983-93. MOPU. Touring Exhibition 1991-93. Pla\u00e7a de les Gl\u00f2ries   <\/li><li>Visions Urbaines Paris-Barcelona. Centre Georges Pompidou, Par\u00eds, Fran\u00e7a. Sector Nord\/Gl\u00f2ries, Parc de l\u2019Estaci\u00f3 del Nord  <\/li><\/ul><p> <\/p><p><strong>1993<\/strong><\/p><ul><li>Arquitectura Catalana a l&#8217;Estranger. Centre de Convencions, Chicago, EUA. <\/li><li>Internationaler St\u00e4dtebaulicher Ideenwettbewerb Spreebogen, Berlin, Alemanya.<\/li><li>Treball recent. Acad\u00e8mia van Bouwkunst. Rotterdam, Pa\u00efsos Baixos  <\/li><\/ul><p> <\/p><p><strong>1992<\/strong><\/p><ul><li>Barcelona, la Ciutat Retrobada. Pavell\u00f3 Espanyol 1937, Barcelona, Espanya <\/li><\/ul><p> <\/p><p><strong>1991<\/strong><\/p><ul><li>El Nou Museu de l&#8217;Acr\u00f2polis. Ministeri de Cultura, Atenes, Gr\u00e8cia <\/li><\/ul><p> <\/p><p><strong>1990<\/strong><\/p><ul><li>Barcelona the city and the 92 \/ Barcelona la Ciutat i el 92. Dip\u00f2sit de les Aig\u00fces, Barcelona, Spain. Sector Nord\/Gl\u00f2ries, Pla\u00e7a de les Gl\u00f2ries, Parc de l\u2019Estaci\u00f3 del Nord, Torre de les Aig\u00fces, Pla\u00e7a de S\u00f3ller,\u2026  <\/li><\/ul><p> <\/p><p><strong>1988<\/strong><\/p><ul><li>La Generaci\u00f3 del 80. ETS d\u2019Arquitectura de Barcelona, Espanya <\/li><\/ul><p> <\/p><p><strong>1987<\/strong><\/p><ul><li>Barcelona en Joc. COAC_ Col\u00b7legi d\u2019Arquitectes de Catalunya, Barcelona, Espanya <\/li><\/ul><p> <\/p><p><strong>1986<\/strong><\/p><ul><li>Barcelona: Spaces and Sculptures \/ Espais i Escultures. Fundaci\u00f3 Mir\u00f3, Barcelona. Parc de l\u2019Escorxador, Parc de l\u2019Estaci\u00f3 del Nord, Pla\u00e7a de S\u00f3ller, Pla\u00e7a Tetuan  <\/li><\/ul><p> <\/p><p><strong>1984<\/strong><\/p><ul><li>Els Espais Verds. COAC Barcelona, Girona, Espanya <\/li><\/ul><p> <\/p><p><strong>1983<\/strong><\/p><ul><li>La Ville en ses Jardins. Centre Georges Pompidou, Par\u00eds, Fran\u00e7a. Parc de La Villette  <\/li><li>Arquitectures Retrobades. COAC, Col\u00b7legi d\u2019Arquitectes de Catalunya. Barcelona, Espanya.  <\/li><\/ul>\t\t\t\t\t\t\t\t<\/div>\n\t\t\t\t<\/div>\n\t\t\t\t<\/div>\n\t\t\t\t<\/div>\n\t\t\t\t<\/div>\n\t\t\t\t<\/div>\n\t\t","protected":false},"excerpt":{"rendered":"<p>Exposicions 2022 Mostra d\u2019Arquitectura de Barcelona 2016 \u2013 2018 3a Edici\u00f3, COAC, arquitectes.cat 2021 Ride a Bike! Recapture the City. Leuven, Belgium. La Granvia de Les Corts de Barcelona 2018 Arriola &amp; Fiol Projectes C\u00edvics Urbans. Instituto Cervantes. Hamburg, Alemanya Ride a Bike! Recapture the City. Museu d&#8217;Arquitectura Alemany. Frankfurt, Main, Alemanya. La Granvia de [&hellip;]<\/p>\n","protected":false},"author":1,"featured_media":0,"parent":0,"menu_order":0,"comment_status":"closed","ping_status":"closed","template":"elementor_header_footer","meta":{"_acf_changed":false,"footnotes":""},"class_list":["post-5210","page","type-page","status-publish","hentry"],"acf":[],"yoast_head":"<!-- This site is optimized with the Yoast SEO plugin v27.3 - https:\/\/yoast.com\/product\/yoast-seo-wordpress\/ -->\n<title>Exposicions - Arriola &amp; Fiol<\/title>\n<meta name=\"description\" content=\"Descobreix les exposicions d&#039;arquitectura d&#039;Arriola i Fiol, amb dissenys innovadors, maquetes, instal\u00b7lacions i di\u00e0legs creatius.\" \/>\n<meta name=\"robots\" content=\"index, follow, max-snippet:-1, max-image-preview:large, max-video-preview:-1\" \/>\n<link rel=\"canonical\" href=\"https:\/\/arriolafiol.com\/ca\/exposicions\/\" \/>\n<meta property=\"og:locale\" content=\"ca_ES\" \/>\n<meta property=\"og:type\" content=\"article\" \/>\n<meta property=\"og:title\" content=\"Exposicions - Arriola &amp; Fiol\" \/>\n<meta property=\"og:description\" content=\"Descobreix les exposicions d&#039;arquitectura d&#039;Arriola i Fiol, amb dissenys innovadors, maquetes, instal\u00b7lacions i di\u00e0legs creatius.\" \/>\n<meta property=\"og:url\" content=\"https:\/\/arriolafiol.com\/ca\/exposicions\/\" \/>\n<meta property=\"og:site_name\" content=\"Arriola &amp; Fiol\" \/>\n<meta property=\"article:modified_time\" content=\"2025-07-15T08:19:39+00:00\" \/>\n<meta name=\"twitter:card\" content=\"summary_large_image\" \/>\n<meta name=\"twitter:label1\" content=\"Temps estimat de lectura\" \/>\n\t<meta name=\"twitter:data1\" content=\"5 minuts\" \/>\n<script type=\"application\/ld+json\" class=\"yoast-schema-graph\">{\"@context\":\"https:\\\/\\\/schema.org\",\"@graph\":[{\"@type\":\"WebPage\",\"@id\":\"https:\\\/\\\/arriolafiol.com\\\/ca\\\/exposicions\\\/\",\"url\":\"https:\\\/\\\/arriolafiol.com\\\/ca\\\/exposicions\\\/\",\"name\":\"Exposicions - Arriola &amp; Fiol\",\"isPartOf\":{\"@id\":\"https:\\\/\\\/arriolafiol.com\\\/ca\\\/#website\"},\"datePublished\":\"2025-02-07T11:45:29+00:00\",\"dateModified\":\"2025-07-15T08:19:39+00:00\",\"description\":\"Descobreix les exposicions d'arquitectura d'Arriola i Fiol, amb dissenys innovadors, maquetes, instal\u00b7lacions i di\u00e0legs creatius.\",\"breadcrumb\":{\"@id\":\"https:\\\/\\\/arriolafiol.com\\\/ca\\\/exposicions\\\/#breadcrumb\"},\"inLanguage\":\"ca\",\"potentialAction\":[{\"@type\":\"ReadAction\",\"target\":[\"https:\\\/\\\/arriolafiol.com\\\/ca\\\/exposicions\\\/\"]}]},{\"@type\":\"BreadcrumbList\",\"@id\":\"https:\\\/\\\/arriolafiol.com\\\/ca\\\/exposicions\\\/#breadcrumb\",\"itemListElement\":[{\"@type\":\"ListItem\",\"position\":1,\"name\":\"Home\",\"item\":\"https:\\\/\\\/arriolafiol.com\\\/ca\\\/inici\\\/\"},{\"@type\":\"ListItem\",\"position\":2,\"name\":\"Exposicions\"}]},{\"@type\":\"WebSite\",\"@id\":\"https:\\\/\\\/arriolafiol.com\\\/ca\\\/#website\",\"url\":\"https:\\\/\\\/arriolafiol.com\\\/ca\\\/\",\"name\":\"Arriola &amp; Fiol\",\"description\":\"\",\"potentialAction\":[{\"@type\":\"SearchAction\",\"target\":{\"@type\":\"EntryPoint\",\"urlTemplate\":\"https:\\\/\\\/arriolafiol.com\\\/ca\\\/?s={search_term_string}\"},\"query-input\":{\"@type\":\"PropertyValueSpecification\",\"valueRequired\":true,\"valueName\":\"search_term_string\"}}],\"inLanguage\":\"ca\"}]}<\/script>\n<!-- \/ Yoast SEO plugin. -->","yoast_head_json":{"title":"Exposicions - Arriola &amp; Fiol","description":"Descobreix les exposicions d'arquitectura d'Arriola i Fiol, amb dissenys innovadors, maquetes, instal\u00b7lacions i di\u00e0legs creatius.","robots":{"index":"index","follow":"follow","max-snippet":"max-snippet:-1","max-image-preview":"max-image-preview:large","max-video-preview":"max-video-preview:-1"},"canonical":"https:\/\/arriolafiol.com\/ca\/exposicions\/","og_locale":"ca_ES","og_type":"article","og_title":"Exposicions - Arriola &amp; Fiol","og_description":"Descobreix les exposicions d'arquitectura d'Arriola i Fiol, amb dissenys innovadors, maquetes, instal\u00b7lacions i di\u00e0legs creatius.","og_url":"https:\/\/arriolafiol.com\/ca\/exposicions\/","og_site_name":"Arriola &amp; Fiol","article_modified_time":"2025-07-15T08:19:39+00:00","twitter_card":"summary_large_image","twitter_misc":{"Temps estimat de lectura":"5 minuts"},"schema":{"@context":"https:\/\/schema.org","@graph":[{"@type":"WebPage","@id":"https:\/\/arriolafiol.com\/ca\/exposicions\/","url":"https:\/\/arriolafiol.com\/ca\/exposicions\/","name":"Exposicions - Arriola &amp; Fiol","isPartOf":{"@id":"https:\/\/arriolafiol.com\/ca\/#website"},"datePublished":"2025-02-07T11:45:29+00:00","dateModified":"2025-07-15T08:19:39+00:00","description":"Descobreix les exposicions d'arquitectura d'Arriola i Fiol, amb dissenys innovadors, maquetes, instal\u00b7lacions i di\u00e0legs creatius.","breadcrumb":{"@id":"https:\/\/arriolafiol.com\/ca\/exposicions\/#breadcrumb"},"inLanguage":"ca","potentialAction":[{"@type":"ReadAction","target":["https:\/\/arriolafiol.com\/ca\/exposicions\/"]}]},{"@type":"BreadcrumbList","@id":"https:\/\/arriolafiol.com\/ca\/exposicions\/#breadcrumb","itemListElement":[{"@type":"ListItem","position":1,"name":"Home","item":"https:\/\/arriolafiol.com\/ca\/inici\/"},{"@type":"ListItem","position":2,"name":"Exposicions"}]},{"@type":"WebSite","@id":"https:\/\/arriolafiol.com\/ca\/#website","url":"https:\/\/arriolafiol.com\/ca\/","name":"Arriola &amp; Fiol","description":"","potentialAction":[{"@type":"SearchAction","target":{"@type":"EntryPoint","urlTemplate":"https:\/\/arriolafiol.com\/ca\/?s={search_term_string}"},"query-input":{"@type":"PropertyValueSpecification","valueRequired":true,"valueName":"search_term_string"}}],"inLanguage":"ca"}]}},"_links":{"self":[{"href":"https:\/\/arriolafiol.com\/ca\/wp-json\/wp\/v2\/pages\/5210","targetHints":{"allow":["GET"]}}],"collection":[{"href":"https:\/\/arriolafiol.com\/ca\/wp-json\/wp\/v2\/pages"}],"about":[{"href":"https:\/\/arriolafiol.com\/ca\/wp-json\/wp\/v2\/types\/page"}],"author":[{"embeddable":true,"href":"https:\/\/arriolafiol.com\/ca\/wp-json\/wp\/v2\/users\/1"}],"replies":[{"embeddable":true,"href":"https:\/\/arriolafiol.com\/ca\/wp-json\/wp\/v2\/comments?post=5210"}],"version-history":[{"count":1,"href":"https:\/\/arriolafiol.com\/ca\/wp-json\/wp\/v2\/pages\/5210\/revisions"}],"predecessor-version":[{"id":5211,"href":"https:\/\/arriolafiol.com\/ca\/wp-json\/wp\/v2\/pages\/5210\/revisions\/5211"}],"wp:attachment":[{"href":"https:\/\/arriolafiol.com\/ca\/wp-json\/wp\/v2\/media?parent=5210"}],"curies":[{"name":"wp","href":"https:\/\/api.w.org\/{rel}","templated":true}]}}