{"id":5212,"date":"2025-02-07T11:45:11","date_gmt":"2025-02-07T11:45:11","guid":{"rendered":"https:\/\/arriolafiol.com\/practica\/"},"modified":"2025-07-15T08:20:53","modified_gmt":"2025-07-15T08:20:53","slug":"practica","status":"publish","type":"page","link":"https:\/\/arriolafiol.com\/ca\/practica\/","title":{"rendered":"Pr\u00e0ctica"},"content":{"rendered":"\t\t<div data-elementor-type=\"wp-post\" data-elementor-id=\"5212\" class=\"elementor elementor-5212 elementor-54\" data-elementor-post-type=\"page\">\n\t\t\t\t<div class=\"elementor-element elementor-element-8c2bef6 e-con-full e-flex e-con e-parent\" data-id=\"8c2bef6\" data-element_type=\"container\" data-e-type=\"container\">\n\t\t<div class=\"elementor-element elementor-element-cc9d363 e-con-full e-flex e-con e-child\" data-id=\"cc9d363\" data-element_type=\"container\" data-e-type=\"container\">\n\t\t\t\t<div class=\"elementor-element elementor-element-7763fbf elementor-widget elementor-widget-heading\" data-id=\"7763fbf\" data-element_type=\"widget\" data-e-type=\"widget\" data-widget_type=\"heading.default\">\n\t\t\t\t<div class=\"elementor-widget-container\">\n\t\t\t\t\t<h2 class=\"elementor-heading-title elementor-size-default\">Pr\u00e0ctica<\/h2>\t\t\t\t<\/div>\n\t\t\t\t<\/div>\n\t\t\t\t<\/div>\n\t\t<div class=\"elementor-element elementor-element-cf9aee5 e-con-full e-flex e-con e-child\" data-id=\"cf9aee5\" data-element_type=\"container\" data-e-type=\"container\">\n\t\t<div class=\"elementor-element elementor-element-b85ce83 e-con-full e-flex e-con e-child\" data-id=\"b85ce83\" data-element_type=\"container\" data-e-type=\"container\">\n\t\t\t\t<div class=\"elementor-element elementor-element-c5c18f1 elementor-widget elementor-widget-text-editor\" data-id=\"c5c18f1\" data-element_type=\"widget\" data-e-type=\"widget\" data-widget_type=\"text-editor.default\">\n\t\t\t\t<div class=\"elementor-widget-container\">\n\t\t\t\t\t\t\t\t\t<p>Arriola &amp; Fiol va ser fundada a Barcelona el 1987 pels dos destacats arquitectes Carmen Fiol i Andreu Arriola. Tots dos socis aporten m\u00e9s de 25 anys d&#8217;experi\u00e8ncia en projectes d&#8217;arquitectura, disseny urb\u00e0 i paisatgisme. <\/p><p>La gesti\u00f3 d&#8217;equips de projecte multidisciplinaris i el servei a clients sofisticats han estat la clau de l&#8217;\u00e8xit d&#8217;aquests projectes, que han incl\u00f2s la col\u00b7laboraci\u00f3 amb els artistes Joan Mir\u00f3, Richard Serra i Beverly Pepper.<\/p><p>L&#8217;equip de disseny de l&#8217;empresa ha participat en la transformaci\u00f3 d&#8217;espais urbans a Barcelona, aix\u00ed com en una regeneraci\u00f3 espectacular de la ciutat mateixa. En aquesta qualitat, van dissenyar i crear alguns dels espais p\u00fablics contemporanis m\u00e9s memorables de Barcelona, que varien en escala, des de restauracions i excavacions sensibles en zones de significaci\u00f3 hist\u00f2rica \u00fanica, fins a projectes de gran escala als afores de la ciutat, que requereixen una remodelaci\u00f3 infraestructural substancial, aix\u00ed com una intervenci\u00f3 arquitect\u00f2nica i paisatg\u00edstica. <\/p><p>Els projectes d&#8217;Arriola &amp; Fiol han estat guardonats en diversos concursos internacionals i nacionals, com ara el Premi Pr\u00edncep de Gal\u00b7les i el Premi Internacional de Paisatge Urb\u00e0 IULA. Els seus projectes s&#8217;estan construint actualment a Europa i a Am\u00e8rica del Nord. <\/p>\t\t\t\t\t\t\t\t<\/div>\n\t\t\t\t<\/div>\n\t\t\t\t<\/div>\n\t\t<div class=\"elementor-element elementor-element-5fa728d e-con-full e-flex e-con e-child\" data-id=\"5fa728d\" data-element_type=\"container\" data-e-type=\"container\" data-settings=\"{&quot;background_background&quot;:&quot;classic&quot;}\">\n\t\t\t\t<div class=\"elementor-element elementor-element-e8aab88 elementor-widget elementor-widget-image\" data-id=\"e8aab88\" data-element_type=\"widget\" data-e-type=\"widget\" data-widget_type=\"image.default\">\n\t\t\t\t<div class=\"elementor-widget-container\">\n\t\t\t\t\t\t\t\t\t\t\t\t\t\t\t<img fetchpriority=\"high\" decoding=\"async\" width=\"724\" height=\"1024\" src=\"https:\/\/arriolafiol.com\/wp-content\/uploads\/2025\/02\/Petales_03-724x1024-1.jpg\" class=\"attachment-large size-large wp-image-4463\" alt=\"\" srcset=\"https:\/\/arriolafiol.com\/wp-content\/uploads\/2025\/02\/Petales_03-724x1024-1.jpg 724w, https:\/\/arriolafiol.com\/wp-content\/uploads\/2025\/02\/Petales_03-724x1024-1-212x300.jpg 212w\" sizes=\"(max-width: 724px) 100vw, 724px\" \/>\t\t\t\t\t\t\t\t\t\t\t\t\t\t\t<\/div>\n\t\t\t\t<\/div>\n\t\t\t\t<div class=\"elementor-element elementor-element-7ca6061 elementor-widget elementor-widget-image\" data-id=\"7ca6061\" data-element_type=\"widget\" data-e-type=\"widget\" data-widget_type=\"image.default\">\n\t\t\t\t<div class=\"elementor-widget-container\">\n\t\t\t\t\t\t\t\t\t\t\t\t\t\t\t<img decoding=\"async\" width=\"533\" height=\"800\" src=\"https:\/\/arriolafiol.com\/wp-content\/uploads\/2025\/02\/testt.webp\" class=\"attachment-large size-large wp-image-4464\" alt=\"\" srcset=\"https:\/\/arriolafiol.com\/wp-content\/uploads\/2025\/02\/testt.webp 533w, https:\/\/arriolafiol.com\/wp-content\/uploads\/2025\/02\/testt-200x300.webp 200w\" sizes=\"(max-width: 533px) 100vw, 533px\" \/>\t\t\t\t\t\t\t\t\t\t\t\t\t\t\t<\/div>\n\t\t\t\t<\/div>\n\t\t\t\t<\/div>\n\t\t\t\t<\/div>\n\t\t<div class=\"elementor-element elementor-element-6c6c1e4 e-con-full e-flex e-con e-child\" data-id=\"6c6c1e4\" data-element_type=\"container\" data-e-type=\"container\">\n\t\t\t\t<div class=\"elementor-element elementor-element-feb0716 elementor-widget elementor-widget-video\" data-id=\"feb0716\" data-element_type=\"widget\" data-e-type=\"widget\" data-settings=\"{&quot;youtube_url&quot;:&quot;https:\\\/\\\/www.youtube.com\\\/watch?v=RncM1ncoM0A&amp;embeds_referring_euri=https%3A%2F%2Farriolafiol.com%2F&quot;,&quot;video_type&quot;:&quot;youtube&quot;,&quot;controls&quot;:&quot;yes&quot;}\" data-widget_type=\"video.default\">\n\t\t\t\t<div class=\"elementor-widget-container\">\n\t\t\t\t\t\t\t<div class=\"elementor-wrapper elementor-open-inline\">\n\t\t\t<div class=\"elementor-video\"><\/div>\t\t<\/div>\n\t\t\t\t\t\t<\/div>\n\t\t\t\t<\/div>\n\t\t\t\t<\/div>\n\t\t\t\t<\/div>\n\t\t\t\t<\/div>\n\t\t","protected":false},"excerpt":{"rendered":"<p>Pr\u00e0ctica Arriola &amp; Fiol va ser fundada a Barcelona el 1987 pels dos destacats arquitectes Carmen Fiol i Andreu Arriola. Tots dos socis aporten m\u00e9s de 25 anys d&#8217;experi\u00e8ncia en projectes d&#8217;arquitectura, disseny urb\u00e0 i paisatgisme. La gesti\u00f3 d&#8217;equips de projecte multidisciplinaris i el servei a clients sofisticats han estat la clau de l&#8217;\u00e8xit d&#8217;aquests [&hellip;]<\/p>\n","protected":false},"author":1,"featured_media":0,"parent":0,"menu_order":0,"comment_status":"closed","ping_status":"closed","template":"elementor_header_footer","meta":{"_acf_changed":false,"footnotes":""},"class_list":["post-5212","page","type-page","status-publish","hentry"],"acf":[],"yoast_head":"<!-- This site is optimized with the Yoast SEO plugin v27.3 - https:\/\/yoast.com\/product\/yoast-seo-wordpress\/ -->\n<title>Pr\u00e0ctica - Arriola &amp; Fiol<\/title>\n<meta name=\"description\" content=\"Des del 1987, A&amp;F transforma ciutats a trav\u00e9s de l&#039;arquitectura i el disseny urb\u00e0. Des d&#039;espais p\u00fablics ic\u00f2nics fins a projectes de regeneraci\u00f3 internacionals.\" \/>\n<meta name=\"robots\" content=\"index, follow, max-snippet:-1, max-image-preview:large, max-video-preview:-1\" \/>\n<link rel=\"canonical\" href=\"https:\/\/arriolafiol.com\/ca\/practica\/\" \/>\n<meta property=\"og:locale\" content=\"ca_ES\" \/>\n<meta property=\"og:type\" content=\"article\" \/>\n<meta property=\"og:title\" content=\"Pr\u00e0ctica - Arriola &amp; Fiol\" \/>\n<meta property=\"og:description\" content=\"Des del 1987, A&amp;F transforma ciutats a trav\u00e9s de l&#039;arquitectura i el disseny urb\u00e0. Des d&#039;espais p\u00fablics ic\u00f2nics fins a projectes de regeneraci\u00f3 internacionals.\" \/>\n<meta property=\"og:url\" content=\"https:\/\/arriolafiol.com\/ca\/practica\/\" \/>\n<meta property=\"og:site_name\" content=\"Arriola &amp; Fiol\" \/>\n<meta property=\"article:modified_time\" content=\"2025-07-15T08:20:53+00:00\" \/>\n<meta property=\"og:image\" content=\"https:\/\/arriolafiol.com\/wp-content\/uploads\/2025\/02\/Petales_03-724x1024-1.jpg\" \/>\n\t<meta property=\"og:image:width\" content=\"724\" \/>\n\t<meta property=\"og:image:height\" content=\"1024\" \/>\n\t<meta property=\"og:image:type\" content=\"image\/jpeg\" \/>\n<meta name=\"twitter:card\" content=\"summary_large_image\" \/>\n<meta name=\"twitter:label1\" content=\"Temps estimat de lectura\" \/>\n\t<meta name=\"twitter:data1\" content=\"1 minut\" \/>\n<script type=\"application\/ld+json\" class=\"yoast-schema-graph\">{\"@context\":\"https:\\\/\\\/schema.org\",\"@graph\":[{\"@type\":\"WebPage\",\"@id\":\"https:\\\/\\\/arriolafiol.com\\\/ca\\\/practica\\\/\",\"url\":\"https:\\\/\\\/arriolafiol.com\\\/ca\\\/practica\\\/\",\"name\":\"Pr\u00e0ctica - Arriola &amp; Fiol\",\"isPartOf\":{\"@id\":\"https:\\\/\\\/arriolafiol.com\\\/ca\\\/#website\"},\"primaryImageOfPage\":{\"@id\":\"https:\\\/\\\/arriolafiol.com\\\/ca\\\/practica\\\/#primaryimage\"},\"image\":{\"@id\":\"https:\\\/\\\/arriolafiol.com\\\/ca\\\/practica\\\/#primaryimage\"},\"thumbnailUrl\":\"https:\\\/\\\/arriolafiol.com\\\/wp-content\\\/uploads\\\/2025\\\/02\\\/Petales_03-724x1024-1.jpg\",\"datePublished\":\"2025-02-07T11:45:11+00:00\",\"dateModified\":\"2025-07-15T08:20:53+00:00\",\"description\":\"Des del 1987, A&F transforma ciutats a trav\u00e9s de l'arquitectura i el disseny urb\u00e0. Des d'espais p\u00fablics ic\u00f2nics fins a projectes de regeneraci\u00f3 internacionals.\",\"breadcrumb\":{\"@id\":\"https:\\\/\\\/arriolafiol.com\\\/ca\\\/practica\\\/#breadcrumb\"},\"inLanguage\":\"ca\",\"potentialAction\":[{\"@type\":\"ReadAction\",\"target\":[\"https:\\\/\\\/arriolafiol.com\\\/ca\\\/practica\\\/\"]}]},{\"@type\":\"ImageObject\",\"inLanguage\":\"ca\",\"@id\":\"https:\\\/\\\/arriolafiol.com\\\/ca\\\/practica\\\/#primaryimage\",\"url\":\"https:\\\/\\\/arriolafiol.com\\\/wp-content\\\/uploads\\\/2025\\\/02\\\/Petales_03-724x1024-1.jpg\",\"contentUrl\":\"https:\\\/\\\/arriolafiol.com\\\/wp-content\\\/uploads\\\/2025\\\/02\\\/Petales_03-724x1024-1.jpg\"},{\"@type\":\"BreadcrumbList\",\"@id\":\"https:\\\/\\\/arriolafiol.com\\\/ca\\\/practica\\\/#breadcrumb\",\"itemListElement\":[{\"@type\":\"ListItem\",\"position\":1,\"name\":\"Home\",\"item\":\"https:\\\/\\\/arriolafiol.com\\\/ca\\\/inici\\\/\"},{\"@type\":\"ListItem\",\"position\":2,\"name\":\"Pr\u00e0ctica\"}]},{\"@type\":\"WebSite\",\"@id\":\"https:\\\/\\\/arriolafiol.com\\\/ca\\\/#website\",\"url\":\"https:\\\/\\\/arriolafiol.com\\\/ca\\\/\",\"name\":\"Arriola &amp; Fiol\",\"description\":\"\",\"potentialAction\":[{\"@type\":\"SearchAction\",\"target\":{\"@type\":\"EntryPoint\",\"urlTemplate\":\"https:\\\/\\\/arriolafiol.com\\\/ca\\\/?s={search_term_string}\"},\"query-input\":{\"@type\":\"PropertyValueSpecification\",\"valueRequired\":true,\"valueName\":\"search_term_string\"}}],\"inLanguage\":\"ca\"}]}<\/script>\n<!-- \/ Yoast SEO plugin. -->","yoast_head_json":{"title":"Pr\u00e0ctica - Arriola &amp; Fiol","description":"Des del 1987, A&F transforma ciutats a trav\u00e9s de l'arquitectura i el disseny urb\u00e0. Des d'espais p\u00fablics ic\u00f2nics fins a projectes de regeneraci\u00f3 internacionals.","robots":{"index":"index","follow":"follow","max-snippet":"max-snippet:-1","max-image-preview":"max-image-preview:large","max-video-preview":"max-video-preview:-1"},"canonical":"https:\/\/arriolafiol.com\/ca\/practica\/","og_locale":"ca_ES","og_type":"article","og_title":"Pr\u00e0ctica - Arriola &amp; Fiol","og_description":"Des del 1987, A&F transforma ciutats a trav\u00e9s de l'arquitectura i el disseny urb\u00e0. Des d'espais p\u00fablics ic\u00f2nics fins a projectes de regeneraci\u00f3 internacionals.","og_url":"https:\/\/arriolafiol.com\/ca\/practica\/","og_site_name":"Arriola &amp; Fiol","article_modified_time":"2025-07-15T08:20:53+00:00","og_image":[{"width":724,"height":1024,"url":"https:\/\/arriolafiol.com\/wp-content\/uploads\/2025\/02\/Petales_03-724x1024-1.jpg","type":"image\/jpeg"}],"twitter_card":"summary_large_image","twitter_misc":{"Temps estimat de lectura":"1 minut"},"schema":{"@context":"https:\/\/schema.org","@graph":[{"@type":"WebPage","@id":"https:\/\/arriolafiol.com\/ca\/practica\/","url":"https:\/\/arriolafiol.com\/ca\/practica\/","name":"Pr\u00e0ctica - Arriola &amp; Fiol","isPartOf":{"@id":"https:\/\/arriolafiol.com\/ca\/#website"},"primaryImageOfPage":{"@id":"https:\/\/arriolafiol.com\/ca\/practica\/#primaryimage"},"image":{"@id":"https:\/\/arriolafiol.com\/ca\/practica\/#primaryimage"},"thumbnailUrl":"https:\/\/arriolafiol.com\/wp-content\/uploads\/2025\/02\/Petales_03-724x1024-1.jpg","datePublished":"2025-02-07T11:45:11+00:00","dateModified":"2025-07-15T08:20:53+00:00","description":"Des del 1987, A&F transforma ciutats a trav\u00e9s de l'arquitectura i el disseny urb\u00e0. Des d'espais p\u00fablics ic\u00f2nics fins a projectes de regeneraci\u00f3 internacionals.","breadcrumb":{"@id":"https:\/\/arriolafiol.com\/ca\/practica\/#breadcrumb"},"inLanguage":"ca","potentialAction":[{"@type":"ReadAction","target":["https:\/\/arriolafiol.com\/ca\/practica\/"]}]},{"@type":"ImageObject","inLanguage":"ca","@id":"https:\/\/arriolafiol.com\/ca\/practica\/#primaryimage","url":"https:\/\/arriolafiol.com\/wp-content\/uploads\/2025\/02\/Petales_03-724x1024-1.jpg","contentUrl":"https:\/\/arriolafiol.com\/wp-content\/uploads\/2025\/02\/Petales_03-724x1024-1.jpg"},{"@type":"BreadcrumbList","@id":"https:\/\/arriolafiol.com\/ca\/practica\/#breadcrumb","itemListElement":[{"@type":"ListItem","position":1,"name":"Home","item":"https:\/\/arriolafiol.com\/ca\/inici\/"},{"@type":"ListItem","position":2,"name":"Pr\u00e0ctica"}]},{"@type":"WebSite","@id":"https:\/\/arriolafiol.com\/ca\/#website","url":"https:\/\/arriolafiol.com\/ca\/","name":"Arriola &amp; Fiol","description":"","potentialAction":[{"@type":"SearchAction","target":{"@type":"EntryPoint","urlTemplate":"https:\/\/arriolafiol.com\/ca\/?s={search_term_string}"},"query-input":{"@type":"PropertyValueSpecification","valueRequired":true,"valueName":"search_term_string"}}],"inLanguage":"ca"}]}},"_links":{"self":[{"href":"https:\/\/arriolafiol.com\/ca\/wp-json\/wp\/v2\/pages\/5212","targetHints":{"allow":["GET"]}}],"collection":[{"href":"https:\/\/arriolafiol.com\/ca\/wp-json\/wp\/v2\/pages"}],"about":[{"href":"https:\/\/arriolafiol.com\/ca\/wp-json\/wp\/v2\/types\/page"}],"author":[{"embeddable":true,"href":"https:\/\/arriolafiol.com\/ca\/wp-json\/wp\/v2\/users\/1"}],"replies":[{"embeddable":true,"href":"https:\/\/arriolafiol.com\/ca\/wp-json\/wp\/v2\/comments?post=5212"}],"version-history":[{"count":1,"href":"https:\/\/arriolafiol.com\/ca\/wp-json\/wp\/v2\/pages\/5212\/revisions"}],"predecessor-version":[{"id":5213,"href":"https:\/\/arriolafiol.com\/ca\/wp-json\/wp\/v2\/pages\/5212\/revisions\/5213"}],"wp:attachment":[{"href":"https:\/\/arriolafiol.com\/ca\/wp-json\/wp\/v2\/media?parent=5212"}],"curies":[{"name":"wp","href":"https:\/\/api.w.org\/{rel}","templated":true}]}}