{"id":5220,"date":"2025-05-21T14:47:19","date_gmt":"2025-05-21T14:47:19","guid":{"rendered":"https:\/\/arriolafiol.com\/conferencies\/"},"modified":"2025-07-15T08:24:19","modified_gmt":"2025-07-15T08:24:19","slug":"conferencies","status":"publish","type":"page","link":"https:\/\/arriolafiol.com\/ca\/conferencies\/","title":{"rendered":"Confer\u00e8ncies"},"content":{"rendered":"\t\t<div data-elementor-type=\"wp-post\" data-elementor-id=\"5220\" class=\"elementor elementor-5220 elementor-2105\" data-elementor-post-type=\"page\">\n\t\t\t\t<div class=\"elementor-element elementor-element-c4a74bc e-con-full e-flex e-con e-parent\" data-id=\"c4a74bc\" data-element_type=\"container\" data-e-type=\"container\">\n\t\t<div class=\"elementor-element elementor-element-510c358 e-con-full e-flex e-con e-child\" data-id=\"510c358\" data-element_type=\"container\" data-e-type=\"container\">\n\t\t\t\t<div class=\"elementor-element elementor-element-d10a7a8 elementor-widget elementor-widget-heading\" data-id=\"d10a7a8\" data-element_type=\"widget\" data-e-type=\"widget\" data-widget_type=\"heading.default\">\n\t\t\t\t<div class=\"elementor-widget-container\">\n\t\t\t\t\t<h2 class=\"elementor-heading-title elementor-size-default\">Confer\u00e8ncies<\/h2>\t\t\t\t<\/div>\n\t\t\t\t<\/div>\n\t\t\t\t<\/div>\n\t\t<div class=\"elementor-element elementor-element-ee27d6a e-con-full e-flex e-con e-child\" data-id=\"ee27d6a\" data-element_type=\"container\" data-e-type=\"container\">\n\t\t<div class=\"elementor-element elementor-element-c491dc8 e-con-full e-flex e-con e-child\" data-id=\"c491dc8\" data-element_type=\"container\" data-e-type=\"container\">\n\t\t\t\t<div class=\"elementor-element elementor-element-ba154d2 elementor-widget elementor-widget-text-editor\" data-id=\"ba154d2\" data-element_type=\"widget\" data-e-type=\"widget\" data-widget_type=\"text-editor.default\">\n\t\t\t\t<div class=\"elementor-widget-container\">\n\t\t\t\t\t\t\t\t\t<p><strong>2020<\/strong><\/p><ul><li>Setmana d&#8217;arquitectura de TBILISI. Projectes c\u00edvics urbans georgians. Universitat T\u00e8cnica. Tbilisi, Ge\u00f2rgia   <\/li><li>Paisatges cubistes. Dipartimento di Architettura. N\u00e0pols, It\u00e0lia  <\/li><li>Sydney Urban Lab: Reinventant l&#8217;espai p\u00fablic. Universitat de Nova Gal\u00b7les del Sud. Sydney, Austr\u00e0lia.  <\/li><li>Projectes Europeus UPC. Societat d&#8217;Arquitectes Espanyols, Austr\u00e0lia <\/li><\/ul><p> <\/p><p><strong>2019<\/strong><\/p><ul><li>Influ\u00e8ncia de la Bauhaus en l&#8217;arquitectura del m\u00f3n hisp\u00e0nic. Institut Cervantes. Hamburg, Alemanya  <\/li><\/ul><p> <\/p><p><strong>2018<\/strong><\/p><ul><li>Projectes Arriola &amp; Fiol. Casa de Xile. Institut Cervantes, Hamburg, Alemanya  <\/li><li>Disseny espanyol. Institut Cervantes, Frankfurt, Alemanya <\/li><li>Urban Civic Projects Reloaded, Facolt\u00e0 di Architettura di Alghero, Sardenya, It\u00e0lia<\/li><li>Taller ETSAB \u2013 ENSP, \u00c9cole Nationale Sup\u00e9rieur de Paysage, Versalles, Fran\u00e7a<\/li><\/ul><p> <\/p><p><strong>2017<\/strong><\/p><ul><li>New Next Nature. 8a Edici\u00f3 Escola Internacional d&#8217;Estiu Politecnico di Milano. Facultat d&#8217;Arquitectura, Piacenza, It\u00e0lia  <\/li><li>Arquitectura Topogr\u00e0fica, Institut Aalto, H\u00e8lsinki, Finl\u00e0ndia<\/li><\/ul><p> <\/p><p><strong>2016<\/strong><\/p><ul><li>Restauraci\u00f3 arquitect\u00f2nica i urbana, Dipartimento di Architettura e Design, Politecnico di Torino. It\u00e0lia <\/li><li>L&#8217;arquitectura de la ciutat. Polit\u00e8cnic de Mil\u00e0 \u2013 Mantova Architecture. Mantova, It\u00e0lia  <\/li><li>Projectes premiats per A &amp; F. Confer\u00e8ncia d&#8217;Arquitectura del Paisatge Asi\u00e0tic, 6\u00e8 F\u00f2rum de la Cimera Yuan Ye, Nanjing, Xina <\/li><li>Urban Life and Nature, sal\u00f3 literari FOJAB, Estocolm, Su\u00e8cia<\/li><\/ul><p> <\/p><p><strong>2015<\/strong><\/p><ul><li>Aquesta vida p\u00fablica. AILA, Deakin Edge, Federation Square, Melbourne, Austr\u00e0lia <\/li><li>Transformant objectes no connectats. Confer\u00e8ncia DesignEd Asia, Facultat d&#8217;Arquitectura i Disseny, Universitat Polit\u00e8cnica de Hong Kong, Hong Kong, Xina <\/li><li>Recicle It\u00e0lia. Aula Magna Politecnico di Bari, It\u00e0lia. <\/li><li>Projectes C\u00edvics Urbans, Facultat d&#8217;Arquitectura, Disseny i Planificaci\u00f3, Universitat de Sydney, Austr\u00e0lia<\/li><li>Aigua, Topografia i Construcci\u00f3 de Ciutats. Universitat de Gloucestershire, Cheltelham, Regne Unit <\/li><\/ul><p> <\/p><p><strong>2014<\/strong><\/p><ul><li>Transformant infraestructures amb habitatges. Universitat de Sassari, Alguer, It\u00e0lia <\/li><li>Ciutats de LinkedIn. Crossing Architecture_Pugliarch. Bari, It\u00e0lia.  <\/li><li>Ciutats emmurallades metropolitanes. Reutilitza Montserrato. Universitat de C\u00e0ller \/ Universitat de Sassari. Montserrato, Sardenya, It\u00e0lia   <\/li><li>Il paisatge cubista nella citt\u00e0 mediterr\u00e0nia. Slowfood. Centri degli Ebrei, C\u00e0ller, It\u00e0lia  <\/li><li>Creant llocs que importin. Vivid Festival. Museu d&#8217;Art Contemporani, Sidney, NSW, Austr\u00e0lia  <\/li><li>F\u00f2rum de Disseny d&#8217;Inveresk. Escola d&#8217;Arquitectura i Disseny. Universitat de Tasm\u00e0nia, Launceston, Austr\u00e0lia  <\/li><li>Inventant el lloc. Cap\u00edtol de NSW de l&#8217;Institut Australi\u00e0 d&#8217;Arquitectes, Sydney, Austr\u00e0lia <\/li><li>Diagonals i quadr\u00edcules. Universitat de Canberra, Canberra, Austr\u00e0lia <\/li><li>Creant un nou districte c\u00edvic. Facultat d&#8217;Arquitectura, Disseny i Planificaci\u00f3, Sydney, Austr\u00e0lia <\/li><\/ul><p> <\/p><p><strong>2013<\/strong><\/p><ul><li>La ville, l&#8217;architecte et la politique. \u00c9cole Nationale Sup\u00e9rieure d&#8217;Architecture de La Villette, Par\u00eds, Fran\u00e7a <\/li><li>Projectes c\u00edvics urbans Arriola &amp; Fiol. Universit\u00e0 di Sassari, Alguer, It\u00e0lia <\/li><\/ul><p> <\/p><p><strong>2011<\/strong><\/p><ul><li>Arquitectura Topogr\u00e0fica. Museu Nacional d&#8217;Art Contemporani de Bucarest, Palau del Parlament, Bucarest, Romania <\/li><\/ul><ul><li>Carrers i places metropolitanes. CUIMP Consorcio Universidad Internacional Men\u00e9ndez y Pelayo \u2013 Centre Ernest Lluch, Barcelona, Spain <\/li><li>Barcelona Capital \/ Catalunya ciutat. COAC Col\u00b7legi d&#8217;Arquitectes de Catalunya, Barcelona, Spain <\/li><li>Arquitectura topogr\u00e0fica. Wurster Hall, Facultat d&#8217;Arquitectura, Universitat de Calif\u00f2rnia, Berkeley, EUA <\/li><li>Make Calgary. Escola d&#8217;Arquitectura, Facultat de Disseny Ambiental, Universitat de Calgary, Alberta, Canad\u00e0 <\/li><li>Urbanisme del Paisatge. UBC Universitat de la Col\u00fambia Brit\u00e0nica, Escola d&#8217;Arquitectura i Arquitectura del Paisatge, Vancouver, Canad\u00e0 <\/li><li>Biblioteca de l&#8217;Estat a Barcelona. COAC, Barcelona, Espanya <\/li><li>Geometria Urbana. Facolt\u00e0 di Architettura di Roma Tre, Roma, It\u00e0lia <\/li><\/ul><p> <\/p><p><strong>2010<\/strong><\/p><ul><li>Perif\u00e8ries Cubistes. ETSAV Escola T\u00e8cnica Superior d&#8217;Arquitectura de Val\u00e8ncia, Espanya <\/li><li>Treball actual Arriola &amp; Fiol. Viatge d&#8217;estudi dels millors arquitectes emergents australians. AIA Australian Institute of Architects, Barcelona, Espanya  <\/li><li>La integraci\u00f3 de Nou Barris. Aula d&#8217;Ecologia, Universitat Aut\u00f2noma de Barcelona. Biblioteca Jaume Fuster, Barcelona, Spain  <\/li><\/ul><p> <\/p><p><strong>2009<\/strong><\/p><ul><li>Arquitectura Bioclim\u00e1tica i Sostenible. H\u00e0bitat Futura. Auditori de La Pedrera, Barcelona, Spain  <\/li><li>A la vora: com redefinir els l\u00edmits de Par\u00eds? ENSP, \u00c9cole Nationale Sup\u00e9rieure de Paysage de Versailles, Par\u00eds, Fran\u00e7a <\/li><li>Anual 09 espanya \u2013 m\u00fcnster es troba amb barcelona: arriola i fiol. Escola d&#8217;Arquitectura de M\u00fcnster, M\u00fcnster, Alemanya <\/li><li>Reixes i diagonals a Barcelona i Chicago: el Pla Burnham i el Pla Jaussely. American Institute of Architects AIA, Chicago, EUA <\/li><li>Jocs Ol\u00edmpics de Barcelona. McCormick Place, Chicago, EUA <\/li><\/ul><p> <\/p><p><strong>2008<\/strong><\/p><ul><li>Torre Urrutia: Arquitectura Espa\u00f1ola Sostenible. Simposi Mundial d&#8217;Edifici Sostenible, Melbourne, Austr\u00e0lia <\/li><li>Paisatges urbans contemporanis. Festival Bloei al Parc Frankendael. Fons d&#8217;Arquitectura, Amsterdam, Pa\u00efsos Baixos  <\/li><li>Infraestructura equipada. Departament d&#8217;Arquitectura, Urbanisme i Planificaci\u00f3, KU Leuven, B\u00e8lgica <\/li><li>Barcelona perif\u00e8ria cubista. Viatge d&#8217;estudis \u00c9cole Sup\u00e9rieure Nationale du Paysage de Versailles. F\u00f2rum Nord, Barcelona, Espanya  <\/li><li>Habitatge Social i Medi Ambient. COAC, Barcelona, Espanya <\/li><\/ul><p> <\/p><p><strong>2007<\/strong><\/p><ul><li>La transformation du centre du Nou Barris. Atelier Projet Urbain: noves centralit\u00e9s, quins models? Minist\u00e8re d&#8217;Urbanisme de France\/ Ajuntament de Barcelona. Barcelona, Espanya   <\/li><li>Griglie i urbanitat. Centre Cultural Lazaretto. La transformaci\u00f3 del barri de Sant Elia a C\u00e0ller. Taller internacional Mil\u00e0 \u2013 Rotterdam \u2013 Barcelona   <\/li><li>Arquitecturas Construidas: Arriola &amp; Fiol. Fundaci\u00f3 COAM. Col\u00b7legi d&#8217;Arquitectes de Barcelona, Spain  <\/li><\/ul><p> <\/p><p><strong>2006<\/strong><\/p><ul><li>Architettura di grandi opere. Facolt\u00e0 di Ingegneria. Universit\u00e0 di Cagliari, It\u00e0lia  <\/li><li>Nous projectes a la perif\u00e8ria de Barcelona. Simposi GROW: Tend\u00e8ncies actuals en arquitectura i paisatge. Associaci\u00f3 d&#8217;Arquitectes d&#8217;\u00c0ustria. Lower Belvedere, Viena   <\/li><\/ul><p> <\/p><p><strong>2005<\/strong><\/p><ul><li>La Gran V\u00eda en el context urb\u00e0 del sector Nord \u2013 Gl\u00f2ries de Barcelona. Fundaci\u00f3 COAM, Madrid, Espanya <\/li><li>Los edificios en altura. Aula Magna Dipartimento di Architettura, Universit\u00e0 degli Studi di Cagliari, It\u00e0lia <\/li><\/ul><p> <\/p><p><strong>2004<\/strong><\/p><ul><li>Trazas, fluxos i organitzaci\u00f3 del lloc. Fundaci\u00f3 COAM. Colegio de Arquitectos de Madrid, Espanya  <\/li><li>Musica e Architettura, Paesaggi della contemporaneit\u00e0. Berchidda, Sardenya, It\u00e0lia <\/li><li>Paisatges Contemporanis Nou Barris. Col\u00b7legi d&#8217;Arquitectes de Catalunya, Demarcaci\u00f3 de Girona, Olot, Spain <\/li><\/ul><p> <\/p><p><strong>2003<\/strong><\/p><ul><li>La GranVia de Barcelona. Paisagens post-ruptura. Ordem dos Arquitectos do Norte, Porto, Portugal  <\/li><li>Proc\u00e9s i projecte, esquema d&#8217;un nou paisatge. Seminari Internacional d&#8217;Estiu Politecnico di Milano, Facolt\u00e0 di Architettura Cagliari, It\u00e0lia <\/li><\/ul><p> <\/p><p><strong>2002<\/strong><\/p><ul><li>Espais p\u00fablics equipats a Barcelona. Ordre d&#8217;Enginyers i Arquitectes, Beirut, L\u00edban <\/li><li>El significat del buit. F\u00f2rum Urban\u00edstic URBS I, Di\u00e0leg de les Universitats Europees. Palazzo Grassi, Chioggia, It\u00e0lia.  <\/li><li>Espai urb\u00e0 com l&#8217;aigua. Art contemporani a la ciutat. World Trade Center, Barcelona, Espanya  <\/li><\/ul><p> <\/p><p><strong>2001<\/strong><\/p><ul><li>Cubistscapes. Escola de Postgrau d&#8217;Arquitectura i Planificaci\u00f3. Universitat de Harvard, Massachusetts, EUA  <\/li><\/ul><p> <\/p><p><strong>2000<\/strong><\/p><ul><li>Opere i projectes. Universit\u00e0 degli Studi La Sapienza, Roma, It\u00e0lia <\/li><\/ul><p> <\/p><p><strong>1999<\/strong><\/p><ul><li>Treball recent. Art&#8217;s Center, Calgary, Canad\u00e0 <\/li><li>Pla\u00e7a de les Gl\u00f2ries: El Centre Dispers. Projecte urb\u00e0 i entorn urban\u00edstic. Col\u00b7legi d&#8217;Arquitectes de Catalunya, Barcelona, Spain  <\/li><\/ul><p> <\/p><p><strong>1998<\/strong><\/p><ul><li>Edificis i projectes. Ciutat de Melbourne, Austr\u00e0lia <\/li><\/ul><p> <\/p><p><strong>1997<\/strong><\/p><ul><li>La pla\u00e7a lloc de trobada. Instituto Espa\u00f1ol de Arquitectura. Universitat d&#8217;Alcal\u00e1 de Henares, Espanya  <\/li><li>Projectes Urbans. Associaci\u00f3 Noruega d&#8217;Arquitectes, Oslo, Noruega <\/li><li>Treball recent. Escola d&#8217;Arquitectura d&#8217;Oslo, Noruega <\/li><\/ul><p> <\/p><p><strong>1996<\/strong><\/p><ul><li>S\u00e8rie Flauta m\u00e0gica. Cicle d&#8217;Elements Urbans, Foment de les Arts Decoratives ARQ \u2013 INFAD, Barcelona, Espanya <\/li><li>Construcci\u00f3 del Paisatge Metropolit\u00e0. CCCB Centre de Cultura Contempor\u00e0nia de Barcelona, Espanya <\/li><\/ul><p> <\/p><p><strong>1995<\/strong><\/p><ul><li>Intervencions en el paisatge, \u00faltima arquitectura. Universitat de Girona, Spain <\/li><li>Treball recent. Mestre La Gran Escala. CCCB Centre de Cultura Contempor\u00e0nia de Barcelona, Espanya  <\/li><\/ul><p> <\/p><p><strong>1994<\/strong><\/p><ul><li>El Sector Esperit Sant \u2013 Molinet, nivells de planejament i projectes d&#8217;urbanitzaci\u00f3. Curs Models de Planejament, ETSAB, Barcelona, Spain <\/li><\/ul><p> <\/p><p><strong>1993<\/strong><\/p><ul><li>Art Contemporani i Disseny P\u00fablic. Simposi Internacional d&#8217;Art P\u00fablic. Universitat de Westminster i Institut d&#8217;Educaci\u00f3, Londres, Regne Unit  <\/li><li>Renovaci\u00f3 urbana a Barcelona. Art i medi ambient urb\u00e0. Ajuntament de Manchester, Manchester, Anglaterra  <\/li><\/ul><p> <\/p><p><strong>1992<\/strong><\/p><ul><li>Construir la ciutat a partir d&#8217;espais buits. Symposium The Park, Boymans van Beuningen Museum, Rotterdam, Pa\u00efsos Baixos <\/li><\/ul><p> <\/p><p><strong>1991<\/strong><\/p><ul><li>Renovaci\u00f3 urbana a Barcelona. The Landscape Institute, Londres, Anglaterra, Regne Unit <\/li><\/ul><p> <\/p><p><strong>1989<\/strong><\/p><ul><li>De la pla\u00e7a Trilla a la pla\u00e7a de les Gl\u00f2ries: la transformaci\u00f3 de la ciutat de Barcelona. B\u00e8rgam, It\u00e0lia <\/li><\/ul><p> <\/p><p><strong>1988<\/strong><\/p><ul><li>Estructura i significat de l&#8217;espai urb\u00e0: l&#8217;experi\u00e8ncia de Barcelona. Confer\u00e8ncia Internacional sobre Escultura, Trinity College, Dubl\u00edn, Irlanda <\/li><li>El Viatge d&#8217;Orient. Cicle Le Corbusier. COAC, Barcelona  <\/li><\/ul><p> <\/p><p><strong>1987<\/strong><\/p><ul><li>Le Voyage d&#8217;Orient Revisited. Escola de Postgrau d&#8217;Arquitectura, Planificaci\u00f3 i Preservaci\u00f3 GSAPP, Universitat de Columbia, Nova York, Nova York, EUA <\/li><\/ul><p> <\/p><p><strong>1983<\/strong><\/p><ul><li>Treball recent. Colegio de Arquitectos de San Sebasti\u00e1n, Spain <\/li><\/ul>\t\t\t\t\t\t\t\t<\/div>\n\t\t\t\t<\/div>\n\t\t\t\t<\/div>\n\t\t\t\t<\/div>\n\t\t\t\t<\/div>\n\t\t\t\t<\/div>\n\t\t","protected":false},"excerpt":{"rendered":"<p>Confer\u00e8ncies 2020 Setmana d&#8217;arquitectura de TBILISI. Projectes c\u00edvics urbans georgians. Universitat T\u00e8cnica. Tbilisi, Ge\u00f2rgia Paisatges cubistes. Dipartimento di Architettura. N\u00e0pols, It\u00e0lia Sydney Urban Lab: Reinventant l&#8217;espai p\u00fablic. Universitat de Nova Gal\u00b7les del Sud. Sydney, Austr\u00e0lia. Projectes Europeus UPC. Societat d&#8217;Arquitectes Espanyols, Austr\u00e0lia 2019 Influ\u00e8ncia de la Bauhaus en l&#8217;arquitectura del m\u00f3n hisp\u00e0nic. Institut Cervantes. Hamburg, [&hellip;]<\/p>\n","protected":false},"author":1,"featured_media":0,"parent":0,"menu_order":0,"comment_status":"closed","ping_status":"closed","template":"elementor_header_footer","meta":{"_acf_changed":false,"footnotes":""},"class_list":["post-5220","page","type-page","status-publish","hentry"],"acf":[],"yoast_head":"<!-- This site is optimized with the Yoast SEO plugin v27.3 - https:\/\/yoast.com\/product\/yoast-seo-wordpress\/ -->\n<title>Confer\u00e8ncies - Arriola &amp; Fiol<\/title>\n<meta name=\"description\" content=\"Confer\u00e8ncies d&#039;A&amp;F. Reflexions sobre la seva filosofia arquitect\u00f2nica, projectes innovadors i contribucions al discurs del disseny contemporani.\" \/>\n<meta name=\"robots\" content=\"index, follow, max-snippet:-1, max-image-preview:large, max-video-preview:-1\" \/>\n<link rel=\"canonical\" href=\"https:\/\/arriolafiol.com\/ca\/conferencies\/\" \/>\n<meta property=\"og:locale\" content=\"ca_ES\" \/>\n<meta property=\"og:type\" content=\"article\" \/>\n<meta property=\"og:title\" content=\"Confer\u00e8ncies - Arriola &amp; Fiol\" \/>\n<meta property=\"og:description\" content=\"Confer\u00e8ncies d&#039;A&amp;F. Reflexions sobre la seva filosofia arquitect\u00f2nica, projectes innovadors i contribucions al discurs del disseny contemporani.\" \/>\n<meta property=\"og:url\" content=\"https:\/\/arriolafiol.com\/ca\/conferencies\/\" \/>\n<meta property=\"og:site_name\" content=\"Arriola &amp; Fiol\" \/>\n<meta property=\"article:modified_time\" content=\"2025-07-15T08:24:19+00:00\" \/>\n<meta name=\"twitter:card\" content=\"summary_large_image\" \/>\n<meta name=\"twitter:label1\" content=\"Temps estimat de lectura\" \/>\n\t<meta name=\"twitter:data1\" content=\"6 minuts\" \/>\n<script type=\"application\/ld+json\" class=\"yoast-schema-graph\">{\"@context\":\"https:\\\/\\\/schema.org\",\"@graph\":[{\"@type\":\"WebPage\",\"@id\":\"https:\\\/\\\/arriolafiol.com\\\/ca\\\/conferencies\\\/\",\"url\":\"https:\\\/\\\/arriolafiol.com\\\/ca\\\/conferencies\\\/\",\"name\":\"Confer\u00e8ncies - Arriola &amp; Fiol\",\"isPartOf\":{\"@id\":\"https:\\\/\\\/arriolafiol.com\\\/ca\\\/#website\"},\"datePublished\":\"2025-05-21T14:47:19+00:00\",\"dateModified\":\"2025-07-15T08:24:19+00:00\",\"description\":\"Confer\u00e8ncies d'A&F. Reflexions sobre la seva filosofia arquitect\u00f2nica, projectes innovadors i contribucions al discurs del disseny contemporani.\",\"breadcrumb\":{\"@id\":\"https:\\\/\\\/arriolafiol.com\\\/ca\\\/conferencies\\\/#breadcrumb\"},\"inLanguage\":\"ca\",\"potentialAction\":[{\"@type\":\"ReadAction\",\"target\":[\"https:\\\/\\\/arriolafiol.com\\\/ca\\\/conferencies\\\/\"]}]},{\"@type\":\"BreadcrumbList\",\"@id\":\"https:\\\/\\\/arriolafiol.com\\\/ca\\\/conferencies\\\/#breadcrumb\",\"itemListElement\":[{\"@type\":\"ListItem\",\"position\":1,\"name\":\"Home\",\"item\":\"https:\\\/\\\/arriolafiol.com\\\/ca\\\/inici\\\/\"},{\"@type\":\"ListItem\",\"position\":2,\"name\":\"Confer\u00e8ncies\"}]},{\"@type\":\"WebSite\",\"@id\":\"https:\\\/\\\/arriolafiol.com\\\/ca\\\/#website\",\"url\":\"https:\\\/\\\/arriolafiol.com\\\/ca\\\/\",\"name\":\"Arriola &amp; Fiol\",\"description\":\"\",\"potentialAction\":[{\"@type\":\"SearchAction\",\"target\":{\"@type\":\"EntryPoint\",\"urlTemplate\":\"https:\\\/\\\/arriolafiol.com\\\/ca\\\/?s={search_term_string}\"},\"query-input\":{\"@type\":\"PropertyValueSpecification\",\"valueRequired\":true,\"valueName\":\"search_term_string\"}}],\"inLanguage\":\"ca\"}]}<\/script>\n<!-- \/ Yoast SEO plugin. -->","yoast_head_json":{"title":"Confer\u00e8ncies - Arriola &amp; Fiol","description":"Confer\u00e8ncies d'A&F. Reflexions sobre la seva filosofia arquitect\u00f2nica, projectes innovadors i contribucions al discurs del disseny contemporani.","robots":{"index":"index","follow":"follow","max-snippet":"max-snippet:-1","max-image-preview":"max-image-preview:large","max-video-preview":"max-video-preview:-1"},"canonical":"https:\/\/arriolafiol.com\/ca\/conferencies\/","og_locale":"ca_ES","og_type":"article","og_title":"Confer\u00e8ncies - Arriola &amp; Fiol","og_description":"Confer\u00e8ncies d'A&F. Reflexions sobre la seva filosofia arquitect\u00f2nica, projectes innovadors i contribucions al discurs del disseny contemporani.","og_url":"https:\/\/arriolafiol.com\/ca\/conferencies\/","og_site_name":"Arriola &amp; Fiol","article_modified_time":"2025-07-15T08:24:19+00:00","twitter_card":"summary_large_image","twitter_misc":{"Temps estimat de lectura":"6 minuts"},"schema":{"@context":"https:\/\/schema.org","@graph":[{"@type":"WebPage","@id":"https:\/\/arriolafiol.com\/ca\/conferencies\/","url":"https:\/\/arriolafiol.com\/ca\/conferencies\/","name":"Confer\u00e8ncies - Arriola &amp; Fiol","isPartOf":{"@id":"https:\/\/arriolafiol.com\/ca\/#website"},"datePublished":"2025-05-21T14:47:19+00:00","dateModified":"2025-07-15T08:24:19+00:00","description":"Confer\u00e8ncies d'A&F. Reflexions sobre la seva filosofia arquitect\u00f2nica, projectes innovadors i contribucions al discurs del disseny contemporani.","breadcrumb":{"@id":"https:\/\/arriolafiol.com\/ca\/conferencies\/#breadcrumb"},"inLanguage":"ca","potentialAction":[{"@type":"ReadAction","target":["https:\/\/arriolafiol.com\/ca\/conferencies\/"]}]},{"@type":"BreadcrumbList","@id":"https:\/\/arriolafiol.com\/ca\/conferencies\/#breadcrumb","itemListElement":[{"@type":"ListItem","position":1,"name":"Home","item":"https:\/\/arriolafiol.com\/ca\/inici\/"},{"@type":"ListItem","position":2,"name":"Confer\u00e8ncies"}]},{"@type":"WebSite","@id":"https:\/\/arriolafiol.com\/ca\/#website","url":"https:\/\/arriolafiol.com\/ca\/","name":"Arriola &amp; Fiol","description":"","potentialAction":[{"@type":"SearchAction","target":{"@type":"EntryPoint","urlTemplate":"https:\/\/arriolafiol.com\/ca\/?s={search_term_string}"},"query-input":{"@type":"PropertyValueSpecification","valueRequired":true,"valueName":"search_term_string"}}],"inLanguage":"ca"}]}},"_links":{"self":[{"href":"https:\/\/arriolafiol.com\/ca\/wp-json\/wp\/v2\/pages\/5220","targetHints":{"allow":["GET"]}}],"collection":[{"href":"https:\/\/arriolafiol.com\/ca\/wp-json\/wp\/v2\/pages"}],"about":[{"href":"https:\/\/arriolafiol.com\/ca\/wp-json\/wp\/v2\/types\/page"}],"author":[{"embeddable":true,"href":"https:\/\/arriolafiol.com\/ca\/wp-json\/wp\/v2\/users\/1"}],"replies":[{"embeddable":true,"href":"https:\/\/arriolafiol.com\/ca\/wp-json\/wp\/v2\/comments?post=5220"}],"version-history":[{"count":1,"href":"https:\/\/arriolafiol.com\/ca\/wp-json\/wp\/v2\/pages\/5220\/revisions"}],"predecessor-version":[{"id":5221,"href":"https:\/\/arriolafiol.com\/ca\/wp-json\/wp\/v2\/pages\/5220\/revisions\/5221"}],"wp:attachment":[{"href":"https:\/\/arriolafiol.com\/ca\/wp-json\/wp\/v2\/media?parent=5220"}],"curies":[{"name":"wp","href":"https:\/\/api.w.org\/{rel}","templated":true}]}}