{"id":5222,"date":"2025-05-21T14:47:01","date_gmt":"2025-05-21T14:47:01","guid":{"rendered":"https:\/\/arriolafiol.com\/revistes\/"},"modified":"2025-07-15T08:26:40","modified_gmt":"2025-07-15T08:26:40","slug":"revistes","status":"publish","type":"page","link":"https:\/\/arriolafiol.com\/ca\/revistes\/","title":{"rendered":"Revistes"},"content":{"rendered":"\t\t<div data-elementor-type=\"wp-post\" data-elementor-id=\"5222\" class=\"elementor elementor-5222 elementor-2103\" data-elementor-post-type=\"page\">\n\t\t\t\t<div class=\"elementor-element elementor-element-0122270 e-con-full e-flex e-con e-parent\" data-id=\"0122270\" data-element_type=\"container\" data-e-type=\"container\">\n\t\t<div class=\"elementor-element elementor-element-c4f4ca5 e-con-full e-flex e-con e-child\" data-id=\"c4f4ca5\" data-element_type=\"container\" data-e-type=\"container\">\n\t\t\t\t<div class=\"elementor-element elementor-element-47b0f50 elementor-widget elementor-widget-heading\" data-id=\"47b0f50\" data-element_type=\"widget\" data-e-type=\"widget\" data-widget_type=\"heading.default\">\n\t\t\t\t<div class=\"elementor-widget-container\">\n\t\t\t\t\t<h2 class=\"elementor-heading-title elementor-size-default\">Revistes<\/h2>\t\t\t\t<\/div>\n\t\t\t\t<\/div>\n\t\t\t\t<\/div>\n\t\t<div class=\"elementor-element elementor-element-37441e8 e-con-full e-flex e-con e-child\" data-id=\"37441e8\" data-element_type=\"container\" data-e-type=\"container\">\n\t\t<div class=\"elementor-element elementor-element-dca1c5b e-con-full e-flex e-con e-child\" data-id=\"dca1c5b\" data-element_type=\"container\" data-e-type=\"container\">\n\t\t\t\t<div class=\"elementor-element elementor-element-d0eee27 elementor-widget elementor-widget-text-editor\" data-id=\"d0eee27\" data-element_type=\"widget\" data-e-type=\"widget\" data-widget_type=\"text-editor.default\">\n\t\t\t\t<div class=\"elementor-widget-container\">\n\t\t\t\t\t\t\t\t\t<p><strong>2021<\/strong><\/p><ul><li>Disseny de la Ciutat. Edici\u00f3: 06\/2021, n\u00fam. 118 Editorial COMGE Editorial SL, Espanya Idioma: castell\u00e0 ISSN: 1136-9213 Projecte: Pla\u00e7a Palerm, Barcelona <\/li><li>Arquitectura Austr\u00e0lia. Projectes C\u00edvics Urbans: Carmen Fiol-Costa.  02\/2021. Editor: Josh Harris. Idioma: Angl\u00e8s <\/li><\/ul><p>   <\/p><p><strong>2020<\/strong><\/p><ul><li>Sobre el disseny 400. 40 a\u00f1os. 40 arquitectes i interioristes. 40 obres. Edici\u00f3: 12\/2020. Idioma: Castell\u00e0, Angl\u00e8s Projecte: Torre Urrutia, Barcelona     <\/li><li>Disseny de la Ciutat. Edici\u00f3: 12\/2020, n\u00fam. 116 Editorial: COMGE Editorial SL, Espanya Idioma: castell\u00e0 ISSN: 1136-9213 Projecte: Pla\u00e7a de la Infancia, Barcelona <\/li><\/ul><p>.<\/p><p><strong>2015<\/strong><\/p><ul><li>Disseny 352. Arquitectura i Restauraci\u00f3. Edici\u00f3 05\/2015. Idioma: Castell\u00e0, Angl\u00e8s. Projecte: Casa Pujalt, Barcelona    <\/li><\/ul><p><strong> <\/strong><\/p><p><strong>2014<\/strong><\/p><ul><li>Revista Specifier n\u00famero 115. Entrevista amb Carmen Fiol-Costa. Inauguraci\u00f3 de l&#8217;arquitecta resident de Droga. Australian Institute of Architects, cap\u00edtol de NSW, Austr\u00e0lia.   <\/li><\/ul><p><strong> <\/strong><\/p><p><strong>2013<\/strong><\/p><ul><li>Barcelona: Arquitectura i Disseny Autor: Sabina Marreiros, Martin Nicholas Kunz, J\u00fcrgen Forster Editorial: and guide, teNeues Publishing Kempen, Alemanya. Idioma: angl\u00e8s, alemany, franc\u00e8s, castell\u00e0 ISBN: 3-8238-4574-8 <strong> <\/strong><\/li><\/ul><p> <\/p><p><strong>2012<\/strong><\/p><ul><li>Gu\u00eda Dise\u00f1o 2003 Editor: Gerard Maristany, Biel Cadilla, Espanya Idioma: castell\u00e0, catal\u00e0, angl\u00e8s ISBN: 84-8165-345-5<\/li><\/ul><p><strong> <\/strong><\/p><p><strong>2011<\/strong><\/p><ul><li>Zeppelin. Edici\u00f3: 11\/11, n\u00fam. 99 Editorial: Ordinul Architectilor, Bucarest, Romania Idioma: angl\u00e8s, roman\u00e8s ISSN: 2069-721X Projecte: Dossier Arriola Fiol  <\/li><\/ul><p> <\/p><p><strong>2010<\/strong><\/p><ul><li>Paisatge. Edici\u00f3: 10\/10 Editorial: Paysage editore, Milano, It\u00e0lia Idioma: itali\u00e0, angl\u00e8s ISSN: 1225-0259 Projecte: Gran Via de les Corts Catalanes <\/li><li>L&#8217;Industria delle Construzioni. Edici\u00f3: Infrastrutture e Paesaggio Urbano 2, n\u00fam. 408 Editorial: Ance, It\u00e0lia Idioma: itali\u00e0 Projecte: Gran Via de les Corts Catalanes, Barcelona <\/li><\/ul><p> <\/p><p><strong>2009<\/strong><\/p><ul><li>ON Dise\u00f1o. Edici\u00f3: 30 anys, 30 obres, 30 projectes \u2013 Arquitectura espanyola al m\u00f3n, n\u00fam. 300 Editorial: ON Dise\u00f1o, Espanya Idioma: castell\u00e0, angl\u00e8s Projecte: El nou districte de Porta Maggiore, It\u00e0lia <\/li><li>ArquitecturaPlus Sostenible. Edici\u00f3: de la Arquitectura Sostenible, 05\/ 2009, n\u00fam. 12 Editorial: Grupo V\u00eda, Espanya Idioma: castell\u00e0 Projecte: Parc Central de Nou Barris, Torre Urrutia, Habitatges Innovaci\u00f3 Tecnol\u00f2gic, Barcelona, St Vicen\u00e7 dels Horts <\/li><\/ul><p> <\/p><p><strong>2008<\/strong><\/p><ul><li>\u00c0rea. Edici\u00f3: Save Energy, agost\/2008, n\u00fam. 99 Editorial: Sole 24 Ore Business Media, It\u00e0lia Idioma: itali\u00e0, angl\u00e8s ISBN: 0394-0055 Projecte: Torre Urrutia, Barcelona <\/li><li>Nou paisatge internacional. Edici\u00f3: 08\/ 2008 n\u00fam. 4 Editorial: Charles Shen, Shanghai Idioma: angl\u00e8s, xin\u00e8s ISBN: 1833-0673 Projecte: Gran Via de Llevant, Barcelona <\/li><li>Revista de disseny de jardins. Edici\u00f3: 04\/ 2008 Editorial: SGD, Gran Bretanya Idioma: Angl\u00e8s ISSN: 1356-6458 Projecte: Parc Central de Nou Barris, Pla\u00e7a Virrei Amat. Barcelona  <\/li><li>Disseny de la Ciutat. Edici\u00f3: 06\/ 2008, n\u00fam. 64 Editorial: Carlos Gonzalbo y Asociados, SL, Espanya Idioma: castell\u00e0 ISSN: 1988-5954 Projecte: Seat Boomerang, Barcelona <\/li><li>Landskap &#8211; Paisatge. Edici\u00f3: 02\/ 2008, n\u00fam. 89 Editorial: Arkitektens Forlag, Dinamarca Idioma: Dan\u00e8s, Angl\u00e8s Projecte: Gran Via de Llevant, Barcelona <\/li><li>AW \u2013 Architektur und Wohnen. Edici\u00f3: 01\/ 2008 Editorial: Jahreszeitenverlag, Alemanya Idioma: alemany ISBN: 190524-707502 Projecte: Parc Central de Nou Barris, Barcelona <\/li><li>paisatgisme. Edici\u00f3: N\u00fam. 22 Editorial: Asflor Ediciones, Espanya Idioma: Castell\u00e0 Projecte: Parc Central de Nou Barris, Barcelona <\/li><\/ul><p> <\/p><p><strong>2007<\/strong><\/p><ul><li>Landskap &#8211; Paisatge. Edici\u00f3: 08\/ 2007, n\u00fam. 88 Editorial: Arkitektens Forlag, Dinamarca Idioma: dan\u00e8s, angl\u00e8s Projecte: Parc Central de Nou Barris, Barcelona <\/li><li>Topos. Edici\u00f3: Challenges 2007, n\u00fam. 60 Editorial: Callwey Verlag M\u00fcnchen, Alemanya Idioma: angl\u00e8s, alemany Projecte: Parc Central de Nou Barris, Barcelona <\/li><\/ul><p> <\/p><p><strong>2006<\/strong><\/p><ul><li>L&#8217;Arquitectura d&#8217;Avui. Edici\u00f3: Paysages \u2013 Landscapes, 03-04\/ 2006, n\u00fam. 363 Editorial: Jean Michel Lloc Idioma: franc\u00e8s ISBN: M02576- 363 Projecte: Gran Via de Llevant, Barcelona <\/li><li>JoLA- Revista d&#8217;Arquitectura del Paisatge. Edici\u00f3: Urbanisme del Paisatge, Moviment, Vegetaci\u00f3 Espont\u00e0nia. Tardor 2006 Editorial: ECLAS, Pa\u00efsos Baixos Idioma: Angl\u00e8s T\u00edtol: El Fossar de les Moreres de Barcelona: Desenterrant l&#8217;Heterot\u00f2pic per Anne Marie Hallal  <\/li><\/ul><p> <\/p><p><strong>2005<\/strong><\/p><ul><li>\u00c0rea. Edici\u00f3: Infraestructures \u2013 Infrascape, agost\/2008, n\u00fam. 79 Editorial: Sole 24 Ore Business Media, It\u00e0lia Idioma: itali\u00e0, angl\u00e8s ISBN: 0394-0055 Projecte: Gran Via de Llevant, Barcelona <\/li><li>Topos. Edici\u00f3: Tr\u00e0nsit, n\u00fam. 53 Editorial: Callwey Verlag M\u00fcnchen, Alemanya Idioma: angl\u00e8s, alemany ISBN: 3-7667-1667-0 Projecte: Gran Via de Llevant, Barcelona <\/li><\/ul><p> <\/p><p><strong>2004<\/strong><\/p><ul><li>Arquitectura. Edici\u00f3: 09\/ 2004, n\u00fam. 27 Editorial: Q-Group Project, Romania Idioma: roman\u00e8s ISSN:1220 \u2013 3254 Projecte: Parc Central de Nou Barris, Barcelona <\/li><li>Disseny de la Ciutat. Edici\u00f3: 04\/ 2004, n\u00fam. 43 Editorial: Carlos Gonzalbo y Asociados, SL, Espanya Idioma: castell\u00e0 ISSN: 1988-5954 Projecte: Parc Central de Nou Barris, Barcelona <\/li><li>Quaderns. Edici\u00f3: 01\/ 2004, n\u00fam. 240 Editorial: Col\u2022legi d&#8217;Arquitectes de Catalunya Idioma: catal\u00e0, franc\u00e8s ISBN: 771133-884003 Projecte: Parc Central de Nou Barris, Gran Via de Llevant, Barcelona <\/li><li>Garten und Landschaft. Edici\u00f3: St\u00e4dteportraits 11\/ 2004, n\u00fam. 11 Editorial: Callwey Verlag M\u00fcnchen, Alemanya Idioma: alemany Projecte: Gran Via de Llevant, Barcelona <\/li><li>LAM &#8211; Revista d&#8217;Arquitectura del Paisatge. Edici\u00f3: 02\/2004 Editorial: Asla, EUA Idioma: Angl\u00e8s Projecte: Parc Central de Nou Barris, Barcelona <\/li><\/ul><p> <\/p><p><strong>2002<\/strong><\/p><ul><li>L&#8217;Industria delle Construzioni. Edici\u00f3: Infrastrutture e Paesaggio Urbano, n\u00fam. 367 Editorial: Ance, It\u00e0lia Idioma: itali\u00e0 Projecte: Gran Via de Llevant, Barcelona <\/li><li>AU \u2013 Arquitectura i Urbanisme. Edici\u00f3: 12\/2002, n\u00fam. 387. Editorial: The Japan Architects Co., Jap\u00f3 Editorial: The Japan Architects Co., Jap\u00f3 Idioma: angl\u00e8s, japon\u00e8s Projecte: Parc Central de Nou Barris, Barcelona  <\/li><li>Topos. Edici\u00f3: Public Open Space, 06\/ 2002, n\u00fam. 39 Editorial: Callwey Verlag M\u00fcnchen, Alemanya Idioma: angl\u00e8s, alemany Projecte: Parc Central de Nou Barris, Barcelona <\/li><li>Santa Cole. Edici\u00f3: Cultura Material, Divisi\u00f3n Urbana 2002 Editorial: Santa y Cole, Espanya Idioma: castell\u00e0, angl\u00e8s Projecte: Col\u00b7lecci\u00f3 d&#8217;Il\u00b7luminaci\u00f3 Urbana: Farola Lampagena, L\u00e1mpara Neula. Barcelona  <\/li><li>Garten und Landschaft. Edici\u00f3: Materialien 04\/ 2002, n\u00fam. 4 Editorial: Callwey Verlag M\u00fcnchen, Alemanya Idioma: alemany Projecte: Fossar de les Moreres, Barcelona <\/li><\/ul><p> <\/p><p><strong>2000<\/strong><\/p><ul><li>Nova Arquitectura. Edici\u00f3: 10\/ 2000, n\u00fam. 12 Editorial: ConArquitectura, Espanya Idioma: castell\u00e0 ISSN: 1578-0201 Projecte: Museu Les Termes Romanes, Sant Boi de Llobregat. <\/li><\/ul><p> <\/p><p><strong>1998<\/strong><\/p><ul><li>El Circo. El Paisaje Cubista en la Ciudad Mediterr\u00e1nea Edici\u00f3: El Curso de las Cosas, 1998, n\u00fam. 56 Editorial: CIRCO MRT, Espanya Idioma: Angl\u00e8s <\/li><\/ul><p> <\/p><p><strong>1996<\/strong><\/p><ul><li>Topos. Edici\u00f3: Wege \u2013 Pathways 06\/ 1996, n\u00fam. 15 Editorial: Callwey Verlag M\u00fcnchen, Alemanya Idioma: angl\u00e8s, alemany Projecte: Pla\u00e7a d&#8217;Isl\u00e0ndia, Barcelona <\/li><\/ul><p> <\/p><p><strong>1995<\/strong><\/p><ul><li>Disseny d&#8217;edificis. Article: Made to Measure Spanish Practice 09\/ 1995 Editorial: BD, EUA Idioma: Angl\u00e8s Projecte: Museu Termes Romanes, Casa Madorell, Pla\u00e7a d&#8217;Isl\u00e0ndia, El Mercadal. Barcelona, Girona  <\/li><\/ul><p> <\/p><p><strong>1994<\/strong><\/p><ul><li>Archit\u00e9chti -Revista de Arquitectura e Arquitectura Paisagista. Edici\u00f3: 12- 02\/ 1994 -1995, n\u00fam. 27. Pr\u00e9mio Archit\u00e9cti- Centro Cultural de B\u00e9lem Editorial: Trif\u00f3rio Archit\u00e9cti, Brasil Idioma: brasiler, angl\u00e8s ISBN: 5-601073-003711 Projecte: Pla\u00e7a d&#8217;Isl\u00e0ndia, Barcelona  <\/li><\/ul><p> <\/p><p><strong>1993<\/strong><\/p><ul><li>Topos. Edici\u00f3: St\u00e4dtische Freir\u00e4ume \u2013 Urban Open Space, 12\/ 1993, n\u00fam. 5 Editorial: Callwey Verlag M\u00fcnchen, Alemanya Idioma: angl\u00e8s, alemany Projecte: Parc del Molinet, Jard\u00ed Carrer Madrid, Pla\u00e7a de les Gl\u00f2ries. Barcelona  <\/li><li>DB \u2013 Deutsche Bauzeitung. Edici\u00f3: 06\/ 1993 Editorial: Deutsche Verlags- Anstalt, Alemanya Idioma: alemany ISSN: 0721- 1902 Projecte: Pla\u00e7a de les Gl\u00f2ries, Barcelona <\/li><li>Beschreven Leegte. Edici\u00f3: Workshop Barcelona Editorial: Uitgeverij 010, Academie van Bouwkunst Rotterdam, Holanda Idioma: Holand\u00e8s ISBN: 90-6450-184-x Projecte: Pla\u00e7a de les Gl\u00f2ries Catalanes, Jardi al Carrer Madrid, Barcelona <\/li><\/ul><p> <\/p><p><strong>1992<\/strong><\/p><ul><li>Landskab. Edici\u00f3: 02\/ 1992 Editorial: Arkitektens Forlag, Dinamarca Idioma: Dan\u00e8s Projecte: Fossar de les Moreres, Barcelona <\/li><li>Arkkitehti &#8211; The Finnish Architectural Review. Edici\u00f3: 02\/ 1992 Editorial: SAFA \u2013 Associaci\u00f3 Finlandesa d&#8217;Arquitectes, Finl\u00e0ndia Idioma: fin\u00e8s, angl\u00e8s Projectes: Parc de l&#8217;Escorxador, Fossar de les Moreres, Parc de l&#8217;Estaci\u00f3 del Nord. Barcelona  <\/li><\/ul><p> <\/p><p><strong>1991<\/strong><\/p><ul><li>Construcci\u00f3 Nikkei. Edici\u00f3: 7-12\/ 1991, n\u00fam. 43 Editorial: Nikkei Business Publications, Inc., Jap\u00f3 Idioma: Japon\u00e8s Projecte: Parc de l&#8217;Estaci\u00f3 del Nord, Barcelona <\/li><li>AU \u2013 Arredo Urbano. Edici\u00f3: La Ciutat Ol\u00edmpica \u2013 Barcelona 1992, n\u00fam. 44 Editorial: Instituto Nazionale dell&#8217; Arredo Urbano, It\u00e0lia Idioma: itali\u00e0 ISSN: 0394- 5944 Projecte: Pla\u00e7a de les Gl\u00f2ries, Parc de l&#8217;Estaci\u00f3 del Nord. Barcelona  <\/li><li>AU \u2013 Arredo Urbano. Edici\u00f3: Parcs i Ciutat 1992, n\u00fam. 45 Editorial: Instituto Nazionale dell&#8217; Arredo Urbano, It\u00e0lia Idioma: itali\u00e0 ISSN: 0394- 5944 Projecte: Parc de l&#8217; Estaci\u00f3 del Nord, Parc del Molinet, Fossar de les Moreres, Jard\u00ed de les Corts. Barcelona, Santa Coloma de Gramenet  <\/li><\/ul><p> <\/p><p><strong>1990<\/strong><\/p><ul><li>Arquitectura \u2013 Revista del Colegio Oficial de Arquitectos de Madrid. Edici\u00f3: 07\/1990, n\u00fam. 285 Editorial: COAM, Espanya Idioma: castell\u00e0 Projecte: Parc de l&#8217;Estaci\u00f3 del Nord, Jard\u00ed de la Torre de les Aig\u00fces, Fossar de les Moreres, Parc del Molinet. Barcelona  <\/li><\/ul><p> <\/p><p><strong>1989<\/strong><\/p><ul><li>ON Disseny. Edici\u00f3: Premios FAD de Arquitectura e Interiorismo, n\u00fam. 114 Editorial: ON Dise\u00f1o, Espanya Idioma: castell\u00e0, angl\u00e8s Projecte: Fossar de les Moreres, Barcelona <\/li><\/ul><p> <\/p><p><strong>1988<\/strong><\/p><ul><li>Ricochet. Edici\u00f3: Beautifying Barcelona, primavera 1988 Editorial: Atlantic Transfer Publications, Inc., EUA Idioma: angl\u00e8s ISBN: 73361-64887 T\u00edtol: M\u00e9s que Mai de Carme Fiol i Andreu Arriola <\/li><\/ul><p> <\/p><p><strong>1987<\/strong><\/p><ul><li>Edici\u00f3: 03\/1987, n\u00fam. 257 Idioma: Catal\u00e0 T\u00edtol: En el centenari de Le Corbusier: Le Voyage d&#8217;Orient revisitat, de Carme Fiol i Andreu Arriola<\/li><\/ul><p> <\/p><p><strong>1983<\/strong><\/p><ul><li>Skyline \u2013 The Architecture and Design Review. Edici\u00f3: 02\/1983, Nova York Editorial: The Institute for Architecture and Urban Studies, EUA Idioma: Angl\u00e8s Projecte: Parc de la Villette, Par\u00eds <\/li><\/ul>\t\t\t\t\t\t\t\t<\/div>\n\t\t\t\t<\/div>\n\t\t\t\t<\/div>\n\t\t\t\t<\/div>\n\t\t\t\t<\/div>\n\t\t\t\t<\/div>\n\t\t","protected":false},"excerpt":{"rendered":"<p>Revistes 2021 Disseny de la Ciutat. Edici\u00f3: 06\/2021, n\u00fam. 118 Editorial COMGE Editorial SL, Espanya Idioma: castell\u00e0 ISSN: 1136-9213 Projecte: Pla\u00e7a Palerm, Barcelona Arquitectura Austr\u00e0lia. Projectes C\u00edvics Urbans: Carmen Fiol-Costa. 02\/2021. Editor: Josh Harris. Idioma: Angl\u00e8s 2020 Sobre el disseny 400. 40 a\u00f1os. 40 arquitectes i interioristes. 40 obres. Edici\u00f3: 12\/2020. Idioma: Castell\u00e0, Angl\u00e8s Projecte: [&hellip;]<\/p>\n","protected":false},"author":1,"featured_media":0,"parent":0,"menu_order":0,"comment_status":"closed","ping_status":"closed","template":"elementor_header_footer","meta":{"_acf_changed":false,"footnotes":""},"class_list":["post-5222","page","type-page","status-publish","hentry"],"acf":[],"yoast_head":"<!-- This site is optimized with the Yoast SEO plugin v27.3 - https:\/\/yoast.com\/product\/yoast-seo-wordpress\/ -->\n<title>Revistes - Arriola &amp; Fiol<\/title>\n<meta name=\"description\" content=\"Presentada a les principals revistes d&#039;arquitectura, l&#039;obra d&#039;A&amp;F representa la innovaci\u00f3 en el disseny de Barcelona a trav\u00e9s de solucions intu\u00eftives i respectuoses amb els materials.\" \/>\n<meta name=\"robots\" content=\"index, follow, max-snippet:-1, max-image-preview:large, max-video-preview:-1\" \/>\n<link rel=\"canonical\" href=\"https:\/\/arriolafiol.com\/ca\/revistes\/\" \/>\n<meta property=\"og:locale\" content=\"ca_ES\" \/>\n<meta property=\"og:type\" content=\"article\" \/>\n<meta property=\"og:title\" content=\"Revistes - Arriola &amp; Fiol\" \/>\n<meta property=\"og:description\" content=\"Presentada a les principals revistes d&#039;arquitectura, l&#039;obra d&#039;A&amp;F representa la innovaci\u00f3 en el disseny de Barcelona a trav\u00e9s de solucions intu\u00eftives i respectuoses amb els materials.\" \/>\n<meta property=\"og:url\" content=\"https:\/\/arriolafiol.com\/ca\/revistes\/\" \/>\n<meta property=\"og:site_name\" content=\"Arriola &amp; Fiol\" \/>\n<meta property=\"article:modified_time\" content=\"2025-07-15T08:26:40+00:00\" \/>\n<meta name=\"twitter:card\" content=\"summary_large_image\" \/>\n<meta name=\"twitter:label1\" content=\"Temps estimat de lectura\" \/>\n\t<meta name=\"twitter:data1\" content=\"7 minuts\" \/>\n<script type=\"application\/ld+json\" class=\"yoast-schema-graph\">{\"@context\":\"https:\\\/\\\/schema.org\",\"@graph\":[{\"@type\":\"WebPage\",\"@id\":\"https:\\\/\\\/arriolafiol.com\\\/ca\\\/revistes\\\/\",\"url\":\"https:\\\/\\\/arriolafiol.com\\\/ca\\\/revistes\\\/\",\"name\":\"Revistes - Arriola &amp; Fiol\",\"isPartOf\":{\"@id\":\"https:\\\/\\\/arriolafiol.com\\\/ca\\\/#website\"},\"datePublished\":\"2025-05-21T14:47:01+00:00\",\"dateModified\":\"2025-07-15T08:26:40+00:00\",\"description\":\"Presentada a les principals revistes d'arquitectura, l'obra d'A&F representa la innovaci\u00f3 en el disseny de Barcelona a trav\u00e9s de solucions intu\u00eftives i respectuoses amb els materials.\",\"breadcrumb\":{\"@id\":\"https:\\\/\\\/arriolafiol.com\\\/ca\\\/revistes\\\/#breadcrumb\"},\"inLanguage\":\"ca\",\"potentialAction\":[{\"@type\":\"ReadAction\",\"target\":[\"https:\\\/\\\/arriolafiol.com\\\/ca\\\/revistes\\\/\"]}]},{\"@type\":\"BreadcrumbList\",\"@id\":\"https:\\\/\\\/arriolafiol.com\\\/ca\\\/revistes\\\/#breadcrumb\",\"itemListElement\":[{\"@type\":\"ListItem\",\"position\":1,\"name\":\"Home\",\"item\":\"https:\\\/\\\/arriolafiol.com\\\/ca\\\/inici\\\/\"},{\"@type\":\"ListItem\",\"position\":2,\"name\":\"Revistes\"}]},{\"@type\":\"WebSite\",\"@id\":\"https:\\\/\\\/arriolafiol.com\\\/ca\\\/#website\",\"url\":\"https:\\\/\\\/arriolafiol.com\\\/ca\\\/\",\"name\":\"Arriola &amp; Fiol\",\"description\":\"\",\"potentialAction\":[{\"@type\":\"SearchAction\",\"target\":{\"@type\":\"EntryPoint\",\"urlTemplate\":\"https:\\\/\\\/arriolafiol.com\\\/ca\\\/?s={search_term_string}\"},\"query-input\":{\"@type\":\"PropertyValueSpecification\",\"valueRequired\":true,\"valueName\":\"search_term_string\"}}],\"inLanguage\":\"ca\"}]}<\/script>\n<!-- \/ Yoast SEO plugin. -->","yoast_head_json":{"title":"Revistes - Arriola &amp; Fiol","description":"Presentada a les principals revistes d'arquitectura, l'obra d'A&F representa la innovaci\u00f3 en el disseny de Barcelona a trav\u00e9s de solucions intu\u00eftives i respectuoses amb els materials.","robots":{"index":"index","follow":"follow","max-snippet":"max-snippet:-1","max-image-preview":"max-image-preview:large","max-video-preview":"max-video-preview:-1"},"canonical":"https:\/\/arriolafiol.com\/ca\/revistes\/","og_locale":"ca_ES","og_type":"article","og_title":"Revistes - Arriola &amp; Fiol","og_description":"Presentada a les principals revistes d'arquitectura, l'obra d'A&F representa la innovaci\u00f3 en el disseny de Barcelona a trav\u00e9s de solucions intu\u00eftives i respectuoses amb els materials.","og_url":"https:\/\/arriolafiol.com\/ca\/revistes\/","og_site_name":"Arriola &amp; Fiol","article_modified_time":"2025-07-15T08:26:40+00:00","twitter_card":"summary_large_image","twitter_misc":{"Temps estimat de lectura":"7 minuts"},"schema":{"@context":"https:\/\/schema.org","@graph":[{"@type":"WebPage","@id":"https:\/\/arriolafiol.com\/ca\/revistes\/","url":"https:\/\/arriolafiol.com\/ca\/revistes\/","name":"Revistes - Arriola &amp; Fiol","isPartOf":{"@id":"https:\/\/arriolafiol.com\/ca\/#website"},"datePublished":"2025-05-21T14:47:01+00:00","dateModified":"2025-07-15T08:26:40+00:00","description":"Presentada a les principals revistes d'arquitectura, l'obra d'A&F representa la innovaci\u00f3 en el disseny de Barcelona a trav\u00e9s de solucions intu\u00eftives i respectuoses amb els materials.","breadcrumb":{"@id":"https:\/\/arriolafiol.com\/ca\/revistes\/#breadcrumb"},"inLanguage":"ca","potentialAction":[{"@type":"ReadAction","target":["https:\/\/arriolafiol.com\/ca\/revistes\/"]}]},{"@type":"BreadcrumbList","@id":"https:\/\/arriolafiol.com\/ca\/revistes\/#breadcrumb","itemListElement":[{"@type":"ListItem","position":1,"name":"Home","item":"https:\/\/arriolafiol.com\/ca\/inici\/"},{"@type":"ListItem","position":2,"name":"Revistes"}]},{"@type":"WebSite","@id":"https:\/\/arriolafiol.com\/ca\/#website","url":"https:\/\/arriolafiol.com\/ca\/","name":"Arriola &amp; Fiol","description":"","potentialAction":[{"@type":"SearchAction","target":{"@type":"EntryPoint","urlTemplate":"https:\/\/arriolafiol.com\/ca\/?s={search_term_string}"},"query-input":{"@type":"PropertyValueSpecification","valueRequired":true,"valueName":"search_term_string"}}],"inLanguage":"ca"}]}},"_links":{"self":[{"href":"https:\/\/arriolafiol.com\/ca\/wp-json\/wp\/v2\/pages\/5222","targetHints":{"allow":["GET"]}}],"collection":[{"href":"https:\/\/arriolafiol.com\/ca\/wp-json\/wp\/v2\/pages"}],"about":[{"href":"https:\/\/arriolafiol.com\/ca\/wp-json\/wp\/v2\/types\/page"}],"author":[{"embeddable":true,"href":"https:\/\/arriolafiol.com\/ca\/wp-json\/wp\/v2\/users\/1"}],"replies":[{"embeddable":true,"href":"https:\/\/arriolafiol.com\/ca\/wp-json\/wp\/v2\/comments?post=5222"}],"version-history":[{"count":1,"href":"https:\/\/arriolafiol.com\/ca\/wp-json\/wp\/v2\/pages\/5222\/revisions"}],"predecessor-version":[{"id":5223,"href":"https:\/\/arriolafiol.com\/ca\/wp-json\/wp\/v2\/pages\/5222\/revisions\/5223"}],"wp:attachment":[{"href":"https:\/\/arriolafiol.com\/ca\/wp-json\/wp\/v2\/media?parent=5222"}],"curies":[{"name":"wp","href":"https:\/\/api.w.org\/{rel}","templated":true}]}}